{"id":36034,"date":"2023-03-10T11:40:22","date_gmt":"2023-03-10T09:40:22","guid":{"rendered":"https:\/\/elainnovation.com\/product\/blauer-anchor-idf32456-02a\/"},"modified":"2025-10-29T10:56:45","modified_gmt":"2025-10-29T08:56:45","slug":"blauer-anchor-idf32456-02a","status":"publish","type":"product","link":"https:\/\/elainnovation.com\/de\/produkt\/blauer-anchor-idf32456-02a\/","title":{"rendered":"Blue ANCHOR (IDF32456-02A)"},"content":{"rendered":"<p>Der Blue ANCHOR ist f\u00fcr den Einsatz in rauen Industrieumgebungen geeignet und verbindet Robustheit, Kompaktheit und Langlebigkeit. Er kann an Ger\u00e4ten angebracht werden und als Tracker dienen oder als station\u00e4res Ortungsger\u00e4t fungieren. Dieser identifizierende Anker l\u00e4sst sich leicht in die von WIREPAS entwickelte Mesh-Netzwerkinfrastruktur integrieren, die am einfachsten zu installieren und am wettbewerbsf\u00e4higsten auf dem Markt ist.<\/p>\n<p><span style=\"color: red;\">NB: Die Verwendung eines NFC-Leseger\u00e4ts f\u00fcr den PC ist erforderlich <a href=\"https:\/\/elainnovation.com\/de\/?attachment_id=38546\">&gt;&gt;Klicken Sie hier&lt;&lt;<\/a>, um es in Ihren Warenkorb zu legen.<\/span><\/p>\n","protected":false},"excerpt":{"rendered":"<p>Wirepas Lokalisierungsanker<\/p>\n","protected":false},"featured_media":22829,"template":"","meta":{"_acf_changed":false,"inline_featured_image":false},"product_brand":[],"product_cat":[288],"product_tag":[],"class_list":{"0":"post-36034","1":"product","2":"type-product","3":"status-publish","4":"has-post-thumbnail","6":"product_cat-uncategorized-de","8":"first","9":"instock","10":"taxable","11":"shipping-taxable","12":"purchasable","13":"product-type-simple"},"acf":[],"yoast_head":"<!-- This site is optimized with the Yoast SEO plugin v27.3 - https:\/\/yoast.com\/product\/yoast-seo-wordpress\/ -->\n<title>Blue ANCHOR (IDF32456-02A) - Kaufen Sie diesen Lokalisierungsanker<\/title>\n<meta name=\"description\" content=\"Ultrakompakter Ortungsanker mit Wirepas MESH-Technologie. Einfach zu installieren. Bis zu 20 Jahre Betriebszeit. Indoor-Ortung.\" \/>\n<meta name=\"robots\" content=\"index, follow, max-snippet:-1, max-image-preview:large, max-video-preview:-1\" \/>\n<link rel=\"canonical\" href=\"https:\/\/elainnovation.com\/de\/produkt\/blauer-anchor-idf32456-02a\/\" \/>\n<meta property=\"og:locale\" content=\"de_DE\" \/>\n<meta property=\"og:type\" content=\"article\" \/>\n<meta property=\"og:title\" content=\"Blue ANCHOR (IDF32456-02A) - Kaufen Sie diesen Lokalisierungsanker\" \/>\n<meta property=\"og:description\" content=\"Ultrakompakter Ortungsanker mit Wirepas MESH-Technologie. Einfach zu installieren. Bis zu 20 Jahre Betriebszeit. Indoor-Ortung.\" \/>\n<meta property=\"og:url\" content=\"https:\/\/elainnovation.com\/de\/produkt\/blauer-anchor-idf32456-02a\/\" \/>\n<meta property=\"og:site_name\" content=\"ELA Innovation\" \/>\n<meta property=\"article:publisher\" content=\"https:\/\/www.facebook.com\/ELA-Innovation-489302644542142\/\" \/>\n<meta property=\"article:modified_time\" content=\"2025-10-29T08:56:45+00:00\" \/>\n<meta property=\"og:image\" content=\"https:\/\/elainnovation.com\/wp-content\/uploads\/2023\/03\/Eshop-Blue-ANCHOR_Ombre-1.jpg\" \/>\n\t<meta property=\"og:image:width\" content=\"600\" \/>\n\t<meta property=\"og:image:height\" content=\"300\" \/>\n\t<meta property=\"og:image:type\" content=\"image\/jpeg\" \/>\n<meta name=\"twitter:card\" content=\"summary_large_image\" \/>\n<meta name=\"twitter:site\" content=\"@ElaInnovation\" \/>\n<meta name=\"twitter:label1\" content=\"Gesch\u00e4tzte Lesezeit\" \/>\n\t<meta name=\"twitter:data1\" content=\"1\u00a0Minute\" \/>\n<script type=\"application\/ld+json\" class=\"yoast-schema-graph\">{\"@context\":\"https:\\\/\\\/schema.org\",\"@graph\":[{\"@type\":\"WebPage\",\"@id\":\"https:\\\/\\\/elainnovation.com\\\/de\\\/produkt\\\/blauer-anchor-idf32456-02a\\\/\",\"url\":\"https:\\\/\\\/elainnovation.com\\\/de\\\/produkt\\\/blauer-anchor-idf32456-02a\\\/\",\"name\":\"Blue ANCHOR (IDF32456-02A) - Kaufen Sie diesen Lokalisierungsanker\",\"isPartOf\":{\"@id\":\"https:\\\/\\\/elainnovation.com\\\/de\\\/#website\"},\"primaryImageOfPage\":{\"@id\":\"https:\\\/\\\/elainnovation.com\\\/de\\\/produkt\\\/blauer-anchor-idf32456-02a\\\/#primaryimage\"},\"image\":{\"@id\":\"https:\\\/\\\/elainnovation.com\\\/de\\\/produkt\\\/blauer-anchor-idf32456-02a\\\/#primaryimage\"},\"thumbnailUrl\":\"https:\\\/\\\/elainnovation.com\\\/wp-content\\\/uploads\\\/2023\\\/03\\\/Eshop-Blue-ANCHOR_Ombre-1.jpg\",\"datePublished\":\"2023-03-10T09:40:22+00:00\",\"dateModified\":\"2025-10-29T08:56:45+00:00\",\"description\":\"Ultrakompakter Ortungsanker mit Wirepas MESH-Technologie. Einfach zu installieren. Bis zu 20 Jahre Betriebszeit. Indoor-Ortung.\",\"breadcrumb\":{\"@id\":\"https:\\\/\\\/elainnovation.com\\\/de\\\/produkt\\\/blauer-anchor-idf32456-02a\\\/#breadcrumb\"},\"inLanguage\":\"de\",\"potentialAction\":[{\"@type\":\"ReadAction\",\"target\":[\"https:\\\/\\\/elainnovation.com\\\/de\\\/produkt\\\/blauer-anchor-idf32456-02a\\\/\"]}]},{\"@type\":\"ImageObject\",\"inLanguage\":\"de\",\"@id\":\"https:\\\/\\\/elainnovation.com\\\/de\\\/produkt\\\/blauer-anchor-idf32456-02a\\\/#primaryimage\",\"url\":\"https:\\\/\\\/elainnovation.com\\\/wp-content\\\/uploads\\\/2023\\\/03\\\/Eshop-Blue-ANCHOR_Ombre-1.jpg\",\"contentUrl\":\"https:\\\/\\\/elainnovation.com\\\/wp-content\\\/uploads\\\/2023\\\/03\\\/Eshop-Blue-ANCHOR_Ombre-1.jpg\",\"width\":600,\"height\":300,\"caption\":\"Blue ANCHOR\"},{\"@type\":\"BreadcrumbList\",\"@id\":\"https:\\\/\\\/elainnovation.com\\\/de\\\/produkt\\\/blauer-anchor-idf32456-02a\\\/#breadcrumb\",\"itemListElement\":[{\"@type\":\"ListItem\",\"position\":1,\"name\":\"Home\",\"item\":\"https:\\\/\\\/elainnovation.com\\\/de\\\/\"},{\"@type\":\"ListItem\",\"position\":2,\"name\":\"Shop\",\"item\":\"https:\\\/\\\/elainnovation.com\\\/shop\\\/\"},{\"@type\":\"ListItem\",\"position\":3,\"name\":\"Blue ANCHOR (IDF32456-02A)\"}]},{\"@type\":\"WebSite\",\"@id\":\"https:\\\/\\\/elainnovation.com\\\/de\\\/#website\",\"url\":\"https:\\\/\\\/elainnovation.com\\\/de\\\/\",\"name\":\"ELA Innovation\",\"description\":\"\",\"publisher\":{\"@id\":\"https:\\\/\\\/elainnovation.com\\\/de\\\/#organization\"},\"potentialAction\":[{\"@type\":\"SearchAction\",\"target\":{\"@type\":\"EntryPoint\",\"urlTemplate\":\"https:\\\/\\\/elainnovation.com\\\/de\\\/?s={search_term_string}\"},\"query-input\":{\"@type\":\"PropertyValueSpecification\",\"valueRequired\":true,\"valueName\":\"search_term_string\"}}],\"inLanguage\":\"de\"},{\"@type\":\"Organization\",\"@id\":\"https:\\\/\\\/elainnovation.com\\\/de\\\/#organization\",\"name\":\"ELA Innovation\",\"url\":\"https:\\\/\\\/elainnovation.com\\\/de\\\/\",\"logo\":{\"@type\":\"ImageObject\",\"inLanguage\":\"de\",\"@id\":\"https:\\\/\\\/elainnovation.com\\\/de\\\/#\\\/schema\\\/logo\\\/image\\\/\",\"url\":\"https:\\\/\\\/elainnovation.com\\\/wp-content\\\/uploads\\\/2020\\\/07\\\/LOGO-Ela-Innovation.png\",\"contentUrl\":\"https:\\\/\\\/elainnovation.com\\\/wp-content\\\/uploads\\\/2020\\\/07\\\/LOGO-Ela-Innovation.png\",\"width\":436,\"height\":240,\"caption\":\"ELA Innovation\"},\"image\":{\"@id\":\"https:\\\/\\\/elainnovation.com\\\/de\\\/#\\\/schema\\\/logo\\\/image\\\/\"},\"sameAs\":[\"https:\\\/\\\/www.facebook.com\\\/ELA-Innovation-489302644542142\\\/\",\"https:\\\/\\\/x.com\\\/ElaInnovation\",\"https:\\\/\\\/www.linkedin.com\\\/company\\\/elainnovation\\\/\"]}]}<\/script>\n<!-- \/ Yoast SEO plugin. -->","yoast_head_json":{"title":"Blue ANCHOR (IDF32456-02A) - Kaufen Sie diesen Lokalisierungsanker","description":"Ultrakompakter Ortungsanker mit Wirepas MESH-Technologie. Einfach zu installieren. Bis zu 20 Jahre Betriebszeit. Indoor-Ortung.","robots":{"index":"index","follow":"follow","max-snippet":"max-snippet:-1","max-image-preview":"max-image-preview:large","max-video-preview":"max-video-preview:-1"},"canonical":"https:\/\/elainnovation.com\/de\/produkt\/blauer-anchor-idf32456-02a\/","og_locale":"de_DE","og_type":"article","og_title":"Blue ANCHOR (IDF32456-02A) - Kaufen Sie diesen Lokalisierungsanker","og_description":"Ultrakompakter Ortungsanker mit Wirepas MESH-Technologie. Einfach zu installieren. Bis zu 20 Jahre Betriebszeit. Indoor-Ortung.","og_url":"https:\/\/elainnovation.com\/de\/produkt\/blauer-anchor-idf32456-02a\/","og_site_name":"ELA Innovation","article_publisher":"https:\/\/www.facebook.com\/ELA-Innovation-489302644542142\/","article_modified_time":"2025-10-29T08:56:45+00:00","og_image":[{"width":600,"height":300,"url":"https:\/\/elainnovation.com\/wp-content\/uploads\/2023\/03\/Eshop-Blue-ANCHOR_Ombre-1.jpg","type":"image\/jpeg"}],"twitter_card":"summary_large_image","twitter_site":"@ElaInnovation","twitter_misc":{"Gesch\u00e4tzte Lesezeit":"1\u00a0Minute"},"schema":{"@context":"https:\/\/schema.org","@graph":[{"@type":"WebPage","@id":"https:\/\/elainnovation.com\/de\/produkt\/blauer-anchor-idf32456-02a\/","url":"https:\/\/elainnovation.com\/de\/produkt\/blauer-anchor-idf32456-02a\/","name":"Blue ANCHOR (IDF32456-02A) - Kaufen Sie diesen Lokalisierungsanker","isPartOf":{"@id":"https:\/\/elainnovation.com\/de\/#website"},"primaryImageOfPage":{"@id":"https:\/\/elainnovation.com\/de\/produkt\/blauer-anchor-idf32456-02a\/#primaryimage"},"image":{"@id":"https:\/\/elainnovation.com\/de\/produkt\/blauer-anchor-idf32456-02a\/#primaryimage"},"thumbnailUrl":"https:\/\/elainnovation.com\/wp-content\/uploads\/2023\/03\/Eshop-Blue-ANCHOR_Ombre-1.jpg","datePublished":"2023-03-10T09:40:22+00:00","dateModified":"2025-10-29T08:56:45+00:00","description":"Ultrakompakter Ortungsanker mit Wirepas MESH-Technologie. Einfach zu installieren. Bis zu 20 Jahre Betriebszeit. Indoor-Ortung.","breadcrumb":{"@id":"https:\/\/elainnovation.com\/de\/produkt\/blauer-anchor-idf32456-02a\/#breadcrumb"},"inLanguage":"de","potentialAction":[{"@type":"ReadAction","target":["https:\/\/elainnovation.com\/de\/produkt\/blauer-anchor-idf32456-02a\/"]}]},{"@type":"ImageObject","inLanguage":"de","@id":"https:\/\/elainnovation.com\/de\/produkt\/blauer-anchor-idf32456-02a\/#primaryimage","url":"https:\/\/elainnovation.com\/wp-content\/uploads\/2023\/03\/Eshop-Blue-ANCHOR_Ombre-1.jpg","contentUrl":"https:\/\/elainnovation.com\/wp-content\/uploads\/2023\/03\/Eshop-Blue-ANCHOR_Ombre-1.jpg","width":600,"height":300,"caption":"Blue ANCHOR"},{"@type":"BreadcrumbList","@id":"https:\/\/elainnovation.com\/de\/produkt\/blauer-anchor-idf32456-02a\/#breadcrumb","itemListElement":[{"@type":"ListItem","position":1,"name":"Home","item":"https:\/\/elainnovation.com\/de\/"},{"@type":"ListItem","position":2,"name":"Shop","item":"https:\/\/elainnovation.com\/shop\/"},{"@type":"ListItem","position":3,"name":"Blue ANCHOR (IDF32456-02A)"}]},{"@type":"WebSite","@id":"https:\/\/elainnovation.com\/de\/#website","url":"https:\/\/elainnovation.com\/de\/","name":"ELA Innovation","description":"","publisher":{"@id":"https:\/\/elainnovation.com\/de\/#organization"},"potentialAction":[{"@type":"SearchAction","target":{"@type":"EntryPoint","urlTemplate":"https:\/\/elainnovation.com\/de\/?s={search_term_string}"},"query-input":{"@type":"PropertyValueSpecification","valueRequired":true,"valueName":"search_term_string"}}],"inLanguage":"de"},{"@type":"Organization","@id":"https:\/\/elainnovation.com\/de\/#organization","name":"ELA Innovation","url":"https:\/\/elainnovation.com\/de\/","logo":{"@type":"ImageObject","inLanguage":"de","@id":"https:\/\/elainnovation.com\/de\/#\/schema\/logo\/image\/","url":"https:\/\/elainnovation.com\/wp-content\/uploads\/2020\/07\/LOGO-Ela-Innovation.png","contentUrl":"https:\/\/elainnovation.com\/wp-content\/uploads\/2020\/07\/LOGO-Ela-Innovation.png","width":436,"height":240,"caption":"ELA Innovation"},"image":{"@id":"https:\/\/elainnovation.com\/de\/#\/schema\/logo\/image\/"},"sameAs":["https:\/\/www.facebook.com\/ELA-Innovation-489302644542142\/","https:\/\/x.com\/ElaInnovation","https:\/\/www.linkedin.com\/company\/elainnovation\/"]}]}},"_links":{"self":[{"href":"https:\/\/elainnovation.com\/de\/wp-json\/wp\/v2\/product\/36034","targetHints":{"allow":["GET"]}}],"collection":[{"href":"https:\/\/elainnovation.com\/de\/wp-json\/wp\/v2\/product"}],"about":[{"href":"https:\/\/elainnovation.com\/de\/wp-json\/wp\/v2\/types\/product"}],"wp:featuredmedia":[{"embeddable":true,"href":"https:\/\/elainnovation.com\/de\/wp-json\/wp\/v2\/media\/22829"}],"wp:attachment":[{"href":"https:\/\/elainnovation.com\/de\/wp-json\/wp\/v2\/media?parent=36034"}],"wp:term":[{"taxonomy":"product_brand","embeddable":true,"href":"https:\/\/elainnovation.com\/de\/wp-json\/wp\/v2\/product_brand?post=36034"},{"taxonomy":"product_cat","embeddable":true,"href":"https:\/\/elainnovation.com\/de\/wp-json\/wp\/v2\/product_cat?post=36034"},{"taxonomy":"product_tag","embeddable":true,"href":"https:\/\/elainnovation.com\/de\/wp-json\/wp\/v2\/product_tag?post=36034"}],"curies":[{"name":"wp","href":"https:\/\/api.w.org\/{rel}","templated":true}]}}