{"id":36042,"date":"2023-03-09T17:58:27","date_gmt":"2025-04-22T10:12:41","guid":{"rendered":"https:\/\/elainnovation.com\/product\/blue-puck-rht-mesh-idf25442-03a\/"},"modified":"2025-04-22T12:12:41","modified_gmt":"2025-04-22T10:12:41","slug":"blue-puck-rht-mesh-idf25442-03a","status":"publish","type":"product","link":"https:\/\/elainnovation.com\/de\/produkt\/blue-puck-rht-mesh-idf25442-03a\/","title":{"rendered":"Blue PUCK RHT MESH (IDF25442-03A)"},"content":{"rendered":"<p>Der Blue PUCK RHT MESH ist ein wasserdichter und robuster Temperatur- und Feuchtigkeitssensor mit Wirepas Mesh-Technologie. Der Sensor ist 100% autonom und eignet sich f\u00fcr Industrieumgebungen, in denen Smart Building, Lager- und K\u00fchlr\u00e4ume eine Rolle spielen. Der Blue PUCK RHT Mesh dient sowohl als drahtloser Sensor als auch als Mesh-Netzwerkknoten.  <\/p>\n<p><span style=\"color: red;\">NB: Die Verwendung eines NFC-Leseger\u00e4ts f\u00fcr den PC ist erforderlich <a href=\"https:\/\/elainnovation.com\/produit\/lecteur-nfc\/\">&gt;&gt;Klicken Sie hier&lt;&lt;<\/a>, um es in Ihren Warenkorb zu legen.<\/span><\/p>\n<p><strong>Das Produkt wird auf Bestellung hergestellt. Die Fristen werden Ihnen von unseren Teams mitgeteilt. <\/strong><\/p>\n","protected":false},"excerpt":{"rendered":"<p>Wirepas Mesh Temperatur- und Feuchtigkeitssensor<\/p>\n","protected":false},"featured_media":22809,"template":"","meta":{"_acf_changed":false,"inline_featured_image":false},"product_brand":[],"product_cat":[287],"product_tag":[],"class_list":{"0":"post-36042","1":"product","2":"type-product","3":"status-publish","4":"has-post-thumbnail","6":"product_cat-mesh-reihe","8":"first","9":"instock","10":"taxable","11":"shipping-taxable","12":"purchasable","13":"product-type-simple"},"acf":[],"yoast_head":"<!-- This site is optimized with the Yoast SEO plugin v27.3 - https:\/\/yoast.com\/product\/yoast-seo-wordpress\/ -->\n<title>Blue PUCK RHT MESH (IDF25442-03A) - Temperatur- und Feuchtigkeitssensor<\/title>\n<meta name=\"description\" content=\"Temperatur- und Feuchtigkeitssensor mit Wirepas MESH-Technologie. 100% autonom, wasserdicht und robust. Geeignet f\u00fcr Smart-building-Probleme.\" \/>\n<meta name=\"robots\" content=\"index, follow, max-snippet:-1, max-image-preview:large, max-video-preview:-1\" \/>\n<link rel=\"canonical\" href=\"https:\/\/elainnovation.com\/de\/produkt\/blue-puck-rht-mesh-idf25442-03a\/\" \/>\n<meta property=\"og:locale\" content=\"de_DE\" \/>\n<meta property=\"og:type\" content=\"article\" \/>\n<meta property=\"og:title\" content=\"Blue PUCK RHT MESH (IDF25442-03A) - Temperatur- und Feuchtigkeitssensor\" \/>\n<meta property=\"og:description\" content=\"Temperatur- und Feuchtigkeitssensor mit Wirepas MESH-Technologie. 100% autonom, wasserdicht und robust. Geeignet f\u00fcr Smart-building-Probleme.\" \/>\n<meta property=\"og:url\" content=\"https:\/\/elainnovation.com\/de\/produkt\/blue-puck-rht-mesh-idf25442-03a\/\" \/>\n<meta property=\"og:site_name\" content=\"ELA Innovation\" \/>\n<meta property=\"article:publisher\" content=\"https:\/\/www.facebook.com\/ELA-Innovation-489302644542142\/\" \/>\n<meta property=\"og:image\" content=\"https:\/\/elainnovation.com\/wp-content\/uploads\/2023\/03\/Eshop-Blue-PUCK-RHT-MESH.jpg\" \/>\n\t<meta property=\"og:image:width\" content=\"600\" \/>\n\t<meta property=\"og:image:height\" content=\"300\" \/>\n\t<meta property=\"og:image:type\" content=\"image\/jpeg\" \/>\n<meta name=\"twitter:card\" content=\"summary_large_image\" \/>\n<meta name=\"twitter:site\" content=\"@ElaInnovation\" \/>\n<script type=\"application\/ld+json\" class=\"yoast-schema-graph\">{\"@context\":\"https:\\\/\\\/schema.org\",\"@graph\":[{\"@type\":\"WebPage\",\"@id\":\"https:\\\/\\\/elainnovation.com\\\/de\\\/produkt\\\/blue-puck-rht-mesh-idf25442-03a\\\/\",\"url\":\"https:\\\/\\\/elainnovation.com\\\/de\\\/produkt\\\/blue-puck-rht-mesh-idf25442-03a\\\/\",\"name\":\"Blue PUCK RHT MESH (IDF25442-03A) - Temperatur- und Feuchtigkeitssensor\",\"isPartOf\":{\"@id\":\"https:\\\/\\\/elainnovation.com\\\/de\\\/#website\"},\"primaryImageOfPage\":{\"@id\":\"https:\\\/\\\/elainnovation.com\\\/de\\\/produkt\\\/blue-puck-rht-mesh-idf25442-03a\\\/#primaryimage\"},\"image\":{\"@id\":\"https:\\\/\\\/elainnovation.com\\\/de\\\/produkt\\\/blue-puck-rht-mesh-idf25442-03a\\\/#primaryimage\"},\"thumbnailUrl\":\"https:\\\/\\\/elainnovation.com\\\/wp-content\\\/uploads\\\/2023\\\/03\\\/Eshop-Blue-PUCK-RHT-MESH.jpg\",\"datePublished\":\"2025-04-22T10:12:41+00:00\",\"description\":\"Temperatur- und Feuchtigkeitssensor mit Wirepas MESH-Technologie. 100% autonom, wasserdicht und robust. Geeignet f\u00fcr Smart-building-Probleme.\",\"breadcrumb\":{\"@id\":\"https:\\\/\\\/elainnovation.com\\\/de\\\/produkt\\\/blue-puck-rht-mesh-idf25442-03a\\\/#breadcrumb\"},\"inLanguage\":\"de\",\"potentialAction\":[{\"@type\":\"ReadAction\",\"target\":[\"https:\\\/\\\/elainnovation.com\\\/de\\\/produkt\\\/blue-puck-rht-mesh-idf25442-03a\\\/\"]}]},{\"@type\":\"ImageObject\",\"inLanguage\":\"de\",\"@id\":\"https:\\\/\\\/elainnovation.com\\\/de\\\/produkt\\\/blue-puck-rht-mesh-idf25442-03a\\\/#primaryimage\",\"url\":\"https:\\\/\\\/elainnovation.com\\\/wp-content\\\/uploads\\\/2023\\\/03\\\/Eshop-Blue-PUCK-RHT-MESH.jpg\",\"contentUrl\":\"https:\\\/\\\/elainnovation.com\\\/wp-content\\\/uploads\\\/2023\\\/03\\\/Eshop-Blue-PUCK-RHT-MESH.jpg\",\"width\":600,\"height\":300,\"caption\":\"Blue PUCK RHT MESH\"},{\"@type\":\"BreadcrumbList\",\"@id\":\"https:\\\/\\\/elainnovation.com\\\/de\\\/produkt\\\/blue-puck-rht-mesh-idf25442-03a\\\/#breadcrumb\",\"itemListElement\":[{\"@type\":\"ListItem\",\"position\":1,\"name\":\"Home\",\"item\":\"https:\\\/\\\/elainnovation.com\\\/de\\\/\"},{\"@type\":\"ListItem\",\"position\":2,\"name\":\"Shop\",\"item\":\"https:\\\/\\\/elainnovation.com\\\/shop\\\/\"},{\"@type\":\"ListItem\",\"position\":3,\"name\":\"Blue PUCK RHT MESH (IDF25442-03A)\"}]},{\"@type\":\"WebSite\",\"@id\":\"https:\\\/\\\/elainnovation.com\\\/de\\\/#website\",\"url\":\"https:\\\/\\\/elainnovation.com\\\/de\\\/\",\"name\":\"ELA Innovation\",\"description\":\"\",\"publisher\":{\"@id\":\"https:\\\/\\\/elainnovation.com\\\/de\\\/#organization\"},\"potentialAction\":[{\"@type\":\"SearchAction\",\"target\":{\"@type\":\"EntryPoint\",\"urlTemplate\":\"https:\\\/\\\/elainnovation.com\\\/de\\\/?s={search_term_string}\"},\"query-input\":{\"@type\":\"PropertyValueSpecification\",\"valueRequired\":true,\"valueName\":\"search_term_string\"}}],\"inLanguage\":\"de\"},{\"@type\":\"Organization\",\"@id\":\"https:\\\/\\\/elainnovation.com\\\/de\\\/#organization\",\"name\":\"ELA Innovation\",\"url\":\"https:\\\/\\\/elainnovation.com\\\/de\\\/\",\"logo\":{\"@type\":\"ImageObject\",\"inLanguage\":\"de\",\"@id\":\"https:\\\/\\\/elainnovation.com\\\/de\\\/#\\\/schema\\\/logo\\\/image\\\/\",\"url\":\"https:\\\/\\\/elainnovation.com\\\/wp-content\\\/uploads\\\/2020\\\/07\\\/LOGO-Ela-Innovation.png\",\"contentUrl\":\"https:\\\/\\\/elainnovation.com\\\/wp-content\\\/uploads\\\/2020\\\/07\\\/LOGO-Ela-Innovation.png\",\"width\":436,\"height\":240,\"caption\":\"ELA Innovation\"},\"image\":{\"@id\":\"https:\\\/\\\/elainnovation.com\\\/de\\\/#\\\/schema\\\/logo\\\/image\\\/\"},\"sameAs\":[\"https:\\\/\\\/www.facebook.com\\\/ELA-Innovation-489302644542142\\\/\",\"https:\\\/\\\/x.com\\\/ElaInnovation\",\"https:\\\/\\\/www.linkedin.com\\\/company\\\/elainnovation\\\/\"]}]}<\/script>\n<!-- \/ Yoast SEO plugin. -->","yoast_head_json":{"title":"Blue PUCK RHT MESH (IDF25442-03A) - Temperatur- und Feuchtigkeitssensor","description":"Temperatur- und Feuchtigkeitssensor mit Wirepas MESH-Technologie. 100% autonom, wasserdicht und robust. Geeignet f\u00fcr Smart-building-Probleme.","robots":{"index":"index","follow":"follow","max-snippet":"max-snippet:-1","max-image-preview":"max-image-preview:large","max-video-preview":"max-video-preview:-1"},"canonical":"https:\/\/elainnovation.com\/de\/produkt\/blue-puck-rht-mesh-idf25442-03a\/","og_locale":"de_DE","og_type":"article","og_title":"Blue PUCK RHT MESH (IDF25442-03A) - Temperatur- und Feuchtigkeitssensor","og_description":"Temperatur- und Feuchtigkeitssensor mit Wirepas MESH-Technologie. 100% autonom, wasserdicht und robust. Geeignet f\u00fcr Smart-building-Probleme.","og_url":"https:\/\/elainnovation.com\/de\/produkt\/blue-puck-rht-mesh-idf25442-03a\/","og_site_name":"ELA Innovation","article_publisher":"https:\/\/www.facebook.com\/ELA-Innovation-489302644542142\/","og_image":[{"width":600,"height":300,"url":"https:\/\/elainnovation.com\/wp-content\/uploads\/2023\/03\/Eshop-Blue-PUCK-RHT-MESH.jpg","type":"image\/jpeg"}],"twitter_card":"summary_large_image","twitter_site":"@ElaInnovation","schema":{"@context":"https:\/\/schema.org","@graph":[{"@type":"WebPage","@id":"https:\/\/elainnovation.com\/de\/produkt\/blue-puck-rht-mesh-idf25442-03a\/","url":"https:\/\/elainnovation.com\/de\/produkt\/blue-puck-rht-mesh-idf25442-03a\/","name":"Blue PUCK RHT MESH (IDF25442-03A) - Temperatur- und Feuchtigkeitssensor","isPartOf":{"@id":"https:\/\/elainnovation.com\/de\/#website"},"primaryImageOfPage":{"@id":"https:\/\/elainnovation.com\/de\/produkt\/blue-puck-rht-mesh-idf25442-03a\/#primaryimage"},"image":{"@id":"https:\/\/elainnovation.com\/de\/produkt\/blue-puck-rht-mesh-idf25442-03a\/#primaryimage"},"thumbnailUrl":"https:\/\/elainnovation.com\/wp-content\/uploads\/2023\/03\/Eshop-Blue-PUCK-RHT-MESH.jpg","datePublished":"2025-04-22T10:12:41+00:00","description":"Temperatur- und Feuchtigkeitssensor mit Wirepas MESH-Technologie. 100% autonom, wasserdicht und robust. Geeignet f\u00fcr Smart-building-Probleme.","breadcrumb":{"@id":"https:\/\/elainnovation.com\/de\/produkt\/blue-puck-rht-mesh-idf25442-03a\/#breadcrumb"},"inLanguage":"de","potentialAction":[{"@type":"ReadAction","target":["https:\/\/elainnovation.com\/de\/produkt\/blue-puck-rht-mesh-idf25442-03a\/"]}]},{"@type":"ImageObject","inLanguage":"de","@id":"https:\/\/elainnovation.com\/de\/produkt\/blue-puck-rht-mesh-idf25442-03a\/#primaryimage","url":"https:\/\/elainnovation.com\/wp-content\/uploads\/2023\/03\/Eshop-Blue-PUCK-RHT-MESH.jpg","contentUrl":"https:\/\/elainnovation.com\/wp-content\/uploads\/2023\/03\/Eshop-Blue-PUCK-RHT-MESH.jpg","width":600,"height":300,"caption":"Blue PUCK RHT MESH"},{"@type":"BreadcrumbList","@id":"https:\/\/elainnovation.com\/de\/produkt\/blue-puck-rht-mesh-idf25442-03a\/#breadcrumb","itemListElement":[{"@type":"ListItem","position":1,"name":"Home","item":"https:\/\/elainnovation.com\/de\/"},{"@type":"ListItem","position":2,"name":"Shop","item":"https:\/\/elainnovation.com\/shop\/"},{"@type":"ListItem","position":3,"name":"Blue PUCK RHT MESH (IDF25442-03A)"}]},{"@type":"WebSite","@id":"https:\/\/elainnovation.com\/de\/#website","url":"https:\/\/elainnovation.com\/de\/","name":"ELA Innovation","description":"","publisher":{"@id":"https:\/\/elainnovation.com\/de\/#organization"},"potentialAction":[{"@type":"SearchAction","target":{"@type":"EntryPoint","urlTemplate":"https:\/\/elainnovation.com\/de\/?s={search_term_string}"},"query-input":{"@type":"PropertyValueSpecification","valueRequired":true,"valueName":"search_term_string"}}],"inLanguage":"de"},{"@type":"Organization","@id":"https:\/\/elainnovation.com\/de\/#organization","name":"ELA Innovation","url":"https:\/\/elainnovation.com\/de\/","logo":{"@type":"ImageObject","inLanguage":"de","@id":"https:\/\/elainnovation.com\/de\/#\/schema\/logo\/image\/","url":"https:\/\/elainnovation.com\/wp-content\/uploads\/2020\/07\/LOGO-Ela-Innovation.png","contentUrl":"https:\/\/elainnovation.com\/wp-content\/uploads\/2020\/07\/LOGO-Ela-Innovation.png","width":436,"height":240,"caption":"ELA Innovation"},"image":{"@id":"https:\/\/elainnovation.com\/de\/#\/schema\/logo\/image\/"},"sameAs":["https:\/\/www.facebook.com\/ELA-Innovation-489302644542142\/","https:\/\/x.com\/ElaInnovation","https:\/\/www.linkedin.com\/company\/elainnovation\/"]}]}},"_links":{"self":[{"href":"https:\/\/elainnovation.com\/de\/wp-json\/wp\/v2\/product\/36042","targetHints":{"allow":["GET"]}}],"collection":[{"href":"https:\/\/elainnovation.com\/de\/wp-json\/wp\/v2\/product"}],"about":[{"href":"https:\/\/elainnovation.com\/de\/wp-json\/wp\/v2\/types\/product"}],"wp:featuredmedia":[{"embeddable":true,"href":"https:\/\/elainnovation.com\/de\/wp-json\/wp\/v2\/media\/22809"}],"wp:attachment":[{"href":"https:\/\/elainnovation.com\/de\/wp-json\/wp\/v2\/media?parent=36042"}],"wp:term":[{"taxonomy":"product_brand","embeddable":true,"href":"https:\/\/elainnovation.com\/de\/wp-json\/wp\/v2\/product_brand?post=36042"},{"taxonomy":"product_cat","embeddable":true,"href":"https:\/\/elainnovation.com\/de\/wp-json\/wp\/v2\/product_cat?post=36042"},{"taxonomy":"product_tag","embeddable":true,"href":"https:\/\/elainnovation.com\/de\/wp-json\/wp\/v2\/product_tag?post=36042"}],"curies":[{"name":"wp","href":"https:\/\/api.w.org\/{rel}","templated":true}]}}