{"id":36054,"date":"2021-09-15T15:24:15","date_gmt":"2025-04-22T10:12:53","guid":{"rendered":"https:\/\/elainnovation.com\/product\/blue-puck-t-probe-idf25250-01b\/"},"modified":"2025-04-22T12:12:53","modified_gmt":"2025-04-22T10:12:53","slug":"blue-puck-t-probe-idf25250-01b","status":"publish","type":"product","link":"https:\/\/elainnovation.com\/de\/produkt\/blue-puck-t-probe-idf25250-01b\/","title":{"rendered":"Blue PUCK T-PROBE (IDF25250-01B)"},"content":{"rendered":"<p>Der Temperatursensor Blue PUCK T-PROBE mit Bluetooth Low Energy Technologie ist wasserdicht und robust. 100% autonom, passt sich dieser Sensor mit externer Sonde an extreme Industrieumgebungen an, um den Problemen der R\u00fcckverfolgbarkeit der K\u00fchlkette von pharmazeutischen Produkten gerecht zu werden. Dieser Temperaturschreiber mit einem extra gro\u00dfen Messbereich von -80\u00b0C bis +200\u00b0C erf\u00fcllt die Anforderungen f\u00fcr den Transport und die Lagerung von temperaturempfindlichen Waren.  <\/p>\n<p><strong>Dieses Produkt wird in der Standard-Firmware-Version (V.3.X.X) verkauft und enth\u00e4lt keine Bluetooth Advanced Features (verf\u00fcgbar in Firmware V4.X.X). Wenn Sie dieses Produkt mit <a href=\"https:\/\/elainnovation.com\/de\/bluetooth-advanced-features-2\/\">Bluetooth Advanced Features<\/a> bestellen m\u00f6chten, wenden Sie sich bitte an die Vertriebsabteilung. <\/strong><\/p>\n<p>Um zu erfahren, wie Sie diesen Sensor nutzen k\u00f6nnen, um die beste Leistung zu gew\u00e4hrleisten, klicken Sie bitte hier. <span style=\"color: #006fe0;\"><strong><a style=\"color: #006fe0;\" href=\"https:\/\/elainnovation.com\/wp-content\/uploads\/2023\/09\/Application-Note-Blue-PUCK-T-PROBE-Installation-Usage-recommendation-01A.pdf\" target=\"_blank\" rel=\"noopener\">&gt;&gt;Klicken Sie hier&lt;&lt;<\/a><\/strong><\/span><\/p>\n<p><span style=\"color: red;\">NB: Die Verwendung eines NFC-Leseger\u00e4ts f\u00fcr den PC ist erforderlich <a href=\"https:\/\/elainnovation.com\/de\/produit\/nfc-lesegeraet\/\">&gt;&gt;Klicken Sie hier&lt;&lt;<\/a>, um es in Ihren Warenkorb zu legen.<\/span><\/p>\n","protected":false},"excerpt":{"rendered":"<p>Bluetooth-Temperatursensor<\/p>\n","protected":false},"featured_media":18764,"template":"","meta":{"_acf_changed":false,"inline_featured_image":false},"product_brand":[],"product_cat":[290],"product_tag":[],"class_list":{"0":"post-36054","1":"product","2":"type-product","3":"status-publish","4":"has-post-thumbnail","6":"product_cat-ble-sortiment","8":"first","9":"instock","10":"taxable","11":"shipping-taxable","12":"purchasable","13":"product-type-simple"},"acf":[],"yoast_head":"<!-- This site is optimized with the Yoast SEO plugin v27.3 - https:\/\/yoast.com\/product\/yoast-seo-wordpress\/ -->\n<title>Blue PUCK T-PROBE (IDF25250-01B) - Temperatursensor mit externer Sonde<\/title>\n<meta name=\"description\" content=\"Bluetooth Low Energy (BLE) Temperatursensor . 100% autonom. Wasserdicht und robust. Extra gro\u00dfer Messbereich von -80\u00b0C bis +200\u00b0C.\" \/>\n<meta name=\"robots\" content=\"index, follow, max-snippet:-1, max-image-preview:large, max-video-preview:-1\" \/>\n<link rel=\"canonical\" href=\"https:\/\/elainnovation.com\/de\/produkt\/blue-puck-t-probe-idf25250-01b\/\" \/>\n<meta property=\"og:locale\" content=\"de_DE\" \/>\n<meta property=\"og:type\" content=\"article\" \/>\n<meta property=\"og:title\" content=\"Blue PUCK T-PROBE (IDF25250-01B) - Temperatursensor mit externer Sonde\" \/>\n<meta property=\"og:description\" content=\"Bluetooth Low Energy (BLE) Temperatursensor . 100% autonom. Wasserdicht und robust. Extra gro\u00dfer Messbereich von -80\u00b0C bis +200\u00b0C.\" \/>\n<meta property=\"og:url\" content=\"https:\/\/elainnovation.com\/de\/produkt\/blue-puck-t-probe-idf25250-01b\/\" \/>\n<meta property=\"og:site_name\" content=\"ELA Innovation\" \/>\n<meta property=\"article:publisher\" content=\"https:\/\/www.facebook.com\/ELA-Innovation-489302644542142\/\" \/>\n<meta property=\"og:image\" content=\"https:\/\/elainnovation.com\/wp-content\/uploads\/2021\/01\/Eshop-Blue-PUCK-T-PROBE.png\" \/>\n\t<meta property=\"og:image:width\" content=\"600\" \/>\n\t<meta property=\"og:image:height\" content=\"300\" \/>\n\t<meta property=\"og:image:type\" content=\"image\/png\" \/>\n<meta name=\"twitter:card\" content=\"summary_large_image\" \/>\n<meta name=\"twitter:site\" content=\"@ElaInnovation\" \/>\n<meta name=\"twitter:label1\" content=\"Gesch\u00e4tzte Lesezeit\" \/>\n\t<meta name=\"twitter:data1\" content=\"1\u00a0Minute\" \/>\n<script type=\"application\/ld+json\" class=\"yoast-schema-graph\">{\"@context\":\"https:\\\/\\\/schema.org\",\"@graph\":[{\"@type\":\"WebPage\",\"@id\":\"https:\\\/\\\/elainnovation.com\\\/de\\\/produkt\\\/blue-puck-t-probe-idf25250-01b\\\/\",\"url\":\"https:\\\/\\\/elainnovation.com\\\/de\\\/produkt\\\/blue-puck-t-probe-idf25250-01b\\\/\",\"name\":\"Blue PUCK T-PROBE (IDF25250-01B) - Temperatursensor mit externer Sonde\",\"isPartOf\":{\"@id\":\"https:\\\/\\\/elainnovation.com\\\/de\\\/#website\"},\"primaryImageOfPage\":{\"@id\":\"https:\\\/\\\/elainnovation.com\\\/de\\\/produkt\\\/blue-puck-t-probe-idf25250-01b\\\/#primaryimage\"},\"image\":{\"@id\":\"https:\\\/\\\/elainnovation.com\\\/de\\\/produkt\\\/blue-puck-t-probe-idf25250-01b\\\/#primaryimage\"},\"thumbnailUrl\":\"https:\\\/\\\/elainnovation.com\\\/wp-content\\\/uploads\\\/2021\\\/01\\\/Eshop-Blue-PUCK-T-PROBE.png\",\"datePublished\":\"2025-04-22T10:12:53+00:00\",\"description\":\"Bluetooth Low Energy (BLE) Temperatursensor . 100% autonom. Wasserdicht und robust. Extra gro\u00dfer Messbereich von -80\u00b0C bis +200\u00b0C.\",\"breadcrumb\":{\"@id\":\"https:\\\/\\\/elainnovation.com\\\/de\\\/produkt\\\/blue-puck-t-probe-idf25250-01b\\\/#breadcrumb\"},\"inLanguage\":\"de\",\"potentialAction\":[{\"@type\":\"ReadAction\",\"target\":[\"https:\\\/\\\/elainnovation.com\\\/de\\\/produkt\\\/blue-puck-t-probe-idf25250-01b\\\/\"]}]},{\"@type\":\"ImageObject\",\"inLanguage\":\"de\",\"@id\":\"https:\\\/\\\/elainnovation.com\\\/de\\\/produkt\\\/blue-puck-t-probe-idf25250-01b\\\/#primaryimage\",\"url\":\"https:\\\/\\\/elainnovation.com\\\/wp-content\\\/uploads\\\/2021\\\/01\\\/Eshop-Blue-PUCK-T-PROBE.png\",\"contentUrl\":\"https:\\\/\\\/elainnovation.com\\\/wp-content\\\/uploads\\\/2021\\\/01\\\/Eshop-Blue-PUCK-T-PROBE.png\",\"width\":600,\"height\":300},{\"@type\":\"BreadcrumbList\",\"@id\":\"https:\\\/\\\/elainnovation.com\\\/de\\\/produkt\\\/blue-puck-t-probe-idf25250-01b\\\/#breadcrumb\",\"itemListElement\":[{\"@type\":\"ListItem\",\"position\":1,\"name\":\"Home\",\"item\":\"https:\\\/\\\/elainnovation.com\\\/de\\\/\"},{\"@type\":\"ListItem\",\"position\":2,\"name\":\"Shop\",\"item\":\"https:\\\/\\\/elainnovation.com\\\/shop\\\/\"},{\"@type\":\"ListItem\",\"position\":3,\"name\":\"Blue PUCK T-PROBE (IDF25250-01B)\"}]},{\"@type\":\"WebSite\",\"@id\":\"https:\\\/\\\/elainnovation.com\\\/de\\\/#website\",\"url\":\"https:\\\/\\\/elainnovation.com\\\/de\\\/\",\"name\":\"ELA Innovation\",\"description\":\"\",\"publisher\":{\"@id\":\"https:\\\/\\\/elainnovation.com\\\/de\\\/#organization\"},\"potentialAction\":[{\"@type\":\"SearchAction\",\"target\":{\"@type\":\"EntryPoint\",\"urlTemplate\":\"https:\\\/\\\/elainnovation.com\\\/de\\\/?s={search_term_string}\"},\"query-input\":{\"@type\":\"PropertyValueSpecification\",\"valueRequired\":true,\"valueName\":\"search_term_string\"}}],\"inLanguage\":\"de\"},{\"@type\":\"Organization\",\"@id\":\"https:\\\/\\\/elainnovation.com\\\/de\\\/#organization\",\"name\":\"ELA Innovation\",\"url\":\"https:\\\/\\\/elainnovation.com\\\/de\\\/\",\"logo\":{\"@type\":\"ImageObject\",\"inLanguage\":\"de\",\"@id\":\"https:\\\/\\\/elainnovation.com\\\/de\\\/#\\\/schema\\\/logo\\\/image\\\/\",\"url\":\"https:\\\/\\\/elainnovation.com\\\/wp-content\\\/uploads\\\/2020\\\/07\\\/LOGO-Ela-Innovation.png\",\"contentUrl\":\"https:\\\/\\\/elainnovation.com\\\/wp-content\\\/uploads\\\/2020\\\/07\\\/LOGO-Ela-Innovation.png\",\"width\":436,\"height\":240,\"caption\":\"ELA Innovation\"},\"image\":{\"@id\":\"https:\\\/\\\/elainnovation.com\\\/de\\\/#\\\/schema\\\/logo\\\/image\\\/\"},\"sameAs\":[\"https:\\\/\\\/www.facebook.com\\\/ELA-Innovation-489302644542142\\\/\",\"https:\\\/\\\/x.com\\\/ElaInnovation\",\"https:\\\/\\\/www.linkedin.com\\\/company\\\/elainnovation\\\/\"]}]}<\/script>\n<!-- \/ Yoast SEO plugin. -->","yoast_head_json":{"title":"Blue PUCK T-PROBE (IDF25250-01B) - Temperatursensor mit externer Sonde","description":"Bluetooth Low Energy (BLE) Temperatursensor . 100% autonom. Wasserdicht und robust. Extra gro\u00dfer Messbereich von -80\u00b0C bis +200\u00b0C.","robots":{"index":"index","follow":"follow","max-snippet":"max-snippet:-1","max-image-preview":"max-image-preview:large","max-video-preview":"max-video-preview:-1"},"canonical":"https:\/\/elainnovation.com\/de\/produkt\/blue-puck-t-probe-idf25250-01b\/","og_locale":"de_DE","og_type":"article","og_title":"Blue PUCK T-PROBE (IDF25250-01B) - Temperatursensor mit externer Sonde","og_description":"Bluetooth Low Energy (BLE) Temperatursensor . 100% autonom. Wasserdicht und robust. Extra gro\u00dfer Messbereich von -80\u00b0C bis +200\u00b0C.","og_url":"https:\/\/elainnovation.com\/de\/produkt\/blue-puck-t-probe-idf25250-01b\/","og_site_name":"ELA Innovation","article_publisher":"https:\/\/www.facebook.com\/ELA-Innovation-489302644542142\/","og_image":[{"width":600,"height":300,"url":"https:\/\/elainnovation.com\/wp-content\/uploads\/2021\/01\/Eshop-Blue-PUCK-T-PROBE.png","type":"image\/png"}],"twitter_card":"summary_large_image","twitter_site":"@ElaInnovation","twitter_misc":{"Gesch\u00e4tzte Lesezeit":"1\u00a0Minute"},"schema":{"@context":"https:\/\/schema.org","@graph":[{"@type":"WebPage","@id":"https:\/\/elainnovation.com\/de\/produkt\/blue-puck-t-probe-idf25250-01b\/","url":"https:\/\/elainnovation.com\/de\/produkt\/blue-puck-t-probe-idf25250-01b\/","name":"Blue PUCK T-PROBE (IDF25250-01B) - Temperatursensor mit externer Sonde","isPartOf":{"@id":"https:\/\/elainnovation.com\/de\/#website"},"primaryImageOfPage":{"@id":"https:\/\/elainnovation.com\/de\/produkt\/blue-puck-t-probe-idf25250-01b\/#primaryimage"},"image":{"@id":"https:\/\/elainnovation.com\/de\/produkt\/blue-puck-t-probe-idf25250-01b\/#primaryimage"},"thumbnailUrl":"https:\/\/elainnovation.com\/wp-content\/uploads\/2021\/01\/Eshop-Blue-PUCK-T-PROBE.png","datePublished":"2025-04-22T10:12:53+00:00","description":"Bluetooth Low Energy (BLE) Temperatursensor . 100% autonom. Wasserdicht und robust. Extra gro\u00dfer Messbereich von -80\u00b0C bis +200\u00b0C.","breadcrumb":{"@id":"https:\/\/elainnovation.com\/de\/produkt\/blue-puck-t-probe-idf25250-01b\/#breadcrumb"},"inLanguage":"de","potentialAction":[{"@type":"ReadAction","target":["https:\/\/elainnovation.com\/de\/produkt\/blue-puck-t-probe-idf25250-01b\/"]}]},{"@type":"ImageObject","inLanguage":"de","@id":"https:\/\/elainnovation.com\/de\/produkt\/blue-puck-t-probe-idf25250-01b\/#primaryimage","url":"https:\/\/elainnovation.com\/wp-content\/uploads\/2021\/01\/Eshop-Blue-PUCK-T-PROBE.png","contentUrl":"https:\/\/elainnovation.com\/wp-content\/uploads\/2021\/01\/Eshop-Blue-PUCK-T-PROBE.png","width":600,"height":300},{"@type":"BreadcrumbList","@id":"https:\/\/elainnovation.com\/de\/produkt\/blue-puck-t-probe-idf25250-01b\/#breadcrumb","itemListElement":[{"@type":"ListItem","position":1,"name":"Home","item":"https:\/\/elainnovation.com\/de\/"},{"@type":"ListItem","position":2,"name":"Shop","item":"https:\/\/elainnovation.com\/shop\/"},{"@type":"ListItem","position":3,"name":"Blue PUCK T-PROBE (IDF25250-01B)"}]},{"@type":"WebSite","@id":"https:\/\/elainnovation.com\/de\/#website","url":"https:\/\/elainnovation.com\/de\/","name":"ELA Innovation","description":"","publisher":{"@id":"https:\/\/elainnovation.com\/de\/#organization"},"potentialAction":[{"@type":"SearchAction","target":{"@type":"EntryPoint","urlTemplate":"https:\/\/elainnovation.com\/de\/?s={search_term_string}"},"query-input":{"@type":"PropertyValueSpecification","valueRequired":true,"valueName":"search_term_string"}}],"inLanguage":"de"},{"@type":"Organization","@id":"https:\/\/elainnovation.com\/de\/#organization","name":"ELA Innovation","url":"https:\/\/elainnovation.com\/de\/","logo":{"@type":"ImageObject","inLanguage":"de","@id":"https:\/\/elainnovation.com\/de\/#\/schema\/logo\/image\/","url":"https:\/\/elainnovation.com\/wp-content\/uploads\/2020\/07\/LOGO-Ela-Innovation.png","contentUrl":"https:\/\/elainnovation.com\/wp-content\/uploads\/2020\/07\/LOGO-Ela-Innovation.png","width":436,"height":240,"caption":"ELA Innovation"},"image":{"@id":"https:\/\/elainnovation.com\/de\/#\/schema\/logo\/image\/"},"sameAs":["https:\/\/www.facebook.com\/ELA-Innovation-489302644542142\/","https:\/\/x.com\/ElaInnovation","https:\/\/www.linkedin.com\/company\/elainnovation\/"]}]}},"_links":{"self":[{"href":"https:\/\/elainnovation.com\/de\/wp-json\/wp\/v2\/product\/36054","targetHints":{"allow":["GET"]}}],"collection":[{"href":"https:\/\/elainnovation.com\/de\/wp-json\/wp\/v2\/product"}],"about":[{"href":"https:\/\/elainnovation.com\/de\/wp-json\/wp\/v2\/types\/product"}],"wp:featuredmedia":[{"embeddable":true,"href":"https:\/\/elainnovation.com\/de\/wp-json\/wp\/v2\/media\/18764"}],"wp:attachment":[{"href":"https:\/\/elainnovation.com\/de\/wp-json\/wp\/v2\/media?parent=36054"}],"wp:term":[{"taxonomy":"product_brand","embeddable":true,"href":"https:\/\/elainnovation.com\/de\/wp-json\/wp\/v2\/product_brand?post=36054"},{"taxonomy":"product_cat","embeddable":true,"href":"https:\/\/elainnovation.com\/de\/wp-json\/wp\/v2\/product_cat?post=36054"},{"taxonomy":"product_tag","embeddable":true,"href":"https:\/\/elainnovation.com\/de\/wp-json\/wp\/v2\/product_tag?post=36054"}],"curies":[{"name":"wp","href":"https:\/\/api.w.org\/{rel}","templated":true}]}}