{"id":36064,"date":"2020-12-23T13:12:15","date_gmt":"2025-04-22T10:13:22","guid":{"rendered":"https:\/\/elainnovation.com\/product\/blue-coin-mag-idf10243-01a\/"},"modified":"2025-04-22T12:13:22","modified_gmt":"2025-04-22T10:13:22","slug":"blue-coin-mag-idf10243-01a","status":"publish","type":"product","link":"https:\/\/elainnovation.com\/de\/produkt\/blue-coin-mag-idf10243-01a\/","title":{"rendered":"Blue COIN MAG (IDF10243-01A)"},"content":{"rendered":"<p>Der Sensor Blue COIN MAG ist mit der Bluetooth Low Energy Technologie ausgestattet und ultrakompakt. Der Sensor ist 100% autonom und robust und kann den Transport von Waren sichern, indem er das \u00d6ffnen und Schlie\u00dfen von LKW-T\u00fcren und Ventilen erkennt. Er eignet sich auch f\u00fcr Smart Building Anwendungen, indem er die Auslastung von R\u00e4umen und das Eindringen in R\u00e4ume mit Zugangsbeschr\u00e4nkung misst.  <\/p>\n<p>Das Produkt wird mit dem Zubeh\u00f6r Magnet 05 verkauft.<\/p>\n<p><strong>Dieses Produkt wird in der Standard-Firmware-Version (V.3.X.X) verkauft und enth\u00e4lt nicht die Premium Bluetooth Advanced Features (verf\u00fcgbar in Firmware V4.X.X). Wenn Sie dieses Produkt mit <a href=\"https:\/\/elainnovation.com\/de\/bluetooth-advanced-features-2\/\">Bluetooth Advanced Features<\/a> bestellen m\u00f6chten, wenden Sie sich bitte an die Vertriebsabteilung. <\/strong><\/p>\n<p><span style=\"color: red;\">NB: Die Verwendung eines NFC-Leseger\u00e4ts f\u00fcr den PC ist erforderlich <a href=\"https:\/\/elainnovation.com\/de\/produit\/nfc-lesegeraet\/\">&gt;&gt;Klicken Sie hier&lt;&lt;<\/a>, um es in Ihren Warenkorb zu legen.<\/span><\/p>\n","protected":false},"excerpt":{"rendered":"<p>Bluetooth T\u00fcr\u00f6ffnungssensor<\/p>\n","protected":false},"featured_media":18175,"template":"","meta":{"_acf_changed":false,"inline_featured_image":false},"product_brand":[],"product_cat":[290],"product_tag":[],"class_list":{"0":"post-36064","1":"product","2":"type-product","3":"status-publish","4":"has-post-thumbnail","6":"product_cat-ble-sortiment","8":"first","9":"instock","10":"taxable","11":"shipping-taxable","12":"purchasable","13":"product-type-simple"},"acf":[],"yoast_head":"<!-- This site is optimized with the Yoast SEO plugin v27.3 - https:\/\/yoast.com\/product\/yoast-seo-wordpress\/ -->\n<title>Blue COIN MAG (IDF10243-01A) - Magnetischer Bluetooth-Sensor - ELA Innovation<\/title>\n<meta name=\"description\" content=\"Der Blue COIN MAG ist ein magnetischer Kontaktsensor mit Bluetooth Low Energy. 100% autonom. Gro\u00dfe Reichweite (bis zu 200m).\" \/>\n<meta name=\"robots\" content=\"index, follow, max-snippet:-1, max-image-preview:large, max-video-preview:-1\" \/>\n<link rel=\"canonical\" href=\"https:\/\/elainnovation.com\/de\/produkt\/blue-coin-mag-idf10243-01a\/\" \/>\n<meta property=\"og:locale\" content=\"de_DE\" \/>\n<meta property=\"og:type\" content=\"article\" \/>\n<meta property=\"og:title\" content=\"Blue COIN MAG (IDF10243-01A) - Magnetischer Bluetooth-Sensor - ELA Innovation\" \/>\n<meta property=\"og:description\" content=\"Der Blue COIN MAG ist ein magnetischer Kontaktsensor mit Bluetooth Low Energy. 100% autonom. Gro\u00dfe Reichweite (bis zu 200m).\" \/>\n<meta property=\"og:url\" content=\"https:\/\/elainnovation.com\/de\/produkt\/blue-coin-mag-idf10243-01a\/\" \/>\n<meta property=\"og:site_name\" content=\"ELA Innovation\" \/>\n<meta property=\"article:publisher\" content=\"https:\/\/www.facebook.com\/ELA-Innovation-489302644542142\/\" \/>\n<meta property=\"og:image\" content=\"https:\/\/elainnovation.com\/wp-content\/uploads\/2020\/12\/Eshop-Blue-COIN-MAG.png\" \/>\n\t<meta property=\"og:image:width\" content=\"600\" \/>\n\t<meta property=\"og:image:height\" content=\"300\" \/>\n\t<meta property=\"og:image:type\" content=\"image\/png\" \/>\n<meta name=\"twitter:card\" content=\"summary_large_image\" \/>\n<meta name=\"twitter:site\" content=\"@ElaInnovation\" \/>\n<meta name=\"twitter:label1\" content=\"Gesch\u00e4tzte Lesezeit\" \/>\n\t<meta name=\"twitter:data1\" content=\"1\u00a0Minute\" \/>\n<script type=\"application\/ld+json\" class=\"yoast-schema-graph\">{\"@context\":\"https:\\\/\\\/schema.org\",\"@graph\":[{\"@type\":\"WebPage\",\"@id\":\"https:\\\/\\\/elainnovation.com\\\/de\\\/produkt\\\/blue-coin-mag-idf10243-01a\\\/\",\"url\":\"https:\\\/\\\/elainnovation.com\\\/de\\\/produkt\\\/blue-coin-mag-idf10243-01a\\\/\",\"name\":\"Blue COIN MAG (IDF10243-01A) - Magnetischer Bluetooth-Sensor - ELA Innovation\",\"isPartOf\":{\"@id\":\"https:\\\/\\\/elainnovation.com\\\/de\\\/#website\"},\"primaryImageOfPage\":{\"@id\":\"https:\\\/\\\/elainnovation.com\\\/de\\\/produkt\\\/blue-coin-mag-idf10243-01a\\\/#primaryimage\"},\"image\":{\"@id\":\"https:\\\/\\\/elainnovation.com\\\/de\\\/produkt\\\/blue-coin-mag-idf10243-01a\\\/#primaryimage\"},\"thumbnailUrl\":\"https:\\\/\\\/elainnovation.com\\\/wp-content\\\/uploads\\\/2020\\\/12\\\/Eshop-Blue-COIN-MAG.png\",\"datePublished\":\"2025-04-22T10:13:22+00:00\",\"description\":\"Der Blue COIN MAG ist ein magnetischer Kontaktsensor mit Bluetooth Low Energy. 100% autonom. Gro\u00dfe Reichweite (bis zu 200m).\",\"breadcrumb\":{\"@id\":\"https:\\\/\\\/elainnovation.com\\\/de\\\/produkt\\\/blue-coin-mag-idf10243-01a\\\/#breadcrumb\"},\"inLanguage\":\"de\",\"potentialAction\":[{\"@type\":\"ReadAction\",\"target\":[\"https:\\\/\\\/elainnovation.com\\\/de\\\/produkt\\\/blue-coin-mag-idf10243-01a\\\/\"]}]},{\"@type\":\"ImageObject\",\"inLanguage\":\"de\",\"@id\":\"https:\\\/\\\/elainnovation.com\\\/de\\\/produkt\\\/blue-coin-mag-idf10243-01a\\\/#primaryimage\",\"url\":\"https:\\\/\\\/elainnovation.com\\\/wp-content\\\/uploads\\\/2020\\\/12\\\/Eshop-Blue-COIN-MAG.png\",\"contentUrl\":\"https:\\\/\\\/elainnovation.com\\\/wp-content\\\/uploads\\\/2020\\\/12\\\/Eshop-Blue-COIN-MAG.png\",\"width\":600,\"height\":300},{\"@type\":\"BreadcrumbList\",\"@id\":\"https:\\\/\\\/elainnovation.com\\\/de\\\/produkt\\\/blue-coin-mag-idf10243-01a\\\/#breadcrumb\",\"itemListElement\":[{\"@type\":\"ListItem\",\"position\":1,\"name\":\"Home\",\"item\":\"https:\\\/\\\/elainnovation.com\\\/de\\\/\"},{\"@type\":\"ListItem\",\"position\":2,\"name\":\"Shop\",\"item\":\"https:\\\/\\\/elainnovation.com\\\/shop\\\/\"},{\"@type\":\"ListItem\",\"position\":3,\"name\":\"Blue COIN MAG (IDF10243-01A)\"}]},{\"@type\":\"WebSite\",\"@id\":\"https:\\\/\\\/elainnovation.com\\\/de\\\/#website\",\"url\":\"https:\\\/\\\/elainnovation.com\\\/de\\\/\",\"name\":\"ELA Innovation\",\"description\":\"\",\"publisher\":{\"@id\":\"https:\\\/\\\/elainnovation.com\\\/de\\\/#organization\"},\"potentialAction\":[{\"@type\":\"SearchAction\",\"target\":{\"@type\":\"EntryPoint\",\"urlTemplate\":\"https:\\\/\\\/elainnovation.com\\\/de\\\/?s={search_term_string}\"},\"query-input\":{\"@type\":\"PropertyValueSpecification\",\"valueRequired\":true,\"valueName\":\"search_term_string\"}}],\"inLanguage\":\"de\"},{\"@type\":\"Organization\",\"@id\":\"https:\\\/\\\/elainnovation.com\\\/de\\\/#organization\",\"name\":\"ELA Innovation\",\"url\":\"https:\\\/\\\/elainnovation.com\\\/de\\\/\",\"logo\":{\"@type\":\"ImageObject\",\"inLanguage\":\"de\",\"@id\":\"https:\\\/\\\/elainnovation.com\\\/de\\\/#\\\/schema\\\/logo\\\/image\\\/\",\"url\":\"https:\\\/\\\/elainnovation.com\\\/wp-content\\\/uploads\\\/2020\\\/07\\\/LOGO-Ela-Innovation.png\",\"contentUrl\":\"https:\\\/\\\/elainnovation.com\\\/wp-content\\\/uploads\\\/2020\\\/07\\\/LOGO-Ela-Innovation.png\",\"width\":436,\"height\":240,\"caption\":\"ELA Innovation\"},\"image\":{\"@id\":\"https:\\\/\\\/elainnovation.com\\\/de\\\/#\\\/schema\\\/logo\\\/image\\\/\"},\"sameAs\":[\"https:\\\/\\\/www.facebook.com\\\/ELA-Innovation-489302644542142\\\/\",\"https:\\\/\\\/x.com\\\/ElaInnovation\",\"https:\\\/\\\/www.linkedin.com\\\/company\\\/elainnovation\\\/\"]}]}<\/script>\n<!-- \/ Yoast SEO plugin. -->","yoast_head_json":{"title":"Blue COIN MAG (IDF10243-01A) - Magnetischer Bluetooth-Sensor - ELA Innovation","description":"Der Blue COIN MAG ist ein magnetischer Kontaktsensor mit Bluetooth Low Energy. 100% autonom. Gro\u00dfe Reichweite (bis zu 200m).","robots":{"index":"index","follow":"follow","max-snippet":"max-snippet:-1","max-image-preview":"max-image-preview:large","max-video-preview":"max-video-preview:-1"},"canonical":"https:\/\/elainnovation.com\/de\/produkt\/blue-coin-mag-idf10243-01a\/","og_locale":"de_DE","og_type":"article","og_title":"Blue COIN MAG (IDF10243-01A) - Magnetischer Bluetooth-Sensor - ELA Innovation","og_description":"Der Blue COIN MAG ist ein magnetischer Kontaktsensor mit Bluetooth Low Energy. 100% autonom. Gro\u00dfe Reichweite (bis zu 200m).","og_url":"https:\/\/elainnovation.com\/de\/produkt\/blue-coin-mag-idf10243-01a\/","og_site_name":"ELA Innovation","article_publisher":"https:\/\/www.facebook.com\/ELA-Innovation-489302644542142\/","og_image":[{"width":600,"height":300,"url":"https:\/\/elainnovation.com\/wp-content\/uploads\/2020\/12\/Eshop-Blue-COIN-MAG.png","type":"image\/png"}],"twitter_card":"summary_large_image","twitter_site":"@ElaInnovation","twitter_misc":{"Gesch\u00e4tzte Lesezeit":"1\u00a0Minute"},"schema":{"@context":"https:\/\/schema.org","@graph":[{"@type":"WebPage","@id":"https:\/\/elainnovation.com\/de\/produkt\/blue-coin-mag-idf10243-01a\/","url":"https:\/\/elainnovation.com\/de\/produkt\/blue-coin-mag-idf10243-01a\/","name":"Blue COIN MAG (IDF10243-01A) - Magnetischer Bluetooth-Sensor - ELA Innovation","isPartOf":{"@id":"https:\/\/elainnovation.com\/de\/#website"},"primaryImageOfPage":{"@id":"https:\/\/elainnovation.com\/de\/produkt\/blue-coin-mag-idf10243-01a\/#primaryimage"},"image":{"@id":"https:\/\/elainnovation.com\/de\/produkt\/blue-coin-mag-idf10243-01a\/#primaryimage"},"thumbnailUrl":"https:\/\/elainnovation.com\/wp-content\/uploads\/2020\/12\/Eshop-Blue-COIN-MAG.png","datePublished":"2025-04-22T10:13:22+00:00","description":"Der Blue COIN MAG ist ein magnetischer Kontaktsensor mit Bluetooth Low Energy. 100% autonom. Gro\u00dfe Reichweite (bis zu 200m).","breadcrumb":{"@id":"https:\/\/elainnovation.com\/de\/produkt\/blue-coin-mag-idf10243-01a\/#breadcrumb"},"inLanguage":"de","potentialAction":[{"@type":"ReadAction","target":["https:\/\/elainnovation.com\/de\/produkt\/blue-coin-mag-idf10243-01a\/"]}]},{"@type":"ImageObject","inLanguage":"de","@id":"https:\/\/elainnovation.com\/de\/produkt\/blue-coin-mag-idf10243-01a\/#primaryimage","url":"https:\/\/elainnovation.com\/wp-content\/uploads\/2020\/12\/Eshop-Blue-COIN-MAG.png","contentUrl":"https:\/\/elainnovation.com\/wp-content\/uploads\/2020\/12\/Eshop-Blue-COIN-MAG.png","width":600,"height":300},{"@type":"BreadcrumbList","@id":"https:\/\/elainnovation.com\/de\/produkt\/blue-coin-mag-idf10243-01a\/#breadcrumb","itemListElement":[{"@type":"ListItem","position":1,"name":"Home","item":"https:\/\/elainnovation.com\/de\/"},{"@type":"ListItem","position":2,"name":"Shop","item":"https:\/\/elainnovation.com\/shop\/"},{"@type":"ListItem","position":3,"name":"Blue COIN MAG (IDF10243-01A)"}]},{"@type":"WebSite","@id":"https:\/\/elainnovation.com\/de\/#website","url":"https:\/\/elainnovation.com\/de\/","name":"ELA Innovation","description":"","publisher":{"@id":"https:\/\/elainnovation.com\/de\/#organization"},"potentialAction":[{"@type":"SearchAction","target":{"@type":"EntryPoint","urlTemplate":"https:\/\/elainnovation.com\/de\/?s={search_term_string}"},"query-input":{"@type":"PropertyValueSpecification","valueRequired":true,"valueName":"search_term_string"}}],"inLanguage":"de"},{"@type":"Organization","@id":"https:\/\/elainnovation.com\/de\/#organization","name":"ELA Innovation","url":"https:\/\/elainnovation.com\/de\/","logo":{"@type":"ImageObject","inLanguage":"de","@id":"https:\/\/elainnovation.com\/de\/#\/schema\/logo\/image\/","url":"https:\/\/elainnovation.com\/wp-content\/uploads\/2020\/07\/LOGO-Ela-Innovation.png","contentUrl":"https:\/\/elainnovation.com\/wp-content\/uploads\/2020\/07\/LOGO-Ela-Innovation.png","width":436,"height":240,"caption":"ELA Innovation"},"image":{"@id":"https:\/\/elainnovation.com\/de\/#\/schema\/logo\/image\/"},"sameAs":["https:\/\/www.facebook.com\/ELA-Innovation-489302644542142\/","https:\/\/x.com\/ElaInnovation","https:\/\/www.linkedin.com\/company\/elainnovation\/"]}]}},"_links":{"self":[{"href":"https:\/\/elainnovation.com\/de\/wp-json\/wp\/v2\/product\/36064","targetHints":{"allow":["GET"]}}],"collection":[{"href":"https:\/\/elainnovation.com\/de\/wp-json\/wp\/v2\/product"}],"about":[{"href":"https:\/\/elainnovation.com\/de\/wp-json\/wp\/v2\/types\/product"}],"wp:featuredmedia":[{"embeddable":true,"href":"https:\/\/elainnovation.com\/de\/wp-json\/wp\/v2\/media\/18175"}],"wp:attachment":[{"href":"https:\/\/elainnovation.com\/de\/wp-json\/wp\/v2\/media?parent=36064"}],"wp:term":[{"taxonomy":"product_brand","embeddable":true,"href":"https:\/\/elainnovation.com\/de\/wp-json\/wp\/v2\/product_brand?post=36064"},{"taxonomy":"product_cat","embeddable":true,"href":"https:\/\/elainnovation.com\/de\/wp-json\/wp\/v2\/product_cat?post=36064"},{"taxonomy":"product_tag","embeddable":true,"href":"https:\/\/elainnovation.com\/de\/wp-json\/wp\/v2\/product_tag?post=36064"}],"curies":[{"name":"wp","href":"https:\/\/api.w.org\/{rel}","templated":true}]}}