{"id":36091,"date":"2020-12-23T10:59:02","date_gmt":"2025-04-22T10:13:57","guid":{"rendered":"https:\/\/elainnovation.com\/product\/blaue-coin-id-idf10240-05a\/"},"modified":"2025-06-05T13:58:54","modified_gmt":"2025-06-05T11:58:54","slug":"blaue-coin-id-idf10240-05a","status":"publish","type":"product","link":"https:\/\/elainnovation.com\/de\/produkt\/blaue-coin-id-idf10240-05a\/","title":{"rendered":"Blue COIN ID (IDF10240-05A)"},"content":{"rendered":"<p>Der Blue COIN ID ist mit der Bluetooth Low Energy Technologie ausgestattet und ist der ideale Beacon f\u00fcr die Identifizierung von kleinen Ger\u00e4ten. Der Beacon ist kompakt und 100% autonom, passt sich an komplexe Umgebungen an und hat eine Reichweite von bis zu 200m.<\/p>\n<p><strong>Dieses Produkt wird in der Standard-Firmware-Version (V.3.X.X) verkauft und enth\u00e4lt nicht die Premium Bluetooth Advanced Features (verf\u00fcgbar in Firmware V4.X.X). Wenn Sie dieses Produkt mit <a href=\"https:\/\/elainnovation.com\/de\/bluetooth-advanced-features-2\/\">Bluetooth Advanced Features<\/a> bestellen m\u00f6chten, wenden Sie sich bitte an die Vertriebsabteilung. <\/strong><\/p>\n<p><span style=\"color: red;\">NB: Die Verwendung eines NFC-Leseger\u00e4ts f\u00fcr den PC ist erforderlich <a href=\"https:\/\/elainnovation.com\/de\/produit\/nfc-lesegeraet\/\">&gt;&gt;Klicken Sie hier&lt;&lt;<\/a>, um es in Ihren Warenkorb zu legen.<\/span><\/p>\n","protected":false},"excerpt":{"rendered":"<p>Beacon Bluetooth Identifizierung kleiner Ger\u00e4te<\/p>\n","protected":false},"featured_media":18173,"template":"","meta":{"_acf_changed":false,"inline_featured_image":false},"product_brand":[],"product_cat":[290],"product_tag":[],"class_list":{"0":"post-36091","1":"product","2":"type-product","3":"status-publish","4":"has-post-thumbnail","6":"product_cat-ble-sortiment","8":"first","9":"instock","10":"featured","11":"taxable","12":"shipping-taxable","13":"purchasable","14":"product-type-simple"},"acf":[],"yoast_head":"<!-- This site is optimized with the Yoast SEO plugin v27.2 - https:\/\/yoast.com\/product\/yoast-seo-wordpress\/ -->\n<title>Blue COIN ID - Beacon Bluetooth-Identifikator kompakt - ELA Innovation<\/title>\n<meta name=\"description\" content=\"Kompakte Bluetooth Low Energy Beacon-Identifikation, ideal f\u00fcr die Identifizierung von kleinen industriellen, medizinischen und b\u00fcrotechnischen Ger\u00e4ten. LED. 5 Jahre Betriebsdauer.\" \/>\n<meta name=\"robots\" content=\"index, follow, max-snippet:-1, max-image-preview:large, max-video-preview:-1\" \/>\n<link rel=\"canonical\" href=\"https:\/\/elainnovation.com\/de\/produkt\/blaue-coin-id-idf10240-05a\/\" \/>\n<meta property=\"og:locale\" content=\"de_DE\" \/>\n<meta property=\"og:type\" content=\"article\" \/>\n<meta property=\"og:title\" content=\"Blue COIN ID - Beacon Bluetooth-Identifikator kompakt - ELA Innovation\" \/>\n<meta property=\"og:description\" content=\"Kompakte Bluetooth Low Energy Beacon-Identifikation, ideal f\u00fcr die Identifizierung von kleinen industriellen, medizinischen und b\u00fcrotechnischen Ger\u00e4ten. LED. 5 Jahre Betriebsdauer.\" \/>\n<meta property=\"og:url\" content=\"https:\/\/elainnovation.com\/de\/produkt\/blaue-coin-id-idf10240-05a\/\" \/>\n<meta property=\"og:site_name\" content=\"ELA Innovation\" \/>\n<meta property=\"article:publisher\" content=\"https:\/\/www.facebook.com\/ELA-Innovation-489302644542142\/\" \/>\n<meta property=\"article:modified_time\" content=\"2025-06-05T11:58:54+00:00\" \/>\n<meta property=\"og:image\" content=\"https:\/\/elainnovation.com\/wp-content\/uploads\/2020\/12\/Eshop-Blue-COIN-ID.png\" \/>\n\t<meta property=\"og:image:width\" content=\"600\" \/>\n\t<meta property=\"og:image:height\" content=\"300\" \/>\n\t<meta property=\"og:image:type\" content=\"image\/png\" \/>\n<meta name=\"twitter:card\" content=\"summary_large_image\" \/>\n<meta name=\"twitter:site\" content=\"@ElaInnovation\" \/>\n<meta name=\"twitter:label1\" content=\"Gesch\u00e4tzte Lesezeit\" \/>\n\t<meta name=\"twitter:data1\" content=\"1\u00a0Minute\" \/>\n<script type=\"application\/ld+json\" class=\"yoast-schema-graph\">{\"@context\":\"https:\/\/schema.org\",\"@graph\":[{\"@type\":\"WebPage\",\"@id\":\"https:\/\/elainnovation.com\/de\/produkt\/blaue-coin-id-idf10240-05a\/\",\"url\":\"https:\/\/elainnovation.com\/de\/produkt\/blaue-coin-id-idf10240-05a\/\",\"name\":\"Blue COIN ID - Beacon Bluetooth-Identifikator kompakt - ELA Innovation\",\"isPartOf\":{\"@id\":\"https:\/\/elainnovation.com\/de\/#website\"},\"primaryImageOfPage\":{\"@id\":\"https:\/\/elainnovation.com\/de\/produkt\/blaue-coin-id-idf10240-05a\/#primaryimage\"},\"image\":{\"@id\":\"https:\/\/elainnovation.com\/de\/produkt\/blaue-coin-id-idf10240-05a\/#primaryimage\"},\"thumbnailUrl\":\"https:\/\/elainnovation.com\/wp-content\/uploads\/2020\/12\/Eshop-Blue-COIN-ID.png\",\"datePublished\":\"2025-04-22T10:13:57+00:00\",\"dateModified\":\"2025-06-05T11:58:54+00:00\",\"description\":\"Kompakte Bluetooth Low Energy Beacon-Identifikation, ideal f\u00fcr die Identifizierung von kleinen industriellen, medizinischen und b\u00fcrotechnischen Ger\u00e4ten. LED. 5 Jahre Betriebsdauer.\",\"breadcrumb\":{\"@id\":\"https:\/\/elainnovation.com\/de\/produkt\/blaue-coin-id-idf10240-05a\/#breadcrumb\"},\"inLanguage\":\"de\",\"potentialAction\":[{\"@type\":\"ReadAction\",\"target\":[\"https:\/\/elainnovation.com\/de\/produkt\/blaue-coin-id-idf10240-05a\/\"]}]},{\"@type\":\"ImageObject\",\"inLanguage\":\"de\",\"@id\":\"https:\/\/elainnovation.com\/de\/produkt\/blaue-coin-id-idf10240-05a\/#primaryimage\",\"url\":\"https:\/\/elainnovation.com\/wp-content\/uploads\/2020\/12\/Eshop-Blue-COIN-ID.png\",\"contentUrl\":\"https:\/\/elainnovation.com\/wp-content\/uploads\/2020\/12\/Eshop-Blue-COIN-ID.png\",\"width\":600,\"height\":300},{\"@type\":\"BreadcrumbList\",\"@id\":\"https:\/\/elainnovation.com\/de\/produkt\/blaue-coin-id-idf10240-05a\/#breadcrumb\",\"itemListElement\":[{\"@type\":\"ListItem\",\"position\":1,\"name\":\"Home\",\"item\":\"https:\/\/elainnovation.com\/de\/\"},{\"@type\":\"ListItem\",\"position\":2,\"name\":\"Shop\",\"item\":\"https:\/\/elainnovation.com\/shop\/\"},{\"@type\":\"ListItem\",\"position\":3,\"name\":\"Blue COIN ID (IDF10240-05A)\"}]},{\"@type\":\"WebSite\",\"@id\":\"https:\/\/elainnovation.com\/de\/#website\",\"url\":\"https:\/\/elainnovation.com\/de\/\",\"name\":\"ELA Innovation\",\"description\":\"\",\"publisher\":{\"@id\":\"https:\/\/elainnovation.com\/de\/#organization\"},\"potentialAction\":[{\"@type\":\"SearchAction\",\"target\":{\"@type\":\"EntryPoint\",\"urlTemplate\":\"https:\/\/elainnovation.com\/de\/?s={search_term_string}\"},\"query-input\":{\"@type\":\"PropertyValueSpecification\",\"valueRequired\":true,\"valueName\":\"search_term_string\"}}],\"inLanguage\":\"de\"},{\"@type\":\"Organization\",\"@id\":\"https:\/\/elainnovation.com\/de\/#organization\",\"name\":\"ELA Innovation\",\"url\":\"https:\/\/elainnovation.com\/de\/\",\"logo\":{\"@type\":\"ImageObject\",\"inLanguage\":\"de\",\"@id\":\"https:\/\/elainnovation.com\/de\/#\/schema\/logo\/image\/\",\"url\":\"https:\/\/elainnovation.com\/wp-content\/uploads\/2020\/07\/LOGO-Ela-Innovation.png\",\"contentUrl\":\"https:\/\/elainnovation.com\/wp-content\/uploads\/2020\/07\/LOGO-Ela-Innovation.png\",\"width\":436,\"height\":240,\"caption\":\"ELA Innovation\"},\"image\":{\"@id\":\"https:\/\/elainnovation.com\/de\/#\/schema\/logo\/image\/\"},\"sameAs\":[\"https:\/\/www.facebook.com\/ELA-Innovation-489302644542142\/\",\"https:\/\/x.com\/ElaInnovation\",\"https:\/\/www.linkedin.com\/company\/elainnovation\/\"]}]}<\/script>\n<!-- \/ Yoast SEO plugin. -->","yoast_head_json":{"title":"Blue COIN ID - Beacon Bluetooth-Identifikator kompakt - ELA Innovation","description":"Kompakte Bluetooth Low Energy Beacon-Identifikation, ideal f\u00fcr die Identifizierung von kleinen industriellen, medizinischen und b\u00fcrotechnischen Ger\u00e4ten. LED. 5 Jahre Betriebsdauer.","robots":{"index":"index","follow":"follow","max-snippet":"max-snippet:-1","max-image-preview":"max-image-preview:large","max-video-preview":"max-video-preview:-1"},"canonical":"https:\/\/elainnovation.com\/de\/produkt\/blaue-coin-id-idf10240-05a\/","og_locale":"de_DE","og_type":"article","og_title":"Blue COIN ID - Beacon Bluetooth-Identifikator kompakt - ELA Innovation","og_description":"Kompakte Bluetooth Low Energy Beacon-Identifikation, ideal f\u00fcr die Identifizierung von kleinen industriellen, medizinischen und b\u00fcrotechnischen Ger\u00e4ten. LED. 5 Jahre Betriebsdauer.","og_url":"https:\/\/elainnovation.com\/de\/produkt\/blaue-coin-id-idf10240-05a\/","og_site_name":"ELA Innovation","article_publisher":"https:\/\/www.facebook.com\/ELA-Innovation-489302644542142\/","article_modified_time":"2025-06-05T11:58:54+00:00","og_image":[{"width":600,"height":300,"url":"https:\/\/elainnovation.com\/wp-content\/uploads\/2020\/12\/Eshop-Blue-COIN-ID.png","type":"image\/png"}],"twitter_card":"summary_large_image","twitter_site":"@ElaInnovation","twitter_misc":{"Gesch\u00e4tzte Lesezeit":"1\u00a0Minute"},"schema":{"@context":"https:\/\/schema.org","@graph":[{"@type":"WebPage","@id":"https:\/\/elainnovation.com\/de\/produkt\/blaue-coin-id-idf10240-05a\/","url":"https:\/\/elainnovation.com\/de\/produkt\/blaue-coin-id-idf10240-05a\/","name":"Blue COIN ID - Beacon Bluetooth-Identifikator kompakt - ELA Innovation","isPartOf":{"@id":"https:\/\/elainnovation.com\/de\/#website"},"primaryImageOfPage":{"@id":"https:\/\/elainnovation.com\/de\/produkt\/blaue-coin-id-idf10240-05a\/#primaryimage"},"image":{"@id":"https:\/\/elainnovation.com\/de\/produkt\/blaue-coin-id-idf10240-05a\/#primaryimage"},"thumbnailUrl":"https:\/\/elainnovation.com\/wp-content\/uploads\/2020\/12\/Eshop-Blue-COIN-ID.png","datePublished":"2025-04-22T10:13:57+00:00","dateModified":"2025-06-05T11:58:54+00:00","description":"Kompakte Bluetooth Low Energy Beacon-Identifikation, ideal f\u00fcr die Identifizierung von kleinen industriellen, medizinischen und b\u00fcrotechnischen Ger\u00e4ten. LED. 5 Jahre Betriebsdauer.","breadcrumb":{"@id":"https:\/\/elainnovation.com\/de\/produkt\/blaue-coin-id-idf10240-05a\/#breadcrumb"},"inLanguage":"de","potentialAction":[{"@type":"ReadAction","target":["https:\/\/elainnovation.com\/de\/produkt\/blaue-coin-id-idf10240-05a\/"]}]},{"@type":"ImageObject","inLanguage":"de","@id":"https:\/\/elainnovation.com\/de\/produkt\/blaue-coin-id-idf10240-05a\/#primaryimage","url":"https:\/\/elainnovation.com\/wp-content\/uploads\/2020\/12\/Eshop-Blue-COIN-ID.png","contentUrl":"https:\/\/elainnovation.com\/wp-content\/uploads\/2020\/12\/Eshop-Blue-COIN-ID.png","width":600,"height":300},{"@type":"BreadcrumbList","@id":"https:\/\/elainnovation.com\/de\/produkt\/blaue-coin-id-idf10240-05a\/#breadcrumb","itemListElement":[{"@type":"ListItem","position":1,"name":"Home","item":"https:\/\/elainnovation.com\/de\/"},{"@type":"ListItem","position":2,"name":"Shop","item":"https:\/\/elainnovation.com\/shop\/"},{"@type":"ListItem","position":3,"name":"Blue COIN ID (IDF10240-05A)"}]},{"@type":"WebSite","@id":"https:\/\/elainnovation.com\/de\/#website","url":"https:\/\/elainnovation.com\/de\/","name":"ELA Innovation","description":"","publisher":{"@id":"https:\/\/elainnovation.com\/de\/#organization"},"potentialAction":[{"@type":"SearchAction","target":{"@type":"EntryPoint","urlTemplate":"https:\/\/elainnovation.com\/de\/?s={search_term_string}"},"query-input":{"@type":"PropertyValueSpecification","valueRequired":true,"valueName":"search_term_string"}}],"inLanguage":"de"},{"@type":"Organization","@id":"https:\/\/elainnovation.com\/de\/#organization","name":"ELA Innovation","url":"https:\/\/elainnovation.com\/de\/","logo":{"@type":"ImageObject","inLanguage":"de","@id":"https:\/\/elainnovation.com\/de\/#\/schema\/logo\/image\/","url":"https:\/\/elainnovation.com\/wp-content\/uploads\/2020\/07\/LOGO-Ela-Innovation.png","contentUrl":"https:\/\/elainnovation.com\/wp-content\/uploads\/2020\/07\/LOGO-Ela-Innovation.png","width":436,"height":240,"caption":"ELA Innovation"},"image":{"@id":"https:\/\/elainnovation.com\/de\/#\/schema\/logo\/image\/"},"sameAs":["https:\/\/www.facebook.com\/ELA-Innovation-489302644542142\/","https:\/\/x.com\/ElaInnovation","https:\/\/www.linkedin.com\/company\/elainnovation\/"]}]}},"_links":{"self":[{"href":"https:\/\/elainnovation.com\/de\/wp-json\/wp\/v2\/product\/36091","targetHints":{"allow":["GET"]}}],"collection":[{"href":"https:\/\/elainnovation.com\/de\/wp-json\/wp\/v2\/product"}],"about":[{"href":"https:\/\/elainnovation.com\/de\/wp-json\/wp\/v2\/types\/product"}],"wp:featuredmedia":[{"embeddable":true,"href":"https:\/\/elainnovation.com\/de\/wp-json\/wp\/v2\/media\/18173"}],"wp:attachment":[{"href":"https:\/\/elainnovation.com\/de\/wp-json\/wp\/v2\/media?parent=36091"}],"wp:term":[{"taxonomy":"product_brand","embeddable":true,"href":"https:\/\/elainnovation.com\/de\/wp-json\/wp\/v2\/product_brand?post=36091"},{"taxonomy":"product_cat","embeddable":true,"href":"https:\/\/elainnovation.com\/de\/wp-json\/wp\/v2\/product_cat?post=36091"},{"taxonomy":"product_tag","embeddable":true,"href":"https:\/\/elainnovation.com\/de\/wp-json\/wp\/v2\/product_tag?post=36091"}],"curies":[{"name":"wp","href":"https:\/\/api.w.org\/{rel}","templated":true}]}}