{"id":36112,"date":"2020-12-23T13:46:52","date_gmt":"2020-12-23T11:46:52","guid":{"rendered":"https:\/\/elainnovation.com\/product\/aero-id-quuppa-idf10540-02a\/"},"modified":"2025-10-29T10:53:46","modified_gmt":"2025-10-29T08:53:46","slug":"aero-id-quuppa-idf10540-02a","status":"publish","type":"product","link":"https:\/\/elainnovation.com\/de\/produkt\/aero-id-quuppa-idf10540-02a\/","title":{"rendered":"AERO ID QUUPPA (IDF10540-02A)"},"content":{"rendered":"<p>Der AERO ID Quuppa ist mit der AOA-Technologie (Ankunftswinkel) ausgestattet und ist der ideale Tag f\u00fcr die hochpr\u00e4zise Lokalisierung von Industrieger\u00e4ten und Werkzeugen in der Luftfahrt. Seine Robustheit, die gelbe Farbe (optional) und das hochleistungsf\u00e4hige Befestigungssystem erf\u00fcllen die Anti-FOD (Foreign Object Damage) Standards.<\/p>\n<p>Bitte beachten Sie, dass unser AERO ID Quuppa Tag nur innerhalb einer QUUPPA Infrastruktur funktionieren kann, die aus LOCATOR Antennen und der QUUUPPA Software Suite besteht.<\/p>\n<p>F\u00fcr weitere Informationen zu diesen Elementen wenden Sie sich bitte an die Verkaufsteams unseres Partners QUUPPA.<\/p>\n<p>QUUPPA-zertifiziert<\/p>\n<p><span style=\"color: red;\">NB: Die Verwendung eines NFC-Leseger\u00e4ts f\u00fcr den PC ist erforderlich <a href=\"https:\/\/elainnovation.com\/de\/produit\/nfc-lesegeraet\/\">&gt;&gt;Klicken Sie hier&lt;&lt;<\/a>, um es in Ihren Warenkorb zu legen.<\/span><\/p>\n<p><strong>Das Produkt wird auf Bestellung hergestellt. Die Fristen werden Ihnen von unseren Teams mitgeteilt. <\/strong><\/p>\n","protected":false},"excerpt":{"rendered":"<p>Lokalisierungs-Tag Quuppa<\/p>\n","protected":false},"featured_media":24791,"template":"","meta":{"_acf_changed":false,"inline_featured_image":false},"product_brand":[],"product_cat":[291],"product_tag":[],"class_list":{"0":"post-36112","1":"product","2":"type-product","3":"status-publish","4":"has-post-thumbnail","6":"product_cat-aoa-reihe","8":"first","9":"instock","10":"taxable","11":"shipping-taxable","12":"purchasable","13":"product-type-simple"},"acf":[],"yoast_head":"<!-- This site is optimized with the Yoast SEO plugin v27.4 - https:\/\/yoast.com\/product\/yoast-seo-wordpress\/ -->\n<title>AERO ID QUUPPA (IDF10540-02A) - ELA Innovation<\/title>\n<meta name=\"description\" content=\"Erkennung durch Ankunftswinkel (AOA). Tag ideal f\u00fcr die hochpr\u00e4zise Lokalisierung von industriellen Ger\u00e4ten und Werkzeugen in der Luftfahrt.\" \/>\n<meta name=\"robots\" content=\"index, follow, max-snippet:-1, max-image-preview:large, max-video-preview:-1\" \/>\n<link rel=\"canonical\" href=\"https:\/\/elainnovation.com\/de\/produkt\/aero-id-quuppa-idf10540-02a\/\" \/>\n<meta property=\"og:locale\" content=\"de_DE\" \/>\n<meta property=\"og:type\" content=\"article\" \/>\n<meta property=\"og:title\" content=\"AERO ID QUUPPA (IDF10540-02A) - ELA Innovation\" \/>\n<meta property=\"og:description\" content=\"Erkennung durch Ankunftswinkel (AOA). Tag ideal f\u00fcr die hochpr\u00e4zise Lokalisierung von industriellen Ger\u00e4ten und Werkzeugen in der Luftfahrt.\" \/>\n<meta property=\"og:url\" content=\"https:\/\/elainnovation.com\/de\/produkt\/aero-id-quuppa-idf10540-02a\/\" \/>\n<meta property=\"og:site_name\" content=\"ELA Innovation\" \/>\n<meta property=\"article:publisher\" content=\"https:\/\/www.facebook.com\/ELA-Innovation-489302644542142\/\" \/>\n<meta property=\"article:modified_time\" content=\"2025-10-29T08:53:46+00:00\" \/>\n<meta property=\"og:image\" content=\"https:\/\/elainnovation.com\/wp-content\/uploads\/2020\/12\/Eshop-Aero-ID-Quuppa-approuved-1.png\" \/>\n\t<meta property=\"og:image:width\" content=\"600\" \/>\n\t<meta property=\"og:image:height\" content=\"300\" \/>\n\t<meta property=\"og:image:type\" content=\"image\/png\" \/>\n<meta name=\"twitter:card\" content=\"summary_large_image\" \/>\n<meta name=\"twitter:site\" content=\"@ElaInnovation\" \/>\n<meta name=\"twitter:label1\" content=\"Gesch\u00e4tzte Lesezeit\" \/>\n\t<meta name=\"twitter:data1\" content=\"1\u00a0Minute\" \/>\n<script type=\"application\/ld+json\" class=\"yoast-schema-graph\">{\"@context\":\"https:\\\/\\\/schema.org\",\"@graph\":[{\"@type\":\"WebPage\",\"@id\":\"https:\\\/\\\/elainnovation.com\\\/de\\\/produkt\\\/aero-id-quuppa-idf10540-02a\\\/\",\"url\":\"https:\\\/\\\/elainnovation.com\\\/de\\\/produkt\\\/aero-id-quuppa-idf10540-02a\\\/\",\"name\":\"AERO ID QUUPPA (IDF10540-02A) - ELA Innovation\",\"isPartOf\":{\"@id\":\"https:\\\/\\\/elainnovation.com\\\/de\\\/#website\"},\"primaryImageOfPage\":{\"@id\":\"https:\\\/\\\/elainnovation.com\\\/de\\\/produkt\\\/aero-id-quuppa-idf10540-02a\\\/#primaryimage\"},\"image\":{\"@id\":\"https:\\\/\\\/elainnovation.com\\\/de\\\/produkt\\\/aero-id-quuppa-idf10540-02a\\\/#primaryimage\"},\"thumbnailUrl\":\"https:\\\/\\\/elainnovation.com\\\/wp-content\\\/uploads\\\/2020\\\/12\\\/Eshop-Aero-ID-Quuppa-approuved-1.png\",\"datePublished\":\"2020-12-23T11:46:52+00:00\",\"dateModified\":\"2025-10-29T08:53:46+00:00\",\"description\":\"Erkennung durch Ankunftswinkel (AOA). Tag ideal f\u00fcr die hochpr\u00e4zise Lokalisierung von industriellen Ger\u00e4ten und Werkzeugen in der Luftfahrt.\",\"breadcrumb\":{\"@id\":\"https:\\\/\\\/elainnovation.com\\\/de\\\/produkt\\\/aero-id-quuppa-idf10540-02a\\\/#breadcrumb\"},\"inLanguage\":\"de\",\"potentialAction\":[{\"@type\":\"ReadAction\",\"target\":[\"https:\\\/\\\/elainnovation.com\\\/de\\\/produkt\\\/aero-id-quuppa-idf10540-02a\\\/\"]}]},{\"@type\":\"ImageObject\",\"inLanguage\":\"de\",\"@id\":\"https:\\\/\\\/elainnovation.com\\\/de\\\/produkt\\\/aero-id-quuppa-idf10540-02a\\\/#primaryimage\",\"url\":\"https:\\\/\\\/elainnovation.com\\\/wp-content\\\/uploads\\\/2020\\\/12\\\/Eshop-Aero-ID-Quuppa-approuved-1.png\",\"contentUrl\":\"https:\\\/\\\/elainnovation.com\\\/wp-content\\\/uploads\\\/2020\\\/12\\\/Eshop-Aero-ID-Quuppa-approuved-1.png\",\"width\":600,\"height\":300,\"caption\":\"Aero-ID-Quuppa\"},{\"@type\":\"BreadcrumbList\",\"@id\":\"https:\\\/\\\/elainnovation.com\\\/de\\\/produkt\\\/aero-id-quuppa-idf10540-02a\\\/#breadcrumb\",\"itemListElement\":[{\"@type\":\"ListItem\",\"position\":1,\"name\":\"Home\",\"item\":\"https:\\\/\\\/elainnovation.com\\\/de\\\/\"},{\"@type\":\"ListItem\",\"position\":2,\"name\":\"Shop\",\"item\":\"https:\\\/\\\/elainnovation.com\\\/shop\\\/\"},{\"@type\":\"ListItem\",\"position\":3,\"name\":\"AERO ID QUUPPA (IDF10540-02A)\"}]},{\"@type\":\"WebSite\",\"@id\":\"https:\\\/\\\/elainnovation.com\\\/de\\\/#website\",\"url\":\"https:\\\/\\\/elainnovation.com\\\/de\\\/\",\"name\":\"ELA Innovation\",\"description\":\"\",\"publisher\":{\"@id\":\"https:\\\/\\\/elainnovation.com\\\/de\\\/#organization\"},\"potentialAction\":[{\"@type\":\"SearchAction\",\"target\":{\"@type\":\"EntryPoint\",\"urlTemplate\":\"https:\\\/\\\/elainnovation.com\\\/de\\\/?s={search_term_string}\"},\"query-input\":{\"@type\":\"PropertyValueSpecification\",\"valueRequired\":true,\"valueName\":\"search_term_string\"}}],\"inLanguage\":\"de\"},{\"@type\":\"Organization\",\"@id\":\"https:\\\/\\\/elainnovation.com\\\/de\\\/#organization\",\"name\":\"ELA Innovation\",\"url\":\"https:\\\/\\\/elainnovation.com\\\/de\\\/\",\"logo\":{\"@type\":\"ImageObject\",\"inLanguage\":\"de\",\"@id\":\"https:\\\/\\\/elainnovation.com\\\/de\\\/#\\\/schema\\\/logo\\\/image\\\/\",\"url\":\"https:\\\/\\\/elainnovation.com\\\/wp-content\\\/uploads\\\/2020\\\/07\\\/LOGO-Ela-Innovation.png\",\"contentUrl\":\"https:\\\/\\\/elainnovation.com\\\/wp-content\\\/uploads\\\/2020\\\/07\\\/LOGO-Ela-Innovation.png\",\"width\":436,\"height\":240,\"caption\":\"ELA Innovation\"},\"image\":{\"@id\":\"https:\\\/\\\/elainnovation.com\\\/de\\\/#\\\/schema\\\/logo\\\/image\\\/\"},\"sameAs\":[\"https:\\\/\\\/www.facebook.com\\\/ELA-Innovation-489302644542142\\\/\",\"https:\\\/\\\/x.com\\\/ElaInnovation\",\"https:\\\/\\\/www.linkedin.com\\\/company\\\/elainnovation\\\/\"]}]}<\/script>\n<!-- \/ Yoast SEO plugin. -->","yoast_head_json":{"title":"AERO ID QUUPPA (IDF10540-02A) - ELA Innovation","description":"Erkennung durch Ankunftswinkel (AOA). Tag ideal f\u00fcr die hochpr\u00e4zise Lokalisierung von industriellen Ger\u00e4ten und Werkzeugen in der Luftfahrt.","robots":{"index":"index","follow":"follow","max-snippet":"max-snippet:-1","max-image-preview":"max-image-preview:large","max-video-preview":"max-video-preview:-1"},"canonical":"https:\/\/elainnovation.com\/de\/produkt\/aero-id-quuppa-idf10540-02a\/","og_locale":"de_DE","og_type":"article","og_title":"AERO ID QUUPPA (IDF10540-02A) - ELA Innovation","og_description":"Erkennung durch Ankunftswinkel (AOA). Tag ideal f\u00fcr die hochpr\u00e4zise Lokalisierung von industriellen Ger\u00e4ten und Werkzeugen in der Luftfahrt.","og_url":"https:\/\/elainnovation.com\/de\/produkt\/aero-id-quuppa-idf10540-02a\/","og_site_name":"ELA Innovation","article_publisher":"https:\/\/www.facebook.com\/ELA-Innovation-489302644542142\/","article_modified_time":"2025-10-29T08:53:46+00:00","og_image":[{"width":600,"height":300,"url":"https:\/\/elainnovation.com\/wp-content\/uploads\/2020\/12\/Eshop-Aero-ID-Quuppa-approuved-1.png","type":"image\/png"}],"twitter_card":"summary_large_image","twitter_site":"@ElaInnovation","twitter_misc":{"Gesch\u00e4tzte Lesezeit":"1\u00a0Minute"},"schema":{"@context":"https:\/\/schema.org","@graph":[{"@type":"WebPage","@id":"https:\/\/elainnovation.com\/de\/produkt\/aero-id-quuppa-idf10540-02a\/","url":"https:\/\/elainnovation.com\/de\/produkt\/aero-id-quuppa-idf10540-02a\/","name":"AERO ID QUUPPA (IDF10540-02A) - ELA Innovation","isPartOf":{"@id":"https:\/\/elainnovation.com\/de\/#website"},"primaryImageOfPage":{"@id":"https:\/\/elainnovation.com\/de\/produkt\/aero-id-quuppa-idf10540-02a\/#primaryimage"},"image":{"@id":"https:\/\/elainnovation.com\/de\/produkt\/aero-id-quuppa-idf10540-02a\/#primaryimage"},"thumbnailUrl":"https:\/\/elainnovation.com\/wp-content\/uploads\/2020\/12\/Eshop-Aero-ID-Quuppa-approuved-1.png","datePublished":"2020-12-23T11:46:52+00:00","dateModified":"2025-10-29T08:53:46+00:00","description":"Erkennung durch Ankunftswinkel (AOA). Tag ideal f\u00fcr die hochpr\u00e4zise Lokalisierung von industriellen Ger\u00e4ten und Werkzeugen in der Luftfahrt.","breadcrumb":{"@id":"https:\/\/elainnovation.com\/de\/produkt\/aero-id-quuppa-idf10540-02a\/#breadcrumb"},"inLanguage":"de","potentialAction":[{"@type":"ReadAction","target":["https:\/\/elainnovation.com\/de\/produkt\/aero-id-quuppa-idf10540-02a\/"]}]},{"@type":"ImageObject","inLanguage":"de","@id":"https:\/\/elainnovation.com\/de\/produkt\/aero-id-quuppa-idf10540-02a\/#primaryimage","url":"https:\/\/elainnovation.com\/wp-content\/uploads\/2020\/12\/Eshop-Aero-ID-Quuppa-approuved-1.png","contentUrl":"https:\/\/elainnovation.com\/wp-content\/uploads\/2020\/12\/Eshop-Aero-ID-Quuppa-approuved-1.png","width":600,"height":300,"caption":"Aero-ID-Quuppa"},{"@type":"BreadcrumbList","@id":"https:\/\/elainnovation.com\/de\/produkt\/aero-id-quuppa-idf10540-02a\/#breadcrumb","itemListElement":[{"@type":"ListItem","position":1,"name":"Home","item":"https:\/\/elainnovation.com\/de\/"},{"@type":"ListItem","position":2,"name":"Shop","item":"https:\/\/elainnovation.com\/shop\/"},{"@type":"ListItem","position":3,"name":"AERO ID QUUPPA (IDF10540-02A)"}]},{"@type":"WebSite","@id":"https:\/\/elainnovation.com\/de\/#website","url":"https:\/\/elainnovation.com\/de\/","name":"ELA Innovation","description":"","publisher":{"@id":"https:\/\/elainnovation.com\/de\/#organization"},"potentialAction":[{"@type":"SearchAction","target":{"@type":"EntryPoint","urlTemplate":"https:\/\/elainnovation.com\/de\/?s={search_term_string}"},"query-input":{"@type":"PropertyValueSpecification","valueRequired":true,"valueName":"search_term_string"}}],"inLanguage":"de"},{"@type":"Organization","@id":"https:\/\/elainnovation.com\/de\/#organization","name":"ELA Innovation","url":"https:\/\/elainnovation.com\/de\/","logo":{"@type":"ImageObject","inLanguage":"de","@id":"https:\/\/elainnovation.com\/de\/#\/schema\/logo\/image\/","url":"https:\/\/elainnovation.com\/wp-content\/uploads\/2020\/07\/LOGO-Ela-Innovation.png","contentUrl":"https:\/\/elainnovation.com\/wp-content\/uploads\/2020\/07\/LOGO-Ela-Innovation.png","width":436,"height":240,"caption":"ELA Innovation"},"image":{"@id":"https:\/\/elainnovation.com\/de\/#\/schema\/logo\/image\/"},"sameAs":["https:\/\/www.facebook.com\/ELA-Innovation-489302644542142\/","https:\/\/x.com\/ElaInnovation","https:\/\/www.linkedin.com\/company\/elainnovation\/"]}]}},"_links":{"self":[{"href":"https:\/\/elainnovation.com\/de\/wp-json\/wp\/v2\/product\/36112","targetHints":{"allow":["GET"]}}],"collection":[{"href":"https:\/\/elainnovation.com\/de\/wp-json\/wp\/v2\/product"}],"about":[{"href":"https:\/\/elainnovation.com\/de\/wp-json\/wp\/v2\/types\/product"}],"wp:featuredmedia":[{"embeddable":true,"href":"https:\/\/elainnovation.com\/de\/wp-json\/wp\/v2\/media\/24791"}],"wp:attachment":[{"href":"https:\/\/elainnovation.com\/de\/wp-json\/wp\/v2\/media?parent=36112"}],"wp:term":[{"taxonomy":"product_brand","embeddable":true,"href":"https:\/\/elainnovation.com\/de\/wp-json\/wp\/v2\/product_brand?post=36112"},{"taxonomy":"product_cat","embeddable":true,"href":"https:\/\/elainnovation.com\/de\/wp-json\/wp\/v2\/product_cat?post=36112"},{"taxonomy":"product_tag","embeddable":true,"href":"https:\/\/elainnovation.com\/de\/wp-json\/wp\/v2\/product_tag?post=36112"}],"curies":[{"name":"wp","href":"https:\/\/api.w.org\/{rel}","templated":true}]}}