{"id":40628,"date":"2025-08-21T15:39:24","date_gmt":"2025-08-21T13:39:24","guid":{"rendered":"https:\/\/elainnovation.com\/historias-de-exito-del-catalogo\/"},"modified":"2025-09-26T10:47:12","modified_gmt":"2025-09-26T08:47:12","slug":"historias-de-exito-del-catalogo","status":"publish","type":"page","link":"https:\/\/elainnovation.com\/es\/historias-de-exito-del-catalogo\/","title":{"rendered":"Cat\u00e1logo Sucess Stories"},"content":{"rendered":"\t\t<div data-elementor-type=\"wp-page\" data-elementor-id=\"40628\" class=\"elementor elementor-40628 elementor-1096\" data-elementor-post-type=\"page\">\n\t\t\t\t\t\t<section class=\"elementor-section elementor-top-section elementor-element elementor-element-20ff1d8 elementor-section-full_width elementor-section-height-default elementor-section-height-default\" data-id=\"20ff1d8\" data-element_type=\"section\" data-e-type=\"section\" data-settings=\"{&quot;background_background&quot;:&quot;classic&quot;,&quot;jet_parallax_layout_list&quot;:[{&quot;_id&quot;:&quot;8fe931d&quot;,&quot;jet_parallax_layout_image&quot;:{&quot;url&quot;:&quot;&quot;,&quot;id&quot;:&quot;&quot;,&quot;size&quot;:&quot;&quot;},&quot;jet_parallax_layout_image_tablet_extra&quot;:{&quot;url&quot;:&quot;&quot;,&quot;id&quot;:&quot;&quot;,&quot;size&quot;:&quot;&quot;},&quot;jet_parallax_layout_image_tablet&quot;:{&quot;url&quot;:&quot;&quot;,&quot;id&quot;:&quot;&quot;,&quot;size&quot;:&quot;&quot;},&quot;jet_parallax_layout_image_mobile&quot;:{&quot;url&quot;:&quot;&quot;,&quot;id&quot;:&quot;&quot;,&quot;size&quot;:&quot;&quot;},&quot;jet_parallax_layout_speed&quot;:{&quot;unit&quot;:&quot;%&quot;,&quot;size&quot;:50,&quot;sizes&quot;:[]},&quot;jet_parallax_layout_type&quot;:&quot;scroll&quot;,&quot;jet_parallax_layout_direction&quot;:&quot;1&quot;,&quot;jet_parallax_layout_fx_direction&quot;:null,&quot;jet_parallax_layout_z_index&quot;:&quot;&quot;,&quot;jet_parallax_layout_bg_x&quot;:50,&quot;jet_parallax_layout_bg_x_tablet_extra&quot;:&quot;&quot;,&quot;jet_parallax_layout_bg_x_tablet&quot;:&quot;&quot;,&quot;jet_parallax_layout_bg_x_mobile&quot;:&quot;&quot;,&quot;jet_parallax_layout_bg_y&quot;:50,&quot;jet_parallax_layout_bg_y_tablet_extra&quot;:&quot;&quot;,&quot;jet_parallax_layout_bg_y_tablet&quot;:&quot;&quot;,&quot;jet_parallax_layout_bg_y_mobile&quot;:&quot;&quot;,&quot;jet_parallax_layout_bg_size&quot;:&quot;auto&quot;,&quot;jet_parallax_layout_bg_size_tablet_extra&quot;:&quot;&quot;,&quot;jet_parallax_layout_bg_size_tablet&quot;:&quot;&quot;,&quot;jet_parallax_layout_bg_size_mobile&quot;:&quot;&quot;,&quot;jet_parallax_layout_animation_prop&quot;:&quot;transform&quot;,&quot;jet_parallax_layout_on&quot;:[&quot;desktop&quot;,&quot;tablet&quot;]}]}\">\n\t\t\t\t\t\t\t<div class=\"elementor-background-overlay\"><\/div>\n\t\t\t\t\t\t\t<div class=\"elementor-container elementor-column-gap-default\">\n\t\t\t\t\t<div class=\"elementor-column elementor-col-50 elementor-top-column elementor-element elementor-element-0f1ed81\" data-id=\"0f1ed81\" data-element_type=\"column\" data-e-type=\"column\">\n\t\t\t<div class=\"elementor-widget-wrap elementor-element-populated\">\n\t\t\t\t\t\t<section class=\"elementor-section elementor-inner-section elementor-element elementor-element-26c03c1 elementor-section-boxed elementor-section-height-default elementor-section-height-default\" data-id=\"26c03c1\" data-element_type=\"section\" data-e-type=\"section\" data-settings=\"{&quot;jet_parallax_layout_list&quot;:[]}\">\n\t\t\t\t\t\t<div class=\"elementor-container elementor-column-gap-default\">\n\t\t\t\t\t<div class=\"elementor-column elementor-col-100 elementor-inner-column elementor-element elementor-element-6b30828\" data-id=\"6b30828\" data-element_type=\"column\" data-e-type=\"column\">\n\t\t\t<div class=\"elementor-widget-wrap\">\n\t\t\t\t\t\t\t<\/div>\n\t\t<\/div>\n\t\t\t\t\t<\/div>\n\t\t<\/section>\n\t\t\t\t<div class=\"elementor-element elementor-element-f2af497 elementor-widget elementor-widget-heading\" data-id=\"f2af497\" data-element_type=\"widget\" data-e-type=\"widget\" data-widget_type=\"heading.default\">\n\t\t\t\t<div class=\"elementor-widget-container\">\n\t\t\t\t\t<h1 class=\"elementor-heading-title elementor-size-default\">Success <font color=\"#2970dc\">Stories<\/font><\/h1>\t\t\t\t<\/div>\n\t\t\t\t<\/div>\n\t\t\t\t<div class=\"elementor-element elementor-element-3a85cf4 elementor-widget elementor-widget-text-editor\" data-id=\"3a85cf4\" data-element_type=\"widget\" data-e-type=\"widget\" data-widget_type=\"text-editor.default\">\n\t\t\t\t<div class=\"elementor-widget-container\">\n\t\t\t\t\t\t\t\t\t<p>En esta secci\u00f3n encontrar\u00e1s varias presentaciones de proyectos y testimonios de clientes que utilizan balizas y sensores ELA Innovation.<\/p>\t\t\t\t\t\t\t\t<\/div>\n\t\t\t\t<\/div>\n\t\t\t\t\t<\/div>\n\t\t<\/div>\n\t\t\t\t<div class=\"elementor-column elementor-col-50 elementor-top-column elementor-element elementor-element-e4418a5\" data-id=\"e4418a5\" data-element_type=\"column\" data-e-type=\"column\">\n\t\t\t<div class=\"elementor-widget-wrap\">\n\t\t\t\t\t\t\t<\/div>\n\t\t<\/div>\n\t\t\t\t\t<\/div>\n\t\t<\/section>\n\t\t\t\t<section class=\"elementor-section elementor-top-section elementor-element elementor-element-6fead34 elementor-section-boxed elementor-section-height-default elementor-section-height-default\" data-id=\"6fead34\" data-element_type=\"section\" data-e-type=\"section\" data-settings=\"{&quot;jet_parallax_layout_list&quot;:[{&quot;jet_parallax_layout_image&quot;:{&quot;url&quot;:&quot;&quot;,&quot;id&quot;:&quot;&quot;,&quot;size&quot;:&quot;&quot;},&quot;_id&quot;:&quot;d92ad1c&quot;,&quot;jet_parallax_layout_image_tablet_extra&quot;:{&quot;url&quot;:&quot;&quot;,&quot;id&quot;:&quot;&quot;,&quot;size&quot;:&quot;&quot;},&quot;jet_parallax_layout_image_tablet&quot;:{&quot;url&quot;:&quot;&quot;,&quot;id&quot;:&quot;&quot;,&quot;size&quot;:&quot;&quot;},&quot;jet_parallax_layout_image_mobile&quot;:{&quot;url&quot;:&quot;&quot;,&quot;id&quot;:&quot;&quot;,&quot;size&quot;:&quot;&quot;},&quot;jet_parallax_layout_speed&quot;:{&quot;unit&quot;:&quot;%&quot;,&quot;size&quot;:50,&quot;sizes&quot;:[]},&quot;jet_parallax_layout_type&quot;:&quot;scroll&quot;,&quot;jet_parallax_layout_direction&quot;:&quot;1&quot;,&quot;jet_parallax_layout_fx_direction&quot;:null,&quot;jet_parallax_layout_z_index&quot;:&quot;&quot;,&quot;jet_parallax_layout_bg_x&quot;:50,&quot;jet_parallax_layout_bg_x_tablet_extra&quot;:&quot;&quot;,&quot;jet_parallax_layout_bg_x_tablet&quot;:&quot;&quot;,&quot;jet_parallax_layout_bg_x_mobile&quot;:&quot;&quot;,&quot;jet_parallax_layout_bg_y&quot;:50,&quot;jet_parallax_layout_bg_y_tablet_extra&quot;:&quot;&quot;,&quot;jet_parallax_layout_bg_y_tablet&quot;:&quot;&quot;,&quot;jet_parallax_layout_bg_y_mobile&quot;:&quot;&quot;,&quot;jet_parallax_layout_bg_size&quot;:&quot;auto&quot;,&quot;jet_parallax_layout_bg_size_tablet_extra&quot;:&quot;&quot;,&quot;jet_parallax_layout_bg_size_tablet&quot;:&quot;&quot;,&quot;jet_parallax_layout_bg_size_mobile&quot;:&quot;&quot;,&quot;jet_parallax_layout_animation_prop&quot;:&quot;transform&quot;,&quot;jet_parallax_layout_on&quot;:[&quot;desktop&quot;,&quot;tablet&quot;]}]}\">\n\t\t\t\t\t\t<div class=\"elementor-container elementor-column-gap-default\">\n\t\t\t\t\t<div class=\"elementor-column elementor-col-100 elementor-top-column elementor-element elementor-element-1043671\" data-id=\"1043671\" data-element_type=\"column\" data-e-type=\"column\">\n\t\t\t<div class=\"elementor-widget-wrap elementor-element-populated\">\n\t\t\t\t\t\t<div class=\"elementor-element elementor-element-c041f29 elementor-widget elementor-widget-shortcode\" data-id=\"c041f29\" data-element_type=\"widget\" data-e-type=\"widget\" data-widget_type=\"shortcode.default\">\n\t\t\t\t<div class=\"elementor-widget-container\">\n\t\t\t\t\t\t\t<div class=\"elementor-shortcode\"><div class=\"card-deck shortcode-liste_success_stories\" id=\"liste-success-stories\"><div class=\" success_stories\"> <div class=\"without-background\">  <figure>   <img decoding=\"async\" src=\"https:\/\/elainnovation.com\/wp-content\/uploads\/2025\/09\/LOGO_MAPON.png\">   <figcaption>Mapon<\/figcaption>  <\/figure>  <p>Transporte seguro: seguimiento de activos y temperatura en tiempo real<\/p>  <a href=\"https:\/\/elainnovation.com\/es\/success_stories\/transporte-seguro-seguimiento-activos-temperatura-tiempo-real\/\" class=\"readmore\">Ver m\u00e1s<\/a>  <div class=\"figure-border\"><\/div> <\/div> <div class=\"with-background\">  <figure style=\"background-image: url(https:\/\/elainnovation.com\/wp-content\/uploads\/2025\/09\/BLE-tag_5-scaled.jpg);\"><\/figure> <\/div><\/div><div class=\" success_stories\"> <div class=\"without-background\">  <figure>   <img decoding=\"async\" src=\"https:\/\/elainnovation.com\/wp-content\/uploads\/2023\/11\/Metrix-IsoLogotipo.png\">   <figcaption>Metrix<\/figcaption>  <\/figure>  <p>Control de la temperatura: evitar la ruptura de la cadena de fr\u00edo<\/p>  <a href=\"https:\/\/elainnovation.com\/es\/success_stories\/control-de-la-temperatura-evitar-la-ruptura-de-la-cadena-de-frio\/\" class=\"readmore\">Ver m\u00e1s<\/a>  <div class=\"figure-border\"><\/div> <\/div> <div class=\"with-background\">  <figure style=\"background-image: url(https:\/\/elainnovation.com\/wp-content\/uploads\/2021\/12\/Controle-temperature-supermarche.jpg);\"><\/figure> <\/div><\/div><div class=\" success_stories\"> <div class=\"without-background\">  <figure>   <img decoding=\"async\" src=\"https:\/\/elainnovation.com\/wp-content\/uploads\/2025\/04\/Rosenberger_Logo_red_RGB_1000px-1.png\">   <figcaption>Rosenberger Telem\u00e1tica  <\/figcaption>  <\/figure>  <p>Inventario autom\u00e1tico de activos de construcci\u00f3n en proyectos de varias obras<\/p>  <a href=\"https:\/\/elainnovation.com\/es\/success_stories\/inventario-automatico-de-activos-de-construccion-en-proyectos-de-varias-obras\/\" class=\"readmore\">Ver m\u00e1s<\/a>  <div class=\"figure-border\"><\/div> <\/div> <div class=\"with-background\">  <figure style=\"background-image: url(https:\/\/elainnovation.com\/wp-content\/uploads\/2025\/05\/Pelleteuse-chantier-min-scaled.jpeg);\"><\/figure> <\/div><\/div><div class=\" success_stories\"> <div class=\"without-background\">  <figure>   <img decoding=\"async\" src=\"https:\/\/elainnovation.com\/wp-content\/uploads\/2021\/11\/Logo-NGE.png\">   <figcaption>NGE<\/figcaption>  <\/figure>  <p>Geolocalizaci\u00f3n en exteriores: Inventario autom\u00e1tico de material el\u00e9ctrico port\u00e1til<\/p>  <a href=\"https:\/\/elainnovation.com\/es\/success_stories\/geolocalizacion-en-exteriores-inventario-automatico-de-material-electrico-portatil\/\" class=\"readmore\">Ver m\u00e1s<\/a>  <div class=\"figure-border\"><\/div> <\/div> <div class=\"with-background\">  <figure style=\"background-image: url(https:\/\/elainnovation.com\/wp-content\/uploads\/2023\/08\/Localisation-outil-chantier-2-min-scaled.jpeg);\"><\/figure> <\/div><\/div><div class=\" success_stories\"> <div class=\"without-background\">  <figure>   <img decoding=\"async\" src=\"https:\/\/elainnovation.com\/wp-content\/uploads\/2025\/01\/G4S_telematix_logo-1.png\">   <figcaption>G4S Telematix<\/figcaption>  <\/figure>  <p>Mayor seguridad gracias a la identificaci\u00f3n del conductor<\/p>  <a href=\"https:\/\/elainnovation.com\/es\/success_stories\/mejorar-la-seguridad-mediante-la-identificacion-del-conductor\/\" class=\"readmore\">Ver m\u00e1s<\/a>  <div class=\"figure-border\"><\/div> <\/div> <div class=\"with-background\">  <figure style=\"background-image: url(https:\/\/elainnovation.com\/wp-content\/uploads\/2020\/08\/Identification-chauffeur_web.jpg);\"><\/figure> <\/div><\/div><div class=\" success_stories\"> <div class=\"without-background\">  <figure>   <img decoding=\"async\" src=\"https:\/\/elainnovation.com\/wp-content\/uploads\/2023\/10\/NYCSBUS-Logo-01.png\">   <figcaption>NYCSBUS<\/figcaption>  <\/figure>  <p>Control de la temperatura: Mantenimiento del aire acondicionado<\/p>  <a href=\"https:\/\/elainnovation.com\/es\/success_stories\/control-de-la-temperatura-mantenimiento-del-aire-acondicionado\/\" class=\"readmore\">Ver m\u00e1s<\/a>  <div class=\"figure-border\"><\/div> <\/div> <div class=\"with-background\">  <figure style=\"background-image: url(https:\/\/elainnovation.com\/wp-content\/uploads\/2023\/10\/NYCSBUS-Imagen-min.jpg);\"><\/figure> <\/div><\/div><div class=\" success_stories\"> <div class=\"without-background\">  <figure>   <img decoding=\"async\" src=\"https:\/\/elainnovation.com\/wp-content\/uploads\/2025\/05\/logo-equad.png\">   <figcaption>CEQUAD<\/figcaption>  <\/figure>  <p>Control de la temperatura y la humedad en la producci\u00f3n de placas electr\u00f3nicas<\/p>  <a href=\"https:\/\/elainnovation.com\/es\/success_stories\/control-de-la-temperatura-y-la-humedad-en-la-produccion-de-placas-electronicas\/\" class=\"readmore\">Ver m\u00e1s<\/a>  <div class=\"figure-border\"><\/div> <\/div> <div class=\"with-background\">  <figure style=\"background-image: url(https:\/\/elainnovation.com\/wp-content\/uploads\/2025\/05\/cequad-cartes.jpg);\"><\/figure> <\/div><\/div><div class=\" success_stories\"> <div class=\"without-background\">  <figure>   <img decoding=\"async\" src=\"https:\/\/elainnovation.com\/wp-content\/uploads\/2023\/07\/Logo-Santos-2020_couleur_fd-transparent-Isabelle-bodar.png\">   <figcaption>Santos<\/figcaption>  <\/figure>  <p>Geolocalizaci\u00f3n en interiores: gesti\u00f3n del stock de palets en almacenes log\u00edsticos<\/p>  <a href=\"https:\/\/elainnovation.com\/es\/success_stories\/geolocalizacion-en-interiores-gestion-del-stock-de-palets-en-almacenes-logisticos\/\" class=\"readmore\">Ver m\u00e1s<\/a>  <div class=\"figure-border\"><\/div> <\/div> <div class=\"with-background\">  <figure style=\"background-image: url(https:\/\/elainnovation.com\/wp-content\/uploads\/2021\/12\/photo_linkedin_locindoor.jpg);\"><\/figure> <\/div><\/div><div class=\" success_stories\"> <div class=\"without-background\">  <figure>   <img decoding=\"async\" src=\"https:\/\/elainnovation.com\/wp-content\/uploads\/2023\/10\/Skytrack-logo.png\">   <figcaption>Skytrack<\/figcaption>  <\/figure>  <p>Control de la temperatura: Transporte de alimentos<\/p>  <a href=\"https:\/\/elainnovation.com\/es\/success_stories\/control-de-la-temperatura-transporte-de-alimentos\/\" class=\"readmore\">Ver m\u00e1s<\/a>  <div class=\"figure-border\"><\/div> <\/div> <div class=\"with-background\">  <figure style=\"background-image: url(https:\/\/elainnovation.com\/wp-content\/uploads\/2020\/08\/transport-frigorifique.jpg);\"><\/figure> <\/div><\/div><\/div><div id=\"paginate\"><input type=\"hidden\" id=\"numberOfPages\" value=\"4\" \/><nav><ul class=\"pagination\"><li class=\"page-item disabled\" id=\"prec\"><a data-type=\"prec\" class=\"page-link pagination\"  onclick=\"paginationClick(this)\"><<\/a><\/li><li class=\"page-item active\" id=\"1\"><a data-type=\"page\" data-pagenum=\"1\" class=\"page-link pagination\" onclick=\"paginationClick(this)\">1<\/a><\/li><li class=\"page-item \" id=\"2\"><a data-type=\"page\" data-pagenum=\"2\" class=\"page-link pagination\" onclick=\"paginationClick(this)\">2<\/a><\/li><li class=\"page-item \" id=\"3\"><a data-type=\"page\" data-pagenum=\"3\" class=\"page-link pagination\" onclick=\"paginationClick(this)\">3<\/a><\/li><li class=\"page-item \" id=\"4\"><a data-type=\"page\" data-pagenum=\"4\" class=\"page-link pagination\" onclick=\"paginationClick(this)\">4<\/a><\/li><li class=\"page-item\" id=\"suiv\"><a data-type=\"suiv\" class=\"page-link pagination\"  onclick=\"paginationClick(this)\">><\/a><\/li><\/ul><\/nav><\/div><\/div>\n\t\t\t\t\t\t<\/div>\n\t\t\t\t<\/div>\n\t\t\t\t\t<\/div>\n\t\t<\/div>\n\t\t\t\t\t<\/div>\n\t\t<\/section>\n\t\t\t\t<section class=\"elementor-section elementor-top-section elementor-element elementor-element-cc25f1f elementor-section-boxed elementor-section-height-default elementor-section-height-default\" data-id=\"cc25f1f\" data-element_type=\"section\" data-e-type=\"section\" data-settings=\"{&quot;jet_parallax_layout_list&quot;:[]}\">\n\t\t\t\t\t\t<div class=\"elementor-container elementor-column-gap-default\">\n\t\t\t\t\t<div class=\"elementor-column elementor-col-100 elementor-top-column elementor-element elementor-element-8420a92\" data-id=\"8420a92\" data-element_type=\"column\" data-e-type=\"column\">\n\t\t\t<div class=\"elementor-widget-wrap elementor-element-populated\">\n\t\t\t\t\t\t<div class=\"elementor-element elementor-element-53b71e2 elementor-widget elementor-widget-spacer\" data-id=\"53b71e2\" data-element_type=\"widget\" data-e-type=\"widget\" data-widget_type=\"spacer.default\">\n\t\t\t\t<div class=\"elementor-widget-container\">\n\t\t\t\t\t\t\t<div class=\"elementor-spacer\">\n\t\t\t<div class=\"elementor-spacer-inner\"><\/div>\n\t\t<\/div>\n\t\t\t\t\t\t<\/div>\n\t\t\t\t<\/div>\n\t\t\t\t\t<\/div>\n\t\t<\/div>\n\t\t\t\t\t<\/div>\n\t\t<\/section>\n\t\t\t\t<\/div>\n\t\t","protected":false},"excerpt":{"rendered":"<p>Success Stories En esta secci\u00f3n encontrar\u00e1s varias presentaciones de proyectos y testimonios de clientes que utilizan balizas y sensores ELA Innovation.<\/p>\n","protected":false},"author":1,"featured_media":0,"parent":0,"menu_order":0,"comment_status":"closed","ping_status":"closed","template":"","meta":{"_acf_changed":false,"inline_featured_image":false,"footnotes":""},"class_list":["post-40628","page","type-page","status-publish","hentry"],"acf":[],"yoast_head":"<!-- This site is optimized with the Yoast SEO plugin v27.4 - https:\/\/yoast.com\/product\/yoast-seo-wordpress\/ -->\n<title>Cat\u00e1logo Sucess Stories<\/title>\n<meta name=\"description\" content=\"Success stories de ELA Innovation: descubre c\u00f3mo nuestras balizas y sensores IoT est\u00e1n optimizando el transporte, la industria 4.0, la sanidad y el seguimiento de activos.\" \/>\n<meta name=\"robots\" content=\"index, follow, max-snippet:-1, max-image-preview:large, max-video-preview:-1\" \/>\n<link rel=\"canonical\" href=\"https:\/\/elainnovation.com\/es\/historias-de-exito-del-catalogo\/\" \/>\n<meta property=\"og:locale\" content=\"es_ES\" \/>\n<meta property=\"og:type\" content=\"article\" \/>\n<meta property=\"og:title\" content=\"Cat\u00e1logo Sucess Stories\" \/>\n<meta property=\"og:description\" content=\"Success stories de ELA Innovation: descubre c\u00f3mo nuestras balizas y sensores IoT est\u00e1n optimizando el transporte, la industria 4.0, la sanidad y el seguimiento de activos.\" \/>\n<meta property=\"og:url\" content=\"https:\/\/elainnovation.com\/es\/historias-de-exito-del-catalogo\/\" \/>\n<meta property=\"og:site_name\" content=\"ELA Innovation\" \/>\n<meta property=\"article:publisher\" content=\"https:\/\/www.facebook.com\/ELA-Innovation-489302644542142\/\" \/>\n<meta property=\"article:modified_time\" content=\"2025-09-26T08:47:12+00:00\" \/>\n<meta name=\"twitter:card\" content=\"summary_large_image\" \/>\n<meta name=\"twitter:site\" content=\"@ElaInnovation\" \/>\n<script type=\"application\/ld+json\" class=\"yoast-schema-graph\">{\"@context\":\"https:\\\/\\\/schema.org\",\"@graph\":[{\"@type\":\"WebPage\",\"@id\":\"https:\\\/\\\/elainnovation.com\\\/es\\\/historias-de-exito-del-catalogo\\\/\",\"url\":\"https:\\\/\\\/elainnovation.com\\\/es\\\/historias-de-exito-del-catalogo\\\/\",\"name\":\"Cat\u00e1logo Sucess Stories\",\"isPartOf\":{\"@id\":\"https:\\\/\\\/elainnovation.com\\\/es\\\/#website\"},\"datePublished\":\"2025-08-21T13:39:24+00:00\",\"dateModified\":\"2025-09-26T08:47:12+00:00\",\"description\":\"Success stories de ELA Innovation: descubre c\u00f3mo nuestras balizas y sensores IoT est\u00e1n optimizando el transporte, la industria 4.0, la sanidad y el seguimiento de activos.\",\"breadcrumb\":{\"@id\":\"https:\\\/\\\/elainnovation.com\\\/es\\\/historias-de-exito-del-catalogo\\\/#breadcrumb\"},\"inLanguage\":\"es\",\"potentialAction\":[{\"@type\":\"ReadAction\",\"target\":[\"https:\\\/\\\/elainnovation.com\\\/es\\\/historias-de-exito-del-catalogo\\\/\"]}]},{\"@type\":\"BreadcrumbList\",\"@id\":\"https:\\\/\\\/elainnovation.com\\\/es\\\/historias-de-exito-del-catalogo\\\/#breadcrumb\",\"itemListElement\":[{\"@type\":\"ListItem\",\"position\":1,\"name\":\"Home\",\"item\":\"https:\\\/\\\/elainnovation.com\\\/es\\\/\"},{\"@type\":\"ListItem\",\"position\":2,\"name\":\"Cat\u00e1logo Sucess Stories\"}]},{\"@type\":\"WebSite\",\"@id\":\"https:\\\/\\\/elainnovation.com\\\/es\\\/#website\",\"url\":\"https:\\\/\\\/elainnovation.com\\\/es\\\/\",\"name\":\"ELA Innovation\",\"description\":\"\",\"publisher\":{\"@id\":\"https:\\\/\\\/elainnovation.com\\\/es\\\/#organization\"},\"potentialAction\":[{\"@type\":\"SearchAction\",\"target\":{\"@type\":\"EntryPoint\",\"urlTemplate\":\"https:\\\/\\\/elainnovation.com\\\/es\\\/?s={search_term_string}\"},\"query-input\":{\"@type\":\"PropertyValueSpecification\",\"valueRequired\":true,\"valueName\":\"search_term_string\"}}],\"inLanguage\":\"es\"},{\"@type\":\"Organization\",\"@id\":\"https:\\\/\\\/elainnovation.com\\\/es\\\/#organization\",\"name\":\"ELA Innovation\",\"url\":\"https:\\\/\\\/elainnovation.com\\\/es\\\/\",\"logo\":{\"@type\":\"ImageObject\",\"inLanguage\":\"es\",\"@id\":\"https:\\\/\\\/elainnovation.com\\\/es\\\/#\\\/schema\\\/logo\\\/image\\\/\",\"url\":\"https:\\\/\\\/elainnovation.com\\\/wp-content\\\/uploads\\\/2020\\\/07\\\/LOGO-Ela-Innovation.png\",\"contentUrl\":\"https:\\\/\\\/elainnovation.com\\\/wp-content\\\/uploads\\\/2020\\\/07\\\/LOGO-Ela-Innovation.png\",\"width\":436,\"height\":240,\"caption\":\"ELA Innovation\"},\"image\":{\"@id\":\"https:\\\/\\\/elainnovation.com\\\/es\\\/#\\\/schema\\\/logo\\\/image\\\/\"},\"sameAs\":[\"https:\\\/\\\/www.facebook.com\\\/ELA-Innovation-489302644542142\\\/\",\"https:\\\/\\\/x.com\\\/ElaInnovation\",\"https:\\\/\\\/www.linkedin.com\\\/company\\\/elainnovation\\\/\"]}]}<\/script>\n<!-- \/ Yoast SEO plugin. -->","yoast_head_json":{"title":"Cat\u00e1logo Sucess Stories","description":"Success stories de ELA Innovation: descubre c\u00f3mo nuestras balizas y sensores IoT est\u00e1n optimizando el transporte, la industria 4.0, la sanidad y el seguimiento de activos.","robots":{"index":"index","follow":"follow","max-snippet":"max-snippet:-1","max-image-preview":"max-image-preview:large","max-video-preview":"max-video-preview:-1"},"canonical":"https:\/\/elainnovation.com\/es\/historias-de-exito-del-catalogo\/","og_locale":"es_ES","og_type":"article","og_title":"Cat\u00e1logo Sucess Stories","og_description":"Success stories de ELA Innovation: descubre c\u00f3mo nuestras balizas y sensores IoT est\u00e1n optimizando el transporte, la industria 4.0, la sanidad y el seguimiento de activos.","og_url":"https:\/\/elainnovation.com\/es\/historias-de-exito-del-catalogo\/","og_site_name":"ELA Innovation","article_publisher":"https:\/\/www.facebook.com\/ELA-Innovation-489302644542142\/","article_modified_time":"2025-09-26T08:47:12+00:00","twitter_card":"summary_large_image","twitter_site":"@ElaInnovation","schema":{"@context":"https:\/\/schema.org","@graph":[{"@type":"WebPage","@id":"https:\/\/elainnovation.com\/es\/historias-de-exito-del-catalogo\/","url":"https:\/\/elainnovation.com\/es\/historias-de-exito-del-catalogo\/","name":"Cat\u00e1logo Sucess Stories","isPartOf":{"@id":"https:\/\/elainnovation.com\/es\/#website"},"datePublished":"2025-08-21T13:39:24+00:00","dateModified":"2025-09-26T08:47:12+00:00","description":"Success stories de ELA Innovation: descubre c\u00f3mo nuestras balizas y sensores IoT est\u00e1n optimizando el transporte, la industria 4.0, la sanidad y el seguimiento de activos.","breadcrumb":{"@id":"https:\/\/elainnovation.com\/es\/historias-de-exito-del-catalogo\/#breadcrumb"},"inLanguage":"es","potentialAction":[{"@type":"ReadAction","target":["https:\/\/elainnovation.com\/es\/historias-de-exito-del-catalogo\/"]}]},{"@type":"BreadcrumbList","@id":"https:\/\/elainnovation.com\/es\/historias-de-exito-del-catalogo\/#breadcrumb","itemListElement":[{"@type":"ListItem","position":1,"name":"Home","item":"https:\/\/elainnovation.com\/es\/"},{"@type":"ListItem","position":2,"name":"Cat\u00e1logo Sucess Stories"}]},{"@type":"WebSite","@id":"https:\/\/elainnovation.com\/es\/#website","url":"https:\/\/elainnovation.com\/es\/","name":"ELA Innovation","description":"","publisher":{"@id":"https:\/\/elainnovation.com\/es\/#organization"},"potentialAction":[{"@type":"SearchAction","target":{"@type":"EntryPoint","urlTemplate":"https:\/\/elainnovation.com\/es\/?s={search_term_string}"},"query-input":{"@type":"PropertyValueSpecification","valueRequired":true,"valueName":"search_term_string"}}],"inLanguage":"es"},{"@type":"Organization","@id":"https:\/\/elainnovation.com\/es\/#organization","name":"ELA Innovation","url":"https:\/\/elainnovation.com\/es\/","logo":{"@type":"ImageObject","inLanguage":"es","@id":"https:\/\/elainnovation.com\/es\/#\/schema\/logo\/image\/","url":"https:\/\/elainnovation.com\/wp-content\/uploads\/2020\/07\/LOGO-Ela-Innovation.png","contentUrl":"https:\/\/elainnovation.com\/wp-content\/uploads\/2020\/07\/LOGO-Ela-Innovation.png","width":436,"height":240,"caption":"ELA Innovation"},"image":{"@id":"https:\/\/elainnovation.com\/es\/#\/schema\/logo\/image\/"},"sameAs":["https:\/\/www.facebook.com\/ELA-Innovation-489302644542142\/","https:\/\/x.com\/ElaInnovation","https:\/\/www.linkedin.com\/company\/elainnovation\/"]}]}},"_links":{"self":[{"href":"https:\/\/elainnovation.com\/es\/wp-json\/wp\/v2\/pages\/40628","targetHints":{"allow":["GET"]}}],"collection":[{"href":"https:\/\/elainnovation.com\/es\/wp-json\/wp\/v2\/pages"}],"about":[{"href":"https:\/\/elainnovation.com\/es\/wp-json\/wp\/v2\/types\/page"}],"author":[{"embeddable":true,"href":"https:\/\/elainnovation.com\/es\/wp-json\/wp\/v2\/users\/1"}],"replies":[{"embeddable":true,"href":"https:\/\/elainnovation.com\/es\/wp-json\/wp\/v2\/comments?post=40628"}],"version-history":[{"count":1,"href":"https:\/\/elainnovation.com\/es\/wp-json\/wp\/v2\/pages\/40628\/revisions"}],"predecessor-version":[{"id":42365,"href":"https:\/\/elainnovation.com\/es\/wp-json\/wp\/v2\/pages\/40628\/revisions\/42365"}],"wp:attachment":[{"href":"https:\/\/elainnovation.com\/es\/wp-json\/wp\/v2\/media?parent=40628"}],"curies":[{"name":"wp","href":"https:\/\/api.w.org\/{rel}","templated":true}]}}