{"id":41023,"date":"2025-09-03T16:40:41","date_gmt":"2025-09-03T14:40:41","guid":{"rendered":"https:\/\/elainnovation.com\/blog-2\/"},"modified":"2025-09-03T16:40:41","modified_gmt":"2025-09-03T14:40:41","slug":"blog-2","status":"publish","type":"page","link":"https:\/\/elainnovation.com\/es\/blog-2\/","title":{"rendered":"Blog"},"content":{"rendered":"\t\t<div data-elementor-type=\"wp-page\" data-elementor-id=\"41023\" class=\"elementor elementor-41023 elementor-1388\" data-elementor-post-type=\"page\">\n\t\t\t\t\t\t<section class=\"elementor-section elementor-top-section elementor-element elementor-element-3812645 elementor-section-boxed elementor-section-height-default elementor-section-height-default\" data-id=\"3812645\" data-element_type=\"section\" data-e-type=\"section\" data-settings=\"{&quot;jet_parallax_layout_list&quot;:[]}\">\n\t\t\t\t\t\t<div class=\"elementor-container elementor-column-gap-default\">\n\t\t\t\t\t<div class=\"elementor-column elementor-col-100 elementor-top-column elementor-element elementor-element-9bff560\" data-id=\"9bff560\" data-element_type=\"column\" data-e-type=\"column\">\n\t\t\t<div class=\"elementor-widget-wrap elementor-element-populated\">\n\t\t\t\t\t\t<div class=\"elementor-element elementor-element-d383e0c elementor-grid-3 elementor-grid-tablet-2 elementor-grid-mobile-1 elementor-posts--thumbnail-top elementor-card-shadow-yes elementor-posts__hover-gradient elementor-widget elementor-widget-posts\" data-id=\"d383e0c\" data-element_type=\"widget\" data-e-type=\"widget\" data-settings=\"{&quot;pagination_type&quot;:&quot;numbers_and_prev_next&quot;,&quot;cards_columns&quot;:&quot;3&quot;,&quot;cards_columns_tablet&quot;:&quot;2&quot;,&quot;cards_columns_mobile&quot;:&quot;1&quot;,&quot;cards_row_gap&quot;:{&quot;unit&quot;:&quot;px&quot;,&quot;size&quot;:35,&quot;sizes&quot;:[]},&quot;cards_row_gap_tablet_extra&quot;:{&quot;unit&quot;:&quot;px&quot;,&quot;size&quot;:&quot;&quot;,&quot;sizes&quot;:[]},&quot;cards_row_gap_tablet&quot;:{&quot;unit&quot;:&quot;px&quot;,&quot;size&quot;:&quot;&quot;,&quot;sizes&quot;:[]},&quot;cards_row_gap_mobile&quot;:{&quot;unit&quot;:&quot;px&quot;,&quot;size&quot;:&quot;&quot;,&quot;sizes&quot;:[]}}\" data-widget_type=\"posts.cards\">\n\t\t\t\t<div class=\"elementor-widget-container\">\n\t\t\t\t\t\t\t<div class=\"elementor-posts-container elementor-posts elementor-posts--skin-cards elementor-grid\" role=\"list\">\n\t\t\t\t<article class=\"elementor-post elementor-grid-item post-44343 post type-post status-publish format-standard has-post-thumbnail hentry category-pulsa\" role=\"listitem\">\n\t\t\t<div class=\"elementor-post__card\">\n\t\t\t\t<a class=\"elementor-post__thumbnail__link\" href=\"https:\/\/elainnovation.com\/es\/ela-innovation-se-convierte-en-socio-order-now-de-geotab-marketplace-para-acelerar-el-seguimiento-de-pequenos-activos-gracias-a-la-tecnologia-ble\/\" tabindex=\"-1\" ><div class=\"elementor-post__thumbnail\"><img decoding=\"async\" width=\"300\" height=\"188\" src=\"https:\/\/elainnovation.com\/wp-content\/uploads\/2026\/02\/PR-Geotab-visuel-300x188.png\" class=\"attachment-medium size-medium wp-image-44340\" alt=\"ELA Innovation Geotab Marketplace partner Order Now\" srcset=\"https:\/\/elainnovation.com\/wp-content\/uploads\/2026\/02\/PR-Geotab-visuel-300x188.png 300w, https:\/\/elainnovation.com\/wp-content\/uploads\/2026\/02\/PR-Geotab-visuel-768x480.png 768w, https:\/\/elainnovation.com\/wp-content\/uploads\/2026\/02\/PR-Geotab-visuel-500x313.png 500w, https:\/\/elainnovation.com\/wp-content\/uploads\/2026\/02\/PR-Geotab-visuel.png 800w\" sizes=\"(max-width: 300px) 100vw, 300px\" \/><\/div><\/a>\n\t\t\t\t<div class=\"elementor-post__badge\">Pulsa<\/div>\n\t\t\t\t<div class=\"elementor-post__text\">\n\t\t\t\t<h3 class=\"elementor-post__title\">\n\t\t\t<a href=\"https:\/\/elainnovation.com\/es\/ela-innovation-se-convierte-en-socio-order-now-de-geotab-marketplace-para-acelerar-el-seguimiento-de-pequenos-activos-gracias-a-la-tecnologia-ble\/\" >\n\t\t\t\tELA Innovation se convierte en socio &#8220;Order Now&#8221; de Geotab Marketplace para acelerar el seguimiento de peque\u00f1os activos gracias a la tecnolog\u00eda BLE\t\t\t<\/a>\n\t\t<\/h3>\n\t\t\t\t<div class=\"elementor-post__excerpt\">\n\t\t\t<p>Hoy, en el Geotab Connect 2026 de Las Vegas, nos enorgullece anunciar queELA Innovation se ha convertido oficialmente en socio &#8220;Pedir ahora&#8221; de Geotab Marketplace,<\/p>\n\t\t<\/div>\n\t\t\n\t\t<a class=\"elementor-post__read-more\" href=\"https:\/\/elainnovation.com\/es\/ela-innovation-se-convierte-en-socio-order-now-de-geotab-marketplace-para-acelerar-el-seguimiento-de-pequenos-activos-gracias-a-la-tecnologia-ble\/\" aria-label=\"M\u00e1s informaci\u00f3n sobre ELA Innovation se convierte en socio &#8220;Order Now&#8221; de Geotab Marketplace para acelerar el seguimiento de peque\u00f1os activos gracias a la tecnolog\u00eda BLE\" tabindex=\"-1\" >\n\t\t\tLeer m\u00e1s \"\t\t<\/a>\n\n\t\t\t\t<\/div>\n\t\t\t\t<div class=\"elementor-post__meta-data\">\n\t\t\t\t\t<span class=\"elementor-post-date\">\n\t\t\t12 de febrero de 2026\t\t<\/span>\n\t\t\t\t<\/div>\n\t\t\t\t\t<\/div>\n\t\t<\/article>\n\t\t\t\t<article class=\"elementor-post elementor-grid-item post-44285 post type-post status-publish format-standard has-post-thumbnail hentry category-blog-es\" role=\"listitem\">\n\t\t\t<div class=\"elementor-post__card\">\n\t\t\t\t<a class=\"elementor-post__thumbnail__link\" href=\"https:\/\/elainnovation.com\/es\/normativa-atex-lo-que-debes-saber\/\" tabindex=\"-1\" ><div class=\"elementor-post__thumbnail\"><img decoding=\"async\" width=\"300\" height=\"188\" src=\"https:\/\/elainnovation.com\/wp-content\/uploads\/2026\/02\/article-atex-300x188.png\" class=\"attachment-medium size-medium wp-image-44279\" alt=\"article atex\" srcset=\"https:\/\/elainnovation.com\/wp-content\/uploads\/2026\/02\/article-atex-300x188.png 300w, https:\/\/elainnovation.com\/wp-content\/uploads\/2026\/02\/article-atex-768x480.png 768w, https:\/\/elainnovation.com\/wp-content\/uploads\/2026\/02\/article-atex-500x313.png 500w, https:\/\/elainnovation.com\/wp-content\/uploads\/2026\/02\/article-atex.png 800w\" sizes=\"(max-width: 300px) 100vw, 300px\" \/><\/div><\/a>\n\t\t\t\t<div class=\"elementor-post__badge\">Blog<\/div>\n\t\t\t\t<div class=\"elementor-post__text\">\n\t\t\t\t<h3 class=\"elementor-post__title\">\n\t\t\t<a href=\"https:\/\/elainnovation.com\/es\/normativa-atex-lo-que-debes-saber\/\" >\n\t\t\t\tNormativa ATEX: lo que debes saber\t\t\t<\/a>\n\t\t<\/h3>\n\t\t\t\t<div class=\"elementor-post__excerpt\">\n\t\t\t<p>En la industria, determinadas zonas est\u00e1n clasificadas como &#8220;atm\u00f3sferas explosivas&#8221;: una simple chispa o un sobrecalentamiento pueden provocar una explosi\u00f3n. La norma ATEX proporciona un<\/p>\n\t\t<\/div>\n\t\t\n\t\t<a class=\"elementor-post__read-more\" href=\"https:\/\/elainnovation.com\/es\/normativa-atex-lo-que-debes-saber\/\" aria-label=\"M\u00e1s informaci\u00f3n sobre Normativa ATEX: lo que debes saber\" tabindex=\"-1\" >\n\t\t\tLeer m\u00e1s \"\t\t<\/a>\n\n\t\t\t\t<\/div>\n\t\t\t\t<div class=\"elementor-post__meta-data\">\n\t\t\t\t\t<span class=\"elementor-post-date\">\n\t\t\t3 de febrero de 2026\t\t<\/span>\n\t\t\t\t<\/div>\n\t\t\t\t\t<\/div>\n\t\t<\/article>\n\t\t\t\t<article class=\"elementor-post elementor-grid-item post-43840 post type-post status-publish format-standard has-post-thumbnail hentry category-blog-es category-bluetooth-es tag-ble-es tag-bluetooth-es tag-sondeo-de-canales\" role=\"listitem\">\n\t\t\t<div class=\"elementor-post__card\">\n\t\t\t\t<a class=\"elementor-post__thumbnail__link\" href=\"https:\/\/elainnovation.com\/es\/bluetooth-de-sondeo-de-canal-localizacion-precisa-y-segura\/\" tabindex=\"-1\" ><div class=\"elementor-post__thumbnail\"><img decoding=\"async\" width=\"300\" height=\"188\" src=\"https:\/\/elainnovation.com\/wp-content\/uploads\/2025\/11\/Banniere-article-channel-sounding-EN-2-300x188.png\" class=\"attachment-medium size-medium wp-image-43832\" alt=\"Banni\u00e8re article channel sounding EN\" srcset=\"https:\/\/elainnovation.com\/wp-content\/uploads\/2025\/11\/Banniere-article-channel-sounding-EN-2-300x188.png 300w, https:\/\/elainnovation.com\/wp-content\/uploads\/2025\/11\/Banniere-article-channel-sounding-EN-2-768x480.png 768w, https:\/\/elainnovation.com\/wp-content\/uploads\/2025\/11\/Banniere-article-channel-sounding-EN-2-500x313.png 500w, https:\/\/elainnovation.com\/wp-content\/uploads\/2025\/11\/Banniere-article-channel-sounding-EN-2.png 800w\" sizes=\"(max-width: 300px) 100vw, 300px\" \/><\/div><\/a>\n\t\t\t\t<div class=\"elementor-post__badge\">Blog<\/div>\n\t\t\t\t<div class=\"elementor-post__text\">\n\t\t\t\t<h3 class=\"elementor-post__title\">\n\t\t\t<a href=\"https:\/\/elainnovation.com\/es\/bluetooth-de-sondeo-de-canal-localizacion-precisa-y-segura\/\" >\n\t\t\t\tChannel Sounding Bluetooth: la nueva referencia para una localizaci\u00f3n precisa y segura\t\t\t<\/a>\n\t\t<\/h3>\n\t\t\t\t<div class=\"elementor-post__excerpt\">\n\t\t\t<p>El Channel Sounding Bluetooth\u00ae(Bluetooth 6.0) es la nueva referencia para una localizaci\u00f3n BLE precisa y segura. Compatible con la tecnolog\u00eda de radiogoniometr\u00eda AoA\/AoD, permite una<\/p>\n\t\t<\/div>\n\t\t\n\t\t<a class=\"elementor-post__read-more\" href=\"https:\/\/elainnovation.com\/es\/bluetooth-de-sondeo-de-canal-localizacion-precisa-y-segura\/\" aria-label=\"M\u00e1s informaci\u00f3n sobre Channel Sounding Bluetooth: la nueva referencia para una localizaci\u00f3n precisa y segura\" tabindex=\"-1\" >\n\t\t\tLeer m\u00e1s \"\t\t<\/a>\n\n\t\t\t\t<\/div>\n\t\t\t\t<div class=\"elementor-post__meta-data\">\n\t\t\t\t\t<span class=\"elementor-post-date\">\n\t\t\t28 de noviembre de 2025\t\t<\/span>\n\t\t\t\t<\/div>\n\t\t\t\t\t<\/div>\n\t\t<\/article>\n\t\t\t\t<article class=\"elementor-post elementor-grid-item post-42810 post type-post status-publish format-standard has-post-thumbnail hentry category-blog-es\" role=\"listitem\">\n\t\t\t<div class=\"elementor-post__card\">\n\t\t\t\t<a class=\"elementor-post__thumbnail__link\" href=\"https:\/\/elainnovation.com\/es\/como-configuro-una-baliza-bluetooth-guia-completa\/\" tabindex=\"-1\" ><div class=\"elementor-post__thumbnail\"><img decoding=\"async\" width=\"300\" height=\"188\" src=\"https:\/\/elainnovation.com\/wp-content\/uploads\/2025\/10\/banniere-comment-configurer-un-beacon-bluetooth-en-300x188.png\" class=\"attachment-medium size-medium wp-image-42815\" alt=\"\" srcset=\"https:\/\/elainnovation.com\/wp-content\/uploads\/2025\/10\/banniere-comment-configurer-un-beacon-bluetooth-en-300x188.png 300w, https:\/\/elainnovation.com\/wp-content\/uploads\/2025\/10\/banniere-comment-configurer-un-beacon-bluetooth-en-768x480.png 768w, https:\/\/elainnovation.com\/wp-content\/uploads\/2025\/10\/banniere-comment-configurer-un-beacon-bluetooth-en-500x313.png 500w, https:\/\/elainnovation.com\/wp-content\/uploads\/2025\/10\/banniere-comment-configurer-un-beacon-bluetooth-en.png 800w\" sizes=\"(max-width: 300px) 100vw, 300px\" \/><\/div><\/a>\n\t\t\t\t<div class=\"elementor-post__badge\">Blog<\/div>\n\t\t\t\t<div class=\"elementor-post__text\">\n\t\t\t\t<h3 class=\"elementor-post__title\">\n\t\t\t<a href=\"https:\/\/elainnovation.com\/es\/como-configuro-una-baliza-bluetooth-guia-completa\/\" >\n\t\t\t\t\u00bfC\u00f3mo configuro una baliza Bluetooth? Gu\u00eda completa\t\t\t<\/a>\n\t\t<\/h3>\n\t\t\t\t<div class=\"elementor-post__excerpt\">\n\t\t\t<p>Una baliza Bluetooth es una peque\u00f1a baliza conectada que utiliza la tecnolog\u00eda Bluetooth Low Energy (BLE ) para transmitir peque\u00f1as cantidades de datos a corta<\/p>\n\t\t<\/div>\n\t\t\n\t\t<a class=\"elementor-post__read-more\" href=\"https:\/\/elainnovation.com\/es\/como-configuro-una-baliza-bluetooth-guia-completa\/\" aria-label=\"M\u00e1s informaci\u00f3n sobre \u00bfC\u00f3mo configuro una baliza Bluetooth? Gu\u00eda completa\" tabindex=\"-1\" >\n\t\t\tLeer m\u00e1s \"\t\t<\/a>\n\n\t\t\t\t<\/div>\n\t\t\t\t<div class=\"elementor-post__meta-data\">\n\t\t\t\t\t<span class=\"elementor-post-date\">\n\t\t\t10 de octubre de 2025\t\t<\/span>\n\t\t\t\t<\/div>\n\t\t\t\t\t<\/div>\n\t\t<\/article>\n\t\t\t\t<article class=\"elementor-post elementor-grid-item post-41504 post type-post status-publish format-standard has-post-thumbnail hentry category-pulsa\" role=\"listitem\">\n\t\t\t<div class=\"elementor-post__card\">\n\t\t\t\t<a class=\"elementor-post__thumbnail__link\" href=\"https:\/\/elainnovation.com\/es\/mapon-actor-clave-telematica-europa\/\" tabindex=\"-1\" ><div class=\"elementor-post__thumbnail\"><img decoding=\"async\" width=\"300\" height=\"188\" src=\"https:\/\/elainnovation.com\/wp-content\/uploads\/2025\/09\/PARTENAIRE-DU-MOIS-banniere-article-presse-EN-1-300x188.png\" class=\"attachment-medium size-medium wp-image-41600\" alt=\"\" srcset=\"https:\/\/elainnovation.com\/wp-content\/uploads\/2025\/09\/PARTENAIRE-DU-MOIS-banniere-article-presse-EN-1-300x188.png 300w, https:\/\/elainnovation.com\/wp-content\/uploads\/2025\/09\/PARTENAIRE-DU-MOIS-banniere-article-presse-EN-1-768x480.png 768w, https:\/\/elainnovation.com\/wp-content\/uploads\/2025\/09\/PARTENAIRE-DU-MOIS-banniere-article-presse-EN-1-500x313.png 500w, https:\/\/elainnovation.com\/wp-content\/uploads\/2025\/09\/PARTENAIRE-DU-MOIS-banniere-article-presse-EN-1.png 800w\" sizes=\"(max-width: 300px) 100vw, 300px\" \/><\/div><\/a>\n\t\t\t\t<div class=\"elementor-post__badge\">Pulsa<\/div>\n\t\t\t\t<div class=\"elementor-post__text\">\n\t\t\t\t<h3 class=\"elementor-post__title\">\n\t\t\t<a href=\"https:\/\/elainnovation.com\/es\/mapon-actor-clave-telematica-europa\/\" >\n\t\t\t\tMapon, actor clave de la telem\u00e1tica en Europa\t\t\t<\/a>\n\t\t<\/h3>\n\t\t\t\t<div class=\"elementor-post__excerpt\">\n\t\t\t<p>Cinco a\u00f1os de confianza en la telem\u00e1tica Desde 2020, ELA Innovation trabaja con Mapon, un proveedor europeo de soluciones telem\u00e1ticas con sede en Letonia. Conocida<\/p>\n\t\t<\/div>\n\t\t\n\t\t<a class=\"elementor-post__read-more\" href=\"https:\/\/elainnovation.com\/es\/mapon-actor-clave-telematica-europa\/\" aria-label=\"M\u00e1s informaci\u00f3n sobre Mapon, actor clave de la telem\u00e1tica en Europa\" tabindex=\"-1\" >\n\t\t\tLeer m\u00e1s \"\t\t<\/a>\n\n\t\t\t\t<\/div>\n\t\t\t\t<div class=\"elementor-post__meta-data\">\n\t\t\t\t\t<span class=\"elementor-post-date\">\n\t\t\t15 de septiembre de 2025\t\t<\/span>\n\t\t\t\t<\/div>\n\t\t\t\t\t<\/div>\n\t\t<\/article>\n\t\t\t\t<article class=\"elementor-post elementor-grid-item post-40849 post type-post status-publish format-standard has-post-thumbnail hentry category-blog-es category-bluetooth-es category-transporte-telematica tag-bluetooth-es tag-iot-es tag-sensor-de-temperatura tag-telematico tag-temperatura tag-transporte\" role=\"listitem\">\n\t\t\t<div class=\"elementor-post__card\">\n\t\t\t\t<a class=\"elementor-post__thumbnail__link\" href=\"https:\/\/elainnovation.com\/es\/calibracion-de-sensores-de-temperatura-industriales-que-dice-la-normativa\/\" tabindex=\"-1\" ><div class=\"elementor-post__thumbnail\"><img decoding=\"async\" width=\"300\" height=\"200\" src=\"https:\/\/elainnovation.com\/wp-content\/uploads\/2021\/01\/image-banniere-article-etalonnage-300x200.png\" class=\"attachment-medium size-medium wp-image-18022\" alt=\"\" srcset=\"https:\/\/elainnovation.com\/wp-content\/uploads\/2021\/01\/image-banniere-article-etalonnage-300x200.png 300w, https:\/\/elainnovation.com\/wp-content\/uploads\/2021\/01\/image-banniere-article-etalonnage-500x334.png 500w, https:\/\/elainnovation.com\/wp-content\/uploads\/2021\/01\/image-banniere-article-etalonnage-800x534.png 800w, https:\/\/elainnovation.com\/wp-content\/uploads\/2021\/01\/image-banniere-article-etalonnage-768x513.png 768w, https:\/\/elainnovation.com\/wp-content\/uploads\/2021\/01\/image-banniere-article-etalonnage.png 900w\" sizes=\"(max-width: 300px) 100vw, 300px\" \/><\/div><\/a>\n\t\t\t\t<div class=\"elementor-post__badge\">Blog<\/div>\n\t\t\t\t<div class=\"elementor-post__text\">\n\t\t\t\t<h3 class=\"elementor-post__title\">\n\t\t\t<a href=\"https:\/\/elainnovation.com\/es\/calibracion-de-sensores-de-temperatura-industriales-que-dice-la-normativa\/\" >\n\t\t\t\tCalibraci\u00f3n de los sensores de temperatura industriales: \u00bfqu\u00e9 dir\u00e1 la normativa en 2026?\t\t\t<\/a>\n\t\t<\/h3>\n\t\t\t\t<div class=\"elementor-post__excerpt\">\n\t\t\t<p>El n\u00famero de objetos conectados en el mundo supera ya los 15.000 millones y se espera que supere los 30.000 o 40.000 millones en 2030.<\/p>\n\t\t<\/div>\n\t\t\n\t\t<a class=\"elementor-post__read-more\" href=\"https:\/\/elainnovation.com\/es\/calibracion-de-sensores-de-temperatura-industriales-que-dice-la-normativa\/\" aria-label=\"M\u00e1s informaci\u00f3n sobre Calibraci\u00f3n de los sensores de temperatura industriales: \u00bfqu\u00e9 dir\u00e1 la normativa en 2026?\" tabindex=\"-1\" >\n\t\t\tLeer m\u00e1s \"\t\t<\/a>\n\n\t\t\t\t<\/div>\n\t\t\t\t<div class=\"elementor-post__meta-data\">\n\t\t\t\t\t<span class=\"elementor-post-date\">\n\t\t\t21 de agosto de 2025\t\t<\/span>\n\t\t\t\t<\/div>\n\t\t\t\t\t<\/div>\n\t\t<\/article>\n\t\t\t\t<\/div>\n\t\t\n\t\t\t\t<div class=\"e-load-more-anchor\" data-page=\"1\" data-max-page=\"20\" data-next-page=\"https:\/\/elainnovation.com\/es\/wp-json\/wp\/v2\/pages\/41023\/page\/2\/\"><\/div>\n\t\t\t\t<nav class=\"elementor-pagination\" aria-label=\"Paginaci\u00f3n\">\n\t\t\t<span class=\"page-numbers prev\">\" Anterior<\/span>\n<span aria-current=\"page\" class=\"page-numbers current\"><span class=\"elementor-screen-only\">P\u00e1gina<\/span>1<\/span>\n<a class=\"page-numbers\" href=\"https:\/\/elainnovation.com\/es\/wp-json\/wp\/v2\/pages\/41023\/page\/2\/\"><span class=\"elementor-screen-only\">P\u00e1gina<\/span>2<\/a>\n<a class=\"page-numbers\" href=\"https:\/\/elainnovation.com\/es\/wp-json\/wp\/v2\/pages\/41023\/page\/3\/\"><span class=\"elementor-screen-only\">P\u00e1gina<\/span>3<\/a>\n<a class=\"page-numbers\" href=\"https:\/\/elainnovation.com\/es\/wp-json\/wp\/v2\/pages\/41023\/page\/4\/\"><span class=\"elementor-screen-only\">P\u00e1gina<\/span>4<\/a>\n<a class=\"page-numbers\" href=\"https:\/\/elainnovation.com\/es\/wp-json\/wp\/v2\/pages\/41023\/page\/5\/\"><span class=\"elementor-screen-only\">P\u00e1gina<\/span>5<\/a>\n<a class=\"page-numbers next\" href=\"https:\/\/elainnovation.com\/es\/wp-json\/wp\/v2\/pages\/41023\/page\/2\/\">P\u00e1gina siguiente \"<\/a>\t\t<\/nav>\n\t\t\t\t\t\t<\/div>\n\t\t\t\t<\/div>\n\t\t\t\t\t<\/div>\n\t\t<\/div>\n\t\t\t\t\t<\/div>\n\t\t<\/section>\n\t\t\t\t<\/div>\n\t\t","protected":false},"excerpt":{"rendered":"","protected":false},"author":3,"featured_media":0,"parent":0,"menu_order":0,"comment_status":"closed","ping_status":"closed","template":"","meta":{"_acf_changed":false,"inline_featured_image":false,"footnotes":""},"class_list":["post-41023","page","type-page","status-publish","hentry"],"acf":[],"yoast_head":"<!-- This site is optimized with the Yoast SEO plugin v27.4 - https:\/\/yoast.com\/product\/yoast-seo-wordpress\/ -->\n<title>El blog IoT de ELA Innovation<\/title>\n<meta name=\"description\" content=\"Convi\u00e9rtete en un experto en IoT leyendo los art\u00edculos de nuestro blog. Todo sobre Bluetooth Low Energy, geolocalizaci\u00f3n en interiores, telem\u00e1tica a bordo, etc.\" \/>\n<meta name=\"robots\" content=\"index, follow, max-snippet:-1, max-image-preview:large, max-video-preview:-1\" \/>\n<link rel=\"canonical\" href=\"https:\/\/elainnovation.com\/es\/blog-2\/\" \/>\n<meta property=\"og:locale\" content=\"es_ES\" \/>\n<meta property=\"og:type\" content=\"article\" \/>\n<meta property=\"og:title\" content=\"El blog IoT de ELA Innovation\" \/>\n<meta property=\"og:description\" content=\"Convi\u00e9rtete en un experto en IoT leyendo los art\u00edculos de nuestro blog. Todo sobre Bluetooth Low Energy, geolocalizaci\u00f3n en interiores, telem\u00e1tica a bordo, etc.\" \/>\n<meta property=\"og:url\" content=\"https:\/\/elainnovation.com\/es\/blog-2\/\" \/>\n<meta property=\"og:site_name\" content=\"ELA Innovation\" \/>\n<meta property=\"article:publisher\" content=\"https:\/\/www.facebook.com\/ELA-Innovation-489302644542142\/\" \/>\n<meta name=\"twitter:card\" content=\"summary_large_image\" \/>\n<meta name=\"twitter:site\" content=\"@ElaInnovation\" \/>\n<script type=\"application\/ld+json\" class=\"yoast-schema-graph\">{\"@context\":\"https:\\\/\\\/schema.org\",\"@graph\":[{\"@type\":\"WebPage\",\"@id\":\"https:\\\/\\\/elainnovation.com\\\/es\\\/blog-2\\\/\",\"url\":\"https:\\\/\\\/elainnovation.com\\\/es\\\/blog-2\\\/\",\"name\":\"El blog IoT de ELA Innovation\",\"isPartOf\":{\"@id\":\"https:\\\/\\\/elainnovation.com\\\/es\\\/#website\"},\"datePublished\":\"2025-09-03T14:40:41+00:00\",\"description\":\"Convi\u00e9rtete en un experto en IoT leyendo los art\u00edculos de nuestro blog. Todo sobre Bluetooth Low Energy, geolocalizaci\u00f3n en interiores, telem\u00e1tica a bordo, etc.\",\"breadcrumb\":{\"@id\":\"https:\\\/\\\/elainnovation.com\\\/es\\\/blog-2\\\/#breadcrumb\"},\"inLanguage\":\"es\",\"potentialAction\":[{\"@type\":\"ReadAction\",\"target\":[\"https:\\\/\\\/elainnovation.com\\\/es\\\/blog-2\\\/\"]}]},{\"@type\":\"BreadcrumbList\",\"@id\":\"https:\\\/\\\/elainnovation.com\\\/es\\\/blog-2\\\/#breadcrumb\",\"itemListElement\":[{\"@type\":\"ListItem\",\"position\":1,\"name\":\"Home\",\"item\":\"https:\\\/\\\/elainnovation.com\\\/es\\\/\"},{\"@type\":\"ListItem\",\"position\":2,\"name\":\"Blog\"}]},{\"@type\":\"WebSite\",\"@id\":\"https:\\\/\\\/elainnovation.com\\\/es\\\/#website\",\"url\":\"https:\\\/\\\/elainnovation.com\\\/es\\\/\",\"name\":\"ELA Innovation\",\"description\":\"\",\"publisher\":{\"@id\":\"https:\\\/\\\/elainnovation.com\\\/es\\\/#organization\"},\"potentialAction\":[{\"@type\":\"SearchAction\",\"target\":{\"@type\":\"EntryPoint\",\"urlTemplate\":\"https:\\\/\\\/elainnovation.com\\\/es\\\/?s={search_term_string}\"},\"query-input\":{\"@type\":\"PropertyValueSpecification\",\"valueRequired\":true,\"valueName\":\"search_term_string\"}}],\"inLanguage\":\"es\"},{\"@type\":\"Organization\",\"@id\":\"https:\\\/\\\/elainnovation.com\\\/es\\\/#organization\",\"name\":\"ELA Innovation\",\"url\":\"https:\\\/\\\/elainnovation.com\\\/es\\\/\",\"logo\":{\"@type\":\"ImageObject\",\"inLanguage\":\"es\",\"@id\":\"https:\\\/\\\/elainnovation.com\\\/es\\\/#\\\/schema\\\/logo\\\/image\\\/\",\"url\":\"https:\\\/\\\/elainnovation.com\\\/wp-content\\\/uploads\\\/2020\\\/07\\\/LOGO-Ela-Innovation.png\",\"contentUrl\":\"https:\\\/\\\/elainnovation.com\\\/wp-content\\\/uploads\\\/2020\\\/07\\\/LOGO-Ela-Innovation.png\",\"width\":436,\"height\":240,\"caption\":\"ELA Innovation\"},\"image\":{\"@id\":\"https:\\\/\\\/elainnovation.com\\\/es\\\/#\\\/schema\\\/logo\\\/image\\\/\"},\"sameAs\":[\"https:\\\/\\\/www.facebook.com\\\/ELA-Innovation-489302644542142\\\/\",\"https:\\\/\\\/x.com\\\/ElaInnovation\",\"https:\\\/\\\/www.linkedin.com\\\/company\\\/elainnovation\\\/\"]}]}<\/script>\n<!-- \/ Yoast SEO plugin. -->","yoast_head_json":{"title":"El blog IoT de ELA Innovation","description":"Convi\u00e9rtete en un experto en IoT leyendo los art\u00edculos de nuestro blog. Todo sobre Bluetooth Low Energy, geolocalizaci\u00f3n en interiores, telem\u00e1tica a bordo, etc.","robots":{"index":"index","follow":"follow","max-snippet":"max-snippet:-1","max-image-preview":"max-image-preview:large","max-video-preview":"max-video-preview:-1"},"canonical":"https:\/\/elainnovation.com\/es\/blog-2\/","og_locale":"es_ES","og_type":"article","og_title":"El blog IoT de ELA Innovation","og_description":"Convi\u00e9rtete en un experto en IoT leyendo los art\u00edculos de nuestro blog. Todo sobre Bluetooth Low Energy, geolocalizaci\u00f3n en interiores, telem\u00e1tica a bordo, etc.","og_url":"https:\/\/elainnovation.com\/es\/blog-2\/","og_site_name":"ELA Innovation","article_publisher":"https:\/\/www.facebook.com\/ELA-Innovation-489302644542142\/","twitter_card":"summary_large_image","twitter_site":"@ElaInnovation","schema":{"@context":"https:\/\/schema.org","@graph":[{"@type":"WebPage","@id":"https:\/\/elainnovation.com\/es\/blog-2\/","url":"https:\/\/elainnovation.com\/es\/blog-2\/","name":"El blog IoT de ELA Innovation","isPartOf":{"@id":"https:\/\/elainnovation.com\/es\/#website"},"datePublished":"2025-09-03T14:40:41+00:00","description":"Convi\u00e9rtete en un experto en IoT leyendo los art\u00edculos de nuestro blog. Todo sobre Bluetooth Low Energy, geolocalizaci\u00f3n en interiores, telem\u00e1tica a bordo, etc.","breadcrumb":{"@id":"https:\/\/elainnovation.com\/es\/blog-2\/#breadcrumb"},"inLanguage":"es","potentialAction":[{"@type":"ReadAction","target":["https:\/\/elainnovation.com\/es\/blog-2\/"]}]},{"@type":"BreadcrumbList","@id":"https:\/\/elainnovation.com\/es\/blog-2\/#breadcrumb","itemListElement":[{"@type":"ListItem","position":1,"name":"Home","item":"https:\/\/elainnovation.com\/es\/"},{"@type":"ListItem","position":2,"name":"Blog"}]},{"@type":"WebSite","@id":"https:\/\/elainnovation.com\/es\/#website","url":"https:\/\/elainnovation.com\/es\/","name":"ELA Innovation","description":"","publisher":{"@id":"https:\/\/elainnovation.com\/es\/#organization"},"potentialAction":[{"@type":"SearchAction","target":{"@type":"EntryPoint","urlTemplate":"https:\/\/elainnovation.com\/es\/?s={search_term_string}"},"query-input":{"@type":"PropertyValueSpecification","valueRequired":true,"valueName":"search_term_string"}}],"inLanguage":"es"},{"@type":"Organization","@id":"https:\/\/elainnovation.com\/es\/#organization","name":"ELA Innovation","url":"https:\/\/elainnovation.com\/es\/","logo":{"@type":"ImageObject","inLanguage":"es","@id":"https:\/\/elainnovation.com\/es\/#\/schema\/logo\/image\/","url":"https:\/\/elainnovation.com\/wp-content\/uploads\/2020\/07\/LOGO-Ela-Innovation.png","contentUrl":"https:\/\/elainnovation.com\/wp-content\/uploads\/2020\/07\/LOGO-Ela-Innovation.png","width":436,"height":240,"caption":"ELA Innovation"},"image":{"@id":"https:\/\/elainnovation.com\/es\/#\/schema\/logo\/image\/"},"sameAs":["https:\/\/www.facebook.com\/ELA-Innovation-489302644542142\/","https:\/\/x.com\/ElaInnovation","https:\/\/www.linkedin.com\/company\/elainnovation\/"]}]}},"_links":{"self":[{"href":"https:\/\/elainnovation.com\/es\/wp-json\/wp\/v2\/pages\/41023","targetHints":{"allow":["GET"]}}],"collection":[{"href":"https:\/\/elainnovation.com\/es\/wp-json\/wp\/v2\/pages"}],"about":[{"href":"https:\/\/elainnovation.com\/es\/wp-json\/wp\/v2\/types\/page"}],"author":[{"embeddable":true,"href":"https:\/\/elainnovation.com\/es\/wp-json\/wp\/v2\/users\/3"}],"replies":[{"embeddable":true,"href":"https:\/\/elainnovation.com\/es\/wp-json\/wp\/v2\/comments?post=41023"}],"version-history":[{"count":1,"href":"https:\/\/elainnovation.com\/es\/wp-json\/wp\/v2\/pages\/41023\/revisions"}],"predecessor-version":[{"id":41025,"href":"https:\/\/elainnovation.com\/es\/wp-json\/wp\/v2\/pages\/41023\/revisions\/41025"}],"wp:attachment":[{"href":"https:\/\/elainnovation.com\/es\/wp-json\/wp\/v2\/media?parent=41023"}],"curies":[{"name":"wp","href":"https:\/\/api.w.org\/{rel}","templated":true}]}}