{"id":39611,"date":"2023-03-10T10:33:33","date_gmt":"2023-03-10T08:33:33","guid":{"rendered":"https:\/\/elainnovation.com\/product\/malla-lite-id-azul-idf28453-02a\/"},"modified":"2025-09-22T14:30:15","modified_gmt":"2025-09-22T12:30:15","slug":"blue-lite-id-mesh-idf28453-02a","status":"publish","type":"product","link":"https:\/\/elainnovation.com\/es\/producto\/blue-lite-id-mesh-idf28453-02a\/","title":{"rendered":"Blue LITE ID+ MESH (IDF28453-02A)"},"content":{"rendered":"<p>M\u00e1s peque\u00f1a, m\u00e1s resistente y m\u00e1s inteligente, la Blue Lite ID+ Mesh es la etiqueta para localizar personas y equipos peque\u00f1os en entornos industriales. 100% aut\u00f3noma, esta etiqueta se puede llevar como distintivo o collar, o pegada a los equipos gracias a su soporte adhesivo de alto rendimiento. Su aceler\u00f3metro de 3 ejes para la gesti\u00f3n inteligente de la bater\u00eda y su bater\u00eda intercambiable hacen que dure m\u00e1s.<\/p>\n<p><span style=\"color: red;\">NB: El uso de un lector NFC para PC es imprescindible <a href=\"https:\/\/elainnovation.com\/es\/?attachment_id=38546\">&gt;&gt;Haz clic aqu\u00ed&lt;&lt;<\/a> para a\u00f1adirlo a tu cesta.<\/span><\/p>\n<p><strong>Producto fabricado por encargo. Nuestros equipos te comunicar\u00e1n los plazos de entrega. <\/strong><\/p>\n","protected":false},"excerpt":{"rendered":"<p>Etiqueta de localizaci\u00f3n Wirepas<\/p>\n","protected":false},"featured_media":22790,"template":"","meta":{"_acf_changed":false,"inline_featured_image":false},"product_brand":[],"product_cat":[367],"product_tag":[],"class_list":{"0":"post-39611","1":"product","2":"type-product","3":"status-publish","4":"has-post-thumbnail","6":"product_cat-gama-de-mallas","8":"first","9":"instock","10":"taxable","11":"shipping-taxable","12":"purchasable","13":"product-type-simple"},"acf":[],"yoast_head":"<!-- This site is optimized with the Yoast SEO plugin v27.4 - https:\/\/yoast.com\/product\/yoast-seo-wordpress\/ -->\n<title>Blue LITE ID+ MESH (IDF28453-02A) - Etiqueta de ubicaci\u00f3n<\/title>\n<meta name=\"description\" content=\"Etiqueta de localizaci\u00f3n ultracompacta con tecnolog\u00eda Wirepas Mesh. Formato llavero. Bater\u00eda sustituible. 6,5 a\u00f1os de duraci\u00f3n de la pila. Localizaci\u00f3n en interiores.\" \/>\n<meta name=\"robots\" content=\"index, follow, max-snippet:-1, max-image-preview:large, max-video-preview:-1\" \/>\n<link rel=\"canonical\" href=\"https:\/\/elainnovation.com\/es\/producto\/blue-lite-id-mesh-idf28453-02a\/\" \/>\n<meta property=\"og:locale\" content=\"es_ES\" \/>\n<meta property=\"og:type\" content=\"article\" \/>\n<meta property=\"og:title\" content=\"Blue LITE ID+ MESH (IDF28453-02A) - Etiqueta de ubicaci\u00f3n\" \/>\n<meta property=\"og:description\" content=\"Etiqueta de localizaci\u00f3n ultracompacta con tecnolog\u00eda Wirepas Mesh. Formato llavero. Bater\u00eda sustituible. 6,5 a\u00f1os de duraci\u00f3n de la pila. Localizaci\u00f3n en interiores.\" \/>\n<meta property=\"og:url\" content=\"https:\/\/elainnovation.com\/es\/producto\/blue-lite-id-mesh-idf28453-02a\/\" \/>\n<meta property=\"og:site_name\" content=\"ELA Innovation\" \/>\n<meta property=\"article:publisher\" content=\"https:\/\/www.facebook.com\/ELA-Innovation-489302644542142\/\" \/>\n<meta property=\"article:modified_time\" content=\"2025-09-22T12:30:15+00:00\" \/>\n<meta property=\"og:image\" content=\"https:\/\/elainnovation.com\/wp-content\/uploads\/2023\/03\/Eshop-Blue-LITE-ID-MESH.jpg\" \/>\n\t<meta property=\"og:image:width\" content=\"600\" \/>\n\t<meta property=\"og:image:height\" content=\"300\" \/>\n\t<meta property=\"og:image:type\" content=\"image\/jpeg\" \/>\n<meta name=\"twitter:card\" content=\"summary_large_image\" \/>\n<meta name=\"twitter:site\" content=\"@ElaInnovation\" \/>\n<meta name=\"twitter:label1\" content=\"Tiempo de lectura\" \/>\n\t<meta name=\"twitter:data1\" content=\"1 minuto\" \/>\n<script type=\"application\/ld+json\" class=\"yoast-schema-graph\">{\"@context\":\"https:\\\/\\\/schema.org\",\"@graph\":[{\"@type\":\"WebPage\",\"@id\":\"https:\\\/\\\/elainnovation.com\\\/es\\\/producto\\\/blue-lite-id-mesh-idf28453-02a\\\/\",\"url\":\"https:\\\/\\\/elainnovation.com\\\/es\\\/producto\\\/blue-lite-id-mesh-idf28453-02a\\\/\",\"name\":\"Blue LITE ID+ MESH (IDF28453-02A) - Etiqueta de ubicaci\u00f3n\",\"isPartOf\":{\"@id\":\"https:\\\/\\\/elainnovation.com\\\/es\\\/#website\"},\"primaryImageOfPage\":{\"@id\":\"https:\\\/\\\/elainnovation.com\\\/es\\\/producto\\\/blue-lite-id-mesh-idf28453-02a\\\/#primaryimage\"},\"image\":{\"@id\":\"https:\\\/\\\/elainnovation.com\\\/es\\\/producto\\\/blue-lite-id-mesh-idf28453-02a\\\/#primaryimage\"},\"thumbnailUrl\":\"https:\\\/\\\/elainnovation.com\\\/wp-content\\\/uploads\\\/2023\\\/03\\\/Eshop-Blue-LITE-ID-MESH.jpg\",\"datePublished\":\"2023-03-10T08:33:33+00:00\",\"dateModified\":\"2025-09-22T12:30:15+00:00\",\"description\":\"Etiqueta de localizaci\u00f3n ultracompacta con tecnolog\u00eda Wirepas Mesh. Formato llavero. Bater\u00eda sustituible. 6,5 a\u00f1os de duraci\u00f3n de la pila. Localizaci\u00f3n en interiores.\",\"breadcrumb\":{\"@id\":\"https:\\\/\\\/elainnovation.com\\\/es\\\/producto\\\/blue-lite-id-mesh-idf28453-02a\\\/#breadcrumb\"},\"inLanguage\":\"es\",\"potentialAction\":[{\"@type\":\"ReadAction\",\"target\":[\"https:\\\/\\\/elainnovation.com\\\/es\\\/producto\\\/blue-lite-id-mesh-idf28453-02a\\\/\"]}]},{\"@type\":\"ImageObject\",\"inLanguage\":\"es\",\"@id\":\"https:\\\/\\\/elainnovation.com\\\/es\\\/producto\\\/blue-lite-id-mesh-idf28453-02a\\\/#primaryimage\",\"url\":\"https:\\\/\\\/elainnovation.com\\\/wp-content\\\/uploads\\\/2023\\\/03\\\/Eshop-Blue-LITE-ID-MESH.jpg\",\"contentUrl\":\"https:\\\/\\\/elainnovation.com\\\/wp-content\\\/uploads\\\/2023\\\/03\\\/Eshop-Blue-LITE-ID-MESH.jpg\",\"width\":600,\"height\":300,\"caption\":\"Blue LITE ID+ MESH\"},{\"@type\":\"BreadcrumbList\",\"@id\":\"https:\\\/\\\/elainnovation.com\\\/es\\\/producto\\\/blue-lite-id-mesh-idf28453-02a\\\/#breadcrumb\",\"itemListElement\":[{\"@type\":\"ListItem\",\"position\":1,\"name\":\"Home\",\"item\":\"https:\\\/\\\/elainnovation.com\\\/es\\\/\"},{\"@type\":\"ListItem\",\"position\":2,\"name\":\"Tienda\",\"item\":\"https:\\\/\\\/elainnovation.com\\\/es\\\/tienda\\\/\"},{\"@type\":\"ListItem\",\"position\":3,\"name\":\"Blue LITE ID+ MESH (IDF28453-02A)\"}]},{\"@type\":\"WebSite\",\"@id\":\"https:\\\/\\\/elainnovation.com\\\/es\\\/#website\",\"url\":\"https:\\\/\\\/elainnovation.com\\\/es\\\/\",\"name\":\"ELA Innovation\",\"description\":\"\",\"publisher\":{\"@id\":\"https:\\\/\\\/elainnovation.com\\\/es\\\/#organization\"},\"potentialAction\":[{\"@type\":\"SearchAction\",\"target\":{\"@type\":\"EntryPoint\",\"urlTemplate\":\"https:\\\/\\\/elainnovation.com\\\/es\\\/?s={search_term_string}\"},\"query-input\":{\"@type\":\"PropertyValueSpecification\",\"valueRequired\":true,\"valueName\":\"search_term_string\"}}],\"inLanguage\":\"es\"},{\"@type\":\"Organization\",\"@id\":\"https:\\\/\\\/elainnovation.com\\\/es\\\/#organization\",\"name\":\"ELA Innovation\",\"url\":\"https:\\\/\\\/elainnovation.com\\\/es\\\/\",\"logo\":{\"@type\":\"ImageObject\",\"inLanguage\":\"es\",\"@id\":\"https:\\\/\\\/elainnovation.com\\\/es\\\/#\\\/schema\\\/logo\\\/image\\\/\",\"url\":\"https:\\\/\\\/elainnovation.com\\\/wp-content\\\/uploads\\\/2020\\\/07\\\/LOGO-Ela-Innovation.png\",\"contentUrl\":\"https:\\\/\\\/elainnovation.com\\\/wp-content\\\/uploads\\\/2020\\\/07\\\/LOGO-Ela-Innovation.png\",\"width\":436,\"height\":240,\"caption\":\"ELA Innovation\"},\"image\":{\"@id\":\"https:\\\/\\\/elainnovation.com\\\/es\\\/#\\\/schema\\\/logo\\\/image\\\/\"},\"sameAs\":[\"https:\\\/\\\/www.facebook.com\\\/ELA-Innovation-489302644542142\\\/\",\"https:\\\/\\\/x.com\\\/ElaInnovation\",\"https:\\\/\\\/www.linkedin.com\\\/company\\\/elainnovation\\\/\"]}]}<\/script>\n<!-- \/ Yoast SEO plugin. -->","yoast_head_json":{"title":"Blue LITE ID+ MESH (IDF28453-02A) - Etiqueta de ubicaci\u00f3n","description":"Etiqueta de localizaci\u00f3n ultracompacta con tecnolog\u00eda Wirepas Mesh. Formato llavero. Bater\u00eda sustituible. 6,5 a\u00f1os de duraci\u00f3n de la pila. Localizaci\u00f3n en interiores.","robots":{"index":"index","follow":"follow","max-snippet":"max-snippet:-1","max-image-preview":"max-image-preview:large","max-video-preview":"max-video-preview:-1"},"canonical":"https:\/\/elainnovation.com\/es\/producto\/blue-lite-id-mesh-idf28453-02a\/","og_locale":"es_ES","og_type":"article","og_title":"Blue LITE ID+ MESH (IDF28453-02A) - Etiqueta de ubicaci\u00f3n","og_description":"Etiqueta de localizaci\u00f3n ultracompacta con tecnolog\u00eda Wirepas Mesh. Formato llavero. Bater\u00eda sustituible. 6,5 a\u00f1os de duraci\u00f3n de la pila. Localizaci\u00f3n en interiores.","og_url":"https:\/\/elainnovation.com\/es\/producto\/blue-lite-id-mesh-idf28453-02a\/","og_site_name":"ELA Innovation","article_publisher":"https:\/\/www.facebook.com\/ELA-Innovation-489302644542142\/","article_modified_time":"2025-09-22T12:30:15+00:00","og_image":[{"width":600,"height":300,"url":"https:\/\/elainnovation.com\/wp-content\/uploads\/2023\/03\/Eshop-Blue-LITE-ID-MESH.jpg","type":"image\/jpeg"}],"twitter_card":"summary_large_image","twitter_site":"@ElaInnovation","twitter_misc":{"Tiempo de lectura":"1 minuto"},"schema":{"@context":"https:\/\/schema.org","@graph":[{"@type":"WebPage","@id":"https:\/\/elainnovation.com\/es\/producto\/blue-lite-id-mesh-idf28453-02a\/","url":"https:\/\/elainnovation.com\/es\/producto\/blue-lite-id-mesh-idf28453-02a\/","name":"Blue LITE ID+ MESH (IDF28453-02A) - Etiqueta de ubicaci\u00f3n","isPartOf":{"@id":"https:\/\/elainnovation.com\/es\/#website"},"primaryImageOfPage":{"@id":"https:\/\/elainnovation.com\/es\/producto\/blue-lite-id-mesh-idf28453-02a\/#primaryimage"},"image":{"@id":"https:\/\/elainnovation.com\/es\/producto\/blue-lite-id-mesh-idf28453-02a\/#primaryimage"},"thumbnailUrl":"https:\/\/elainnovation.com\/wp-content\/uploads\/2023\/03\/Eshop-Blue-LITE-ID-MESH.jpg","datePublished":"2023-03-10T08:33:33+00:00","dateModified":"2025-09-22T12:30:15+00:00","description":"Etiqueta de localizaci\u00f3n ultracompacta con tecnolog\u00eda Wirepas Mesh. Formato llavero. Bater\u00eda sustituible. 6,5 a\u00f1os de duraci\u00f3n de la pila. Localizaci\u00f3n en interiores.","breadcrumb":{"@id":"https:\/\/elainnovation.com\/es\/producto\/blue-lite-id-mesh-idf28453-02a\/#breadcrumb"},"inLanguage":"es","potentialAction":[{"@type":"ReadAction","target":["https:\/\/elainnovation.com\/es\/producto\/blue-lite-id-mesh-idf28453-02a\/"]}]},{"@type":"ImageObject","inLanguage":"es","@id":"https:\/\/elainnovation.com\/es\/producto\/blue-lite-id-mesh-idf28453-02a\/#primaryimage","url":"https:\/\/elainnovation.com\/wp-content\/uploads\/2023\/03\/Eshop-Blue-LITE-ID-MESH.jpg","contentUrl":"https:\/\/elainnovation.com\/wp-content\/uploads\/2023\/03\/Eshop-Blue-LITE-ID-MESH.jpg","width":600,"height":300,"caption":"Blue LITE ID+ MESH"},{"@type":"BreadcrumbList","@id":"https:\/\/elainnovation.com\/es\/producto\/blue-lite-id-mesh-idf28453-02a\/#breadcrumb","itemListElement":[{"@type":"ListItem","position":1,"name":"Home","item":"https:\/\/elainnovation.com\/es\/"},{"@type":"ListItem","position":2,"name":"Tienda","item":"https:\/\/elainnovation.com\/es\/tienda\/"},{"@type":"ListItem","position":3,"name":"Blue LITE ID+ MESH (IDF28453-02A)"}]},{"@type":"WebSite","@id":"https:\/\/elainnovation.com\/es\/#website","url":"https:\/\/elainnovation.com\/es\/","name":"ELA Innovation","description":"","publisher":{"@id":"https:\/\/elainnovation.com\/es\/#organization"},"potentialAction":[{"@type":"SearchAction","target":{"@type":"EntryPoint","urlTemplate":"https:\/\/elainnovation.com\/es\/?s={search_term_string}"},"query-input":{"@type":"PropertyValueSpecification","valueRequired":true,"valueName":"search_term_string"}}],"inLanguage":"es"},{"@type":"Organization","@id":"https:\/\/elainnovation.com\/es\/#organization","name":"ELA Innovation","url":"https:\/\/elainnovation.com\/es\/","logo":{"@type":"ImageObject","inLanguage":"es","@id":"https:\/\/elainnovation.com\/es\/#\/schema\/logo\/image\/","url":"https:\/\/elainnovation.com\/wp-content\/uploads\/2020\/07\/LOGO-Ela-Innovation.png","contentUrl":"https:\/\/elainnovation.com\/wp-content\/uploads\/2020\/07\/LOGO-Ela-Innovation.png","width":436,"height":240,"caption":"ELA Innovation"},"image":{"@id":"https:\/\/elainnovation.com\/es\/#\/schema\/logo\/image\/"},"sameAs":["https:\/\/www.facebook.com\/ELA-Innovation-489302644542142\/","https:\/\/x.com\/ElaInnovation","https:\/\/www.linkedin.com\/company\/elainnovation\/"]}]}},"_links":{"self":[{"href":"https:\/\/elainnovation.com\/es\/wp-json\/wp\/v2\/product\/39611","targetHints":{"allow":["GET"]}}],"collection":[{"href":"https:\/\/elainnovation.com\/es\/wp-json\/wp\/v2\/product"}],"about":[{"href":"https:\/\/elainnovation.com\/es\/wp-json\/wp\/v2\/types\/product"}],"wp:featuredmedia":[{"embeddable":true,"href":"https:\/\/elainnovation.com\/es\/wp-json\/wp\/v2\/media\/22790"}],"wp:attachment":[{"href":"https:\/\/elainnovation.com\/es\/wp-json\/wp\/v2\/media?parent=39611"}],"wp:term":[{"taxonomy":"product_brand","embeddable":true,"href":"https:\/\/elainnovation.com\/es\/wp-json\/wp\/v2\/product_brand?post=39611"},{"taxonomy":"product_cat","embeddable":true,"href":"https:\/\/elainnovation.com\/es\/wp-json\/wp\/v2\/product_cat?post=39611"},{"taxonomy":"product_tag","embeddable":true,"href":"https:\/\/elainnovation.com\/es\/wp-json\/wp\/v2\/product_tag?post=39611"}],"curies":[{"name":"wp","href":"https:\/\/api.w.org\/{rel}","templated":true}]}}