{"id":39619,"date":"2021-12-17T16:31:54","date_gmt":"2021-12-17T14:31:54","guid":{"rendered":"https:\/\/elainnovation.com\/product\/aero-id-idf10240-03a\/"},"modified":"2025-09-16T15:33:57","modified_gmt":"2025-09-16T13:33:57","slug":"aero-id-idf10240-03a","status":"publish","type":"product","link":"https:\/\/elainnovation.com\/es\/producto\/aero-id-idf10240-03a\/","title":{"rendered":"AERO ID (IDF10240-03A)"},"content":{"rendered":"<p>Equipada con tecnolog\u00eda Bluetooth Low Energy, la AERO ID es la baliza ideal para identificar y seguir el rastro de peque\u00f1os objetos, como herramientas manuales. Compacta, 100% aut\u00f3noma, robusta e impermeable, esta baliza se adapta a entornos complejos y ofrece un alcance de transmisi\u00f3n de hasta 200 m.<\/p>\n<p><strong>El producto se vende con la versi\u00f3n de firmware est\u00e1ndar (V.3.X.X), que no incluye las Funciones Bluetooth Avanzadas premium (disponibles en el firmware V4.X.X). Si quieres pedir este producto con las Funciones <a href=\"https:\/\/elainnovation.com\/es\/funciones-avanzadas-de-bluetooth\/\">Avanzadas Bluetooth<\/a>, ponte en contacto con nuestro departamento de ventas. <\/strong><\/p>\n<p><span style=\"color: red;\">NB: El uso de un lector NFC para PC es imprescindible <a href=\"https:\/\/elainnovation.com\/es\/?attachment_id=38546\">&gt;&gt;Haz clic aqu\u00ed&lt;&lt;<\/a> para a\u00f1adirlo a tu cesta.<\/span><\/p>\n<p>&nbsp;<\/p>\n","protected":false},"excerpt":{"rendered":"<p>Baliza de identificaci\u00f3n Bluetooth para herramientas y equipos peque\u00f1os<\/p>\n","protected":false},"featured_media":20136,"template":"","meta":{"_acf_changed":false,"inline_featured_image":false},"product_brand":[],"product_cat":[364],"product_tag":[],"class_list":{"0":"post-39619","1":"product","2":"type-product","3":"status-publish","4":"has-post-thumbnail","6":"product_cat-alcance-ble","8":"first","9":"instock","10":"taxable","11":"shipping-taxable","12":"purchasable","13":"product-type-simple"},"acf":[],"yoast_head":"<!-- This site is optimized with the Yoast SEO plugin v27.4 - https:\/\/yoast.com\/product\/yoast-seo-wordpress\/ -->\n<title>AERO ID (IDF10240-03A) - Prueba este identificador de baliza<\/title>\n<meta name=\"description\" content=\"Identificador de balizas ideal para el inventario autom\u00e1tico de herramientas manuales. Funciona con Bluetooth Low Energy. Bater\u00eda de 5 a\u00f1os de duraci\u00f3n.\" \/>\n<meta name=\"robots\" content=\"index, follow, max-snippet:-1, max-image-preview:large, max-video-preview:-1\" \/>\n<link rel=\"canonical\" href=\"https:\/\/elainnovation.com\/es\/producto\/aero-id-idf10240-03a\/\" \/>\n<meta property=\"og:locale\" content=\"es_ES\" \/>\n<meta property=\"og:type\" content=\"article\" \/>\n<meta property=\"og:title\" content=\"AERO ID (IDF10240-03A) - Prueba este identificador de baliza\" \/>\n<meta property=\"og:description\" content=\"Identificador de balizas ideal para el inventario autom\u00e1tico de herramientas manuales. Funciona con Bluetooth Low Energy. Bater\u00eda de 5 a\u00f1os de duraci\u00f3n.\" \/>\n<meta property=\"og:url\" content=\"https:\/\/elainnovation.com\/es\/producto\/aero-id-idf10240-03a\/\" \/>\n<meta property=\"og:site_name\" content=\"ELA Innovation\" \/>\n<meta property=\"article:publisher\" content=\"https:\/\/www.facebook.com\/ELA-Innovation-489302644542142\/\" \/>\n<meta property=\"article:modified_time\" content=\"2025-09-16T13:33:57+00:00\" \/>\n<meta property=\"og:image\" content=\"https:\/\/elainnovation.com\/wp-content\/uploads\/2021\/12\/Eshop-Aero-ID.png\" \/>\n\t<meta property=\"og:image:width\" content=\"600\" \/>\n\t<meta property=\"og:image:height\" content=\"300\" \/>\n\t<meta property=\"og:image:type\" content=\"image\/png\" \/>\n<meta name=\"twitter:card\" content=\"summary_large_image\" \/>\n<meta name=\"twitter:site\" content=\"@ElaInnovation\" \/>\n<meta name=\"twitter:label1\" content=\"Tiempo de lectura\" \/>\n\t<meta name=\"twitter:data1\" content=\"1 minuto\" \/>\n<script type=\"application\/ld+json\" class=\"yoast-schema-graph\">{\"@context\":\"https:\\\/\\\/schema.org\",\"@graph\":[{\"@type\":\"WebPage\",\"@id\":\"https:\\\/\\\/elainnovation.com\\\/es\\\/producto\\\/aero-id-idf10240-03a\\\/\",\"url\":\"https:\\\/\\\/elainnovation.com\\\/es\\\/producto\\\/aero-id-idf10240-03a\\\/\",\"name\":\"AERO ID (IDF10240-03A) - Prueba este identificador de baliza\",\"isPartOf\":{\"@id\":\"https:\\\/\\\/elainnovation.com\\\/es\\\/#website\"},\"primaryImageOfPage\":{\"@id\":\"https:\\\/\\\/elainnovation.com\\\/es\\\/producto\\\/aero-id-idf10240-03a\\\/#primaryimage\"},\"image\":{\"@id\":\"https:\\\/\\\/elainnovation.com\\\/es\\\/producto\\\/aero-id-idf10240-03a\\\/#primaryimage\"},\"thumbnailUrl\":\"https:\\\/\\\/elainnovation.com\\\/wp-content\\\/uploads\\\/2021\\\/12\\\/Eshop-Aero-ID.png\",\"datePublished\":\"2021-12-17T14:31:54+00:00\",\"dateModified\":\"2025-09-16T13:33:57+00:00\",\"description\":\"Identificador de balizas ideal para el inventario autom\u00e1tico de herramientas manuales. Funciona con Bluetooth Low Energy. Bater\u00eda de 5 a\u00f1os de duraci\u00f3n.\",\"breadcrumb\":{\"@id\":\"https:\\\/\\\/elainnovation.com\\\/es\\\/producto\\\/aero-id-idf10240-03a\\\/#breadcrumb\"},\"inLanguage\":\"es\",\"potentialAction\":[{\"@type\":\"ReadAction\",\"target\":[\"https:\\\/\\\/elainnovation.com\\\/es\\\/producto\\\/aero-id-idf10240-03a\\\/\"]}]},{\"@type\":\"ImageObject\",\"inLanguage\":\"es\",\"@id\":\"https:\\\/\\\/elainnovation.com\\\/es\\\/producto\\\/aero-id-idf10240-03a\\\/#primaryimage\",\"url\":\"https:\\\/\\\/elainnovation.com\\\/wp-content\\\/uploads\\\/2021\\\/12\\\/Eshop-Aero-ID.png\",\"contentUrl\":\"https:\\\/\\\/elainnovation.com\\\/wp-content\\\/uploads\\\/2021\\\/12\\\/Eshop-Aero-ID.png\",\"width\":600,\"height\":300},{\"@type\":\"BreadcrumbList\",\"@id\":\"https:\\\/\\\/elainnovation.com\\\/es\\\/producto\\\/aero-id-idf10240-03a\\\/#breadcrumb\",\"itemListElement\":[{\"@type\":\"ListItem\",\"position\":1,\"name\":\"Home\",\"item\":\"https:\\\/\\\/elainnovation.com\\\/es\\\/\"},{\"@type\":\"ListItem\",\"position\":2,\"name\":\"Tienda\",\"item\":\"https:\\\/\\\/elainnovation.com\\\/es\\\/tienda\\\/\"},{\"@type\":\"ListItem\",\"position\":3,\"name\":\"AERO ID (IDF10240-03A)\"}]},{\"@type\":\"WebSite\",\"@id\":\"https:\\\/\\\/elainnovation.com\\\/es\\\/#website\",\"url\":\"https:\\\/\\\/elainnovation.com\\\/es\\\/\",\"name\":\"ELA Innovation\",\"description\":\"\",\"publisher\":{\"@id\":\"https:\\\/\\\/elainnovation.com\\\/es\\\/#organization\"},\"potentialAction\":[{\"@type\":\"SearchAction\",\"target\":{\"@type\":\"EntryPoint\",\"urlTemplate\":\"https:\\\/\\\/elainnovation.com\\\/es\\\/?s={search_term_string}\"},\"query-input\":{\"@type\":\"PropertyValueSpecification\",\"valueRequired\":true,\"valueName\":\"search_term_string\"}}],\"inLanguage\":\"es\"},{\"@type\":\"Organization\",\"@id\":\"https:\\\/\\\/elainnovation.com\\\/es\\\/#organization\",\"name\":\"ELA Innovation\",\"url\":\"https:\\\/\\\/elainnovation.com\\\/es\\\/\",\"logo\":{\"@type\":\"ImageObject\",\"inLanguage\":\"es\",\"@id\":\"https:\\\/\\\/elainnovation.com\\\/es\\\/#\\\/schema\\\/logo\\\/image\\\/\",\"url\":\"https:\\\/\\\/elainnovation.com\\\/wp-content\\\/uploads\\\/2020\\\/07\\\/LOGO-Ela-Innovation.png\",\"contentUrl\":\"https:\\\/\\\/elainnovation.com\\\/wp-content\\\/uploads\\\/2020\\\/07\\\/LOGO-Ela-Innovation.png\",\"width\":436,\"height\":240,\"caption\":\"ELA Innovation\"},\"image\":{\"@id\":\"https:\\\/\\\/elainnovation.com\\\/es\\\/#\\\/schema\\\/logo\\\/image\\\/\"},\"sameAs\":[\"https:\\\/\\\/www.facebook.com\\\/ELA-Innovation-489302644542142\\\/\",\"https:\\\/\\\/x.com\\\/ElaInnovation\",\"https:\\\/\\\/www.linkedin.com\\\/company\\\/elainnovation\\\/\"]}]}<\/script>\n<!-- \/ Yoast SEO plugin. -->","yoast_head_json":{"title":"AERO ID (IDF10240-03A) - Prueba este identificador de baliza","description":"Identificador de balizas ideal para el inventario autom\u00e1tico de herramientas manuales. Funciona con Bluetooth Low Energy. Bater\u00eda de 5 a\u00f1os de duraci\u00f3n.","robots":{"index":"index","follow":"follow","max-snippet":"max-snippet:-1","max-image-preview":"max-image-preview:large","max-video-preview":"max-video-preview:-1"},"canonical":"https:\/\/elainnovation.com\/es\/producto\/aero-id-idf10240-03a\/","og_locale":"es_ES","og_type":"article","og_title":"AERO ID (IDF10240-03A) - Prueba este identificador de baliza","og_description":"Identificador de balizas ideal para el inventario autom\u00e1tico de herramientas manuales. Funciona con Bluetooth Low Energy. Bater\u00eda de 5 a\u00f1os de duraci\u00f3n.","og_url":"https:\/\/elainnovation.com\/es\/producto\/aero-id-idf10240-03a\/","og_site_name":"ELA Innovation","article_publisher":"https:\/\/www.facebook.com\/ELA-Innovation-489302644542142\/","article_modified_time":"2025-09-16T13:33:57+00:00","og_image":[{"width":600,"height":300,"url":"https:\/\/elainnovation.com\/wp-content\/uploads\/2021\/12\/Eshop-Aero-ID.png","type":"image\/png"}],"twitter_card":"summary_large_image","twitter_site":"@ElaInnovation","twitter_misc":{"Tiempo de lectura":"1 minuto"},"schema":{"@context":"https:\/\/schema.org","@graph":[{"@type":"WebPage","@id":"https:\/\/elainnovation.com\/es\/producto\/aero-id-idf10240-03a\/","url":"https:\/\/elainnovation.com\/es\/producto\/aero-id-idf10240-03a\/","name":"AERO ID (IDF10240-03A) - Prueba este identificador de baliza","isPartOf":{"@id":"https:\/\/elainnovation.com\/es\/#website"},"primaryImageOfPage":{"@id":"https:\/\/elainnovation.com\/es\/producto\/aero-id-idf10240-03a\/#primaryimage"},"image":{"@id":"https:\/\/elainnovation.com\/es\/producto\/aero-id-idf10240-03a\/#primaryimage"},"thumbnailUrl":"https:\/\/elainnovation.com\/wp-content\/uploads\/2021\/12\/Eshop-Aero-ID.png","datePublished":"2021-12-17T14:31:54+00:00","dateModified":"2025-09-16T13:33:57+00:00","description":"Identificador de balizas ideal para el inventario autom\u00e1tico de herramientas manuales. Funciona con Bluetooth Low Energy. Bater\u00eda de 5 a\u00f1os de duraci\u00f3n.","breadcrumb":{"@id":"https:\/\/elainnovation.com\/es\/producto\/aero-id-idf10240-03a\/#breadcrumb"},"inLanguage":"es","potentialAction":[{"@type":"ReadAction","target":["https:\/\/elainnovation.com\/es\/producto\/aero-id-idf10240-03a\/"]}]},{"@type":"ImageObject","inLanguage":"es","@id":"https:\/\/elainnovation.com\/es\/producto\/aero-id-idf10240-03a\/#primaryimage","url":"https:\/\/elainnovation.com\/wp-content\/uploads\/2021\/12\/Eshop-Aero-ID.png","contentUrl":"https:\/\/elainnovation.com\/wp-content\/uploads\/2021\/12\/Eshop-Aero-ID.png","width":600,"height":300},{"@type":"BreadcrumbList","@id":"https:\/\/elainnovation.com\/es\/producto\/aero-id-idf10240-03a\/#breadcrumb","itemListElement":[{"@type":"ListItem","position":1,"name":"Home","item":"https:\/\/elainnovation.com\/es\/"},{"@type":"ListItem","position":2,"name":"Tienda","item":"https:\/\/elainnovation.com\/es\/tienda\/"},{"@type":"ListItem","position":3,"name":"AERO ID (IDF10240-03A)"}]},{"@type":"WebSite","@id":"https:\/\/elainnovation.com\/es\/#website","url":"https:\/\/elainnovation.com\/es\/","name":"ELA Innovation","description":"","publisher":{"@id":"https:\/\/elainnovation.com\/es\/#organization"},"potentialAction":[{"@type":"SearchAction","target":{"@type":"EntryPoint","urlTemplate":"https:\/\/elainnovation.com\/es\/?s={search_term_string}"},"query-input":{"@type":"PropertyValueSpecification","valueRequired":true,"valueName":"search_term_string"}}],"inLanguage":"es"},{"@type":"Organization","@id":"https:\/\/elainnovation.com\/es\/#organization","name":"ELA Innovation","url":"https:\/\/elainnovation.com\/es\/","logo":{"@type":"ImageObject","inLanguage":"es","@id":"https:\/\/elainnovation.com\/es\/#\/schema\/logo\/image\/","url":"https:\/\/elainnovation.com\/wp-content\/uploads\/2020\/07\/LOGO-Ela-Innovation.png","contentUrl":"https:\/\/elainnovation.com\/wp-content\/uploads\/2020\/07\/LOGO-Ela-Innovation.png","width":436,"height":240,"caption":"ELA Innovation"},"image":{"@id":"https:\/\/elainnovation.com\/es\/#\/schema\/logo\/image\/"},"sameAs":["https:\/\/www.facebook.com\/ELA-Innovation-489302644542142\/","https:\/\/x.com\/ElaInnovation","https:\/\/www.linkedin.com\/company\/elainnovation\/"]}]}},"_links":{"self":[{"href":"https:\/\/elainnovation.com\/es\/wp-json\/wp\/v2\/product\/39619","targetHints":{"allow":["GET"]}}],"collection":[{"href":"https:\/\/elainnovation.com\/es\/wp-json\/wp\/v2\/product"}],"about":[{"href":"https:\/\/elainnovation.com\/es\/wp-json\/wp\/v2\/types\/product"}],"wp:featuredmedia":[{"embeddable":true,"href":"https:\/\/elainnovation.com\/es\/wp-json\/wp\/v2\/media\/20136"}],"wp:attachment":[{"href":"https:\/\/elainnovation.com\/es\/wp-json\/wp\/v2\/media?parent=39619"}],"wp:term":[{"taxonomy":"product_brand","embeddable":true,"href":"https:\/\/elainnovation.com\/es\/wp-json\/wp\/v2\/product_brand?post=39619"},{"taxonomy":"product_cat","embeddable":true,"href":"https:\/\/elainnovation.com\/es\/wp-json\/wp\/v2\/product_cat?post=39619"},{"taxonomy":"product_tag","embeddable":true,"href":"https:\/\/elainnovation.com\/es\/wp-json\/wp\/v2\/product_tag?post=39619"}],"curies":[{"name":"wp","href":"https:\/\/api.w.org\/{rel}","templated":true}]}}