{"id":39625,"date":"2021-09-15T15:24:15","date_gmt":"2021-09-15T13:24:15","guid":{"rendered":"https:\/\/elainnovation.com\/product\/t-probe-puck-azul-idf25250-01b\/"},"modified":"2025-09-22T14:05:30","modified_gmt":"2025-09-22T12:05:30","slug":"blue-puck-t-probe-idf25250-01b","status":"publish","type":"product","link":"https:\/\/elainnovation.com\/es\/producto\/blue-puck-t-probe-idf25250-01b\/","title":{"rendered":"Blue PUCK T-PROBE (IDF25250-01B)"},"content":{"rendered":"<p>Equipado con tecnolog\u00eda Bluetooth Low Energy, el sensor de temperatura Blue PUCK T-PROBE es impermeable y robusto. 100% aut\u00f3nomo, este sensor con sonda externa puede adaptarse a entornos industriales extremos para cumplir los requisitos de trazabilidad de la cadena de fr\u00edo farmac\u00e9utica. Este registrador de temperatura ofrece un rango de medici\u00f3n muy amplio, de -80 \u00b0C a +200 \u00b0C, y est\u00e1 perfectamente adaptado al transporte y almacenamiento de mercanc\u00edas sensibles al calor.<\/p>\n<p><strong>El producto se vende con la versi\u00f3n de firmware est\u00e1ndar (V.3.X.X), que no incluye las Funciones Avanzadas Bluetooth premium (disponibles en el firmware V4.X.X). Si quieres pedir este producto con las Funciones <a href=\"https:\/\/elainnovation.com\/es\/funciones-avanzadas-de-bluetooth\/\">Avanzadas Bluetooth<\/a>, ponte en contacto con nuestro departamento de ventas. <\/strong><\/p>\n<p>Para saber c\u00f3mo utilizar este sensor para garantizar un rendimiento \u00f3ptimo <span style=\"color: #006fe0;\"><strong><a style=\"color: #006fe0;\" href=\"https:\/\/elainnovation.com\/wp-content\/uploads\/2023\/09\/Application-Note-Blue-PUCK-T-PROBE-Installation-Usage-recommendation-01A.pdf\" target=\"_blank\" rel=\"noopener\">&gt;&gt;Haz clic aqu\u00ed&lt;&lt;<\/a><\/strong><\/span><\/p>\n<p><span style=\"color: red;\">NB: El uso de un lector NFC para PC es imprescindible <a href=\"https:\/\/elainnovation.com\/es\/?attachment_id=38546\">&gt;&gt;Haz clic aqu\u00ed&lt;&lt;<\/a> para a\u00f1adirlo a tu cesta.<\/span><\/p>\n","protected":false},"excerpt":{"rendered":"<p>Sensor de temperatura Bluetooth<\/p>\n","protected":false},"featured_media":18765,"template":"","meta":{"_acf_changed":false,"inline_featured_image":false},"product_brand":[],"product_cat":[364],"product_tag":[],"class_list":{"0":"post-39625","1":"product","2":"type-product","3":"status-publish","4":"has-post-thumbnail","6":"product_cat-alcance-ble","8":"first","9":"instock","10":"taxable","11":"shipping-taxable","12":"purchasable","13":"product-type-simple"},"acf":[],"yoast_head":"<!-- This site is optimized with the Yoast SEO plugin v27.2 - https:\/\/yoast.com\/product\/yoast-seo-wordpress\/ -->\n<title>Blue PUCK T-PROBE (IDF25250-01B) - Sensor de temperatura con sonda externa<\/title>\n<meta name=\"description\" content=\"Sensor de temperatura Bluetooth Low Energy (BLE). 100% aut\u00f3nomo. Resistente al agua y robusto. Rango de medici\u00f3n muy amplio, de -80 \u00b0C a +200 \u00b0C.\" \/>\n<meta name=\"robots\" content=\"index, follow, max-snippet:-1, max-image-preview:large, max-video-preview:-1\" \/>\n<link rel=\"canonical\" href=\"https:\/\/elainnovation.com\/es\/producto\/blue-puck-t-probe-idf25250-01b\/\" \/>\n<meta property=\"og:locale\" content=\"es_ES\" \/>\n<meta property=\"og:type\" content=\"article\" \/>\n<meta property=\"og:title\" content=\"Blue PUCK T-PROBE (IDF25250-01B) - Sensor de temperatura con sonda externa\" \/>\n<meta property=\"og:description\" content=\"Sensor de temperatura Bluetooth Low Energy (BLE). 100% aut\u00f3nomo. Resistente al agua y robusto. Rango de medici\u00f3n muy amplio, de -80 \u00b0C a +200 \u00b0C.\" \/>\n<meta property=\"og:url\" content=\"https:\/\/elainnovation.com\/es\/producto\/blue-puck-t-probe-idf25250-01b\/\" \/>\n<meta property=\"og:site_name\" content=\"ELA Innovation\" \/>\n<meta property=\"article:publisher\" content=\"https:\/\/www.facebook.com\/ELA-Innovation-489302644542142\/\" \/>\n<meta property=\"article:modified_time\" content=\"2025-09-22T12:05:30+00:00\" \/>\n<meta property=\"og:image\" content=\"https:\/\/elainnovation.com\/wp-content\/uploads\/2021\/01\/Eshop-Blue-PUCK-T-PROBE.png\" \/>\n\t<meta property=\"og:image:width\" content=\"600\" \/>\n\t<meta property=\"og:image:height\" content=\"300\" \/>\n\t<meta property=\"og:image:type\" content=\"image\/png\" \/>\n<meta name=\"twitter:card\" content=\"summary_large_image\" \/>\n<meta name=\"twitter:site\" content=\"@ElaInnovation\" \/>\n<meta name=\"twitter:label1\" content=\"Tiempo de lectura\" \/>\n\t<meta name=\"twitter:data1\" content=\"1 minuto\" \/>\n<script type=\"application\/ld+json\" class=\"yoast-schema-graph\">{\"@context\":\"https:\/\/schema.org\",\"@graph\":[{\"@type\":\"WebPage\",\"@id\":\"https:\/\/elainnovation.com\/es\/producto\/blue-puck-t-probe-idf25250-01b\/\",\"url\":\"https:\/\/elainnovation.com\/es\/producto\/blue-puck-t-probe-idf25250-01b\/\",\"name\":\"Blue PUCK T-PROBE (IDF25250-01B) - Sensor de temperatura con sonda externa\",\"isPartOf\":{\"@id\":\"https:\/\/elainnovation.com\/es\/#website\"},\"primaryImageOfPage\":{\"@id\":\"https:\/\/elainnovation.com\/es\/producto\/blue-puck-t-probe-idf25250-01b\/#primaryimage\"},\"image\":{\"@id\":\"https:\/\/elainnovation.com\/es\/producto\/blue-puck-t-probe-idf25250-01b\/#primaryimage\"},\"thumbnailUrl\":\"https:\/\/elainnovation.com\/wp-content\/uploads\/2021\/01\/Eshop-Blue-PUCK-T-PROBE.png\",\"datePublished\":\"2021-09-15T13:24:15+00:00\",\"dateModified\":\"2025-09-22T12:05:30+00:00\",\"description\":\"Sensor de temperatura Bluetooth Low Energy (BLE). 100% aut\u00f3nomo. Resistente al agua y robusto. Rango de medici\u00f3n muy amplio, de -80 \u00b0C a +200 \u00b0C.\",\"breadcrumb\":{\"@id\":\"https:\/\/elainnovation.com\/es\/producto\/blue-puck-t-probe-idf25250-01b\/#breadcrumb\"},\"inLanguage\":\"es\",\"potentialAction\":[{\"@type\":\"ReadAction\",\"target\":[\"https:\/\/elainnovation.com\/es\/producto\/blue-puck-t-probe-idf25250-01b\/\"]}]},{\"@type\":\"ImageObject\",\"inLanguage\":\"es\",\"@id\":\"https:\/\/elainnovation.com\/es\/producto\/blue-puck-t-probe-idf25250-01b\/#primaryimage\",\"url\":\"https:\/\/elainnovation.com\/wp-content\/uploads\/2021\/01\/Eshop-Blue-PUCK-T-PROBE.png\",\"contentUrl\":\"https:\/\/elainnovation.com\/wp-content\/uploads\/2021\/01\/Eshop-Blue-PUCK-T-PROBE.png\",\"width\":600,\"height\":300},{\"@type\":\"BreadcrumbList\",\"@id\":\"https:\/\/elainnovation.com\/es\/producto\/blue-puck-t-probe-idf25250-01b\/#breadcrumb\",\"itemListElement\":[{\"@type\":\"ListItem\",\"position\":1,\"name\":\"Home\",\"item\":\"https:\/\/elainnovation.com\/es\/\"},{\"@type\":\"ListItem\",\"position\":2,\"name\":\"Tienda\",\"item\":\"https:\/\/elainnovation.com\/es\/tienda\/\"},{\"@type\":\"ListItem\",\"position\":3,\"name\":\"Blue PUCK T-PROBE (IDF25250-01B)\"}]},{\"@type\":\"WebSite\",\"@id\":\"https:\/\/elainnovation.com\/es\/#website\",\"url\":\"https:\/\/elainnovation.com\/es\/\",\"name\":\"ELA Innovation\",\"description\":\"\",\"publisher\":{\"@id\":\"https:\/\/elainnovation.com\/es\/#organization\"},\"potentialAction\":[{\"@type\":\"SearchAction\",\"target\":{\"@type\":\"EntryPoint\",\"urlTemplate\":\"https:\/\/elainnovation.com\/es\/?s={search_term_string}\"},\"query-input\":{\"@type\":\"PropertyValueSpecification\",\"valueRequired\":true,\"valueName\":\"search_term_string\"}}],\"inLanguage\":\"es\"},{\"@type\":\"Organization\",\"@id\":\"https:\/\/elainnovation.com\/es\/#organization\",\"name\":\"ELA Innovation\",\"url\":\"https:\/\/elainnovation.com\/es\/\",\"logo\":{\"@type\":\"ImageObject\",\"inLanguage\":\"es\",\"@id\":\"https:\/\/elainnovation.com\/es\/#\/schema\/logo\/image\/\",\"url\":\"https:\/\/elainnovation.com\/wp-content\/uploads\/2020\/07\/LOGO-Ela-Innovation.png\",\"contentUrl\":\"https:\/\/elainnovation.com\/wp-content\/uploads\/2020\/07\/LOGO-Ela-Innovation.png\",\"width\":436,\"height\":240,\"caption\":\"ELA Innovation\"},\"image\":{\"@id\":\"https:\/\/elainnovation.com\/es\/#\/schema\/logo\/image\/\"},\"sameAs\":[\"https:\/\/www.facebook.com\/ELA-Innovation-489302644542142\/\",\"https:\/\/x.com\/ElaInnovation\",\"https:\/\/www.linkedin.com\/company\/elainnovation\/\"]}]}<\/script>\n<!-- \/ Yoast SEO plugin. -->","yoast_head_json":{"title":"Blue PUCK T-PROBE (IDF25250-01B) - Sensor de temperatura con sonda externa","description":"Sensor de temperatura Bluetooth Low Energy (BLE). 100% aut\u00f3nomo. Resistente al agua y robusto. Rango de medici\u00f3n muy amplio, de -80 \u00b0C a +200 \u00b0C.","robots":{"index":"index","follow":"follow","max-snippet":"max-snippet:-1","max-image-preview":"max-image-preview:large","max-video-preview":"max-video-preview:-1"},"canonical":"https:\/\/elainnovation.com\/es\/producto\/blue-puck-t-probe-idf25250-01b\/","og_locale":"es_ES","og_type":"article","og_title":"Blue PUCK T-PROBE (IDF25250-01B) - Sensor de temperatura con sonda externa","og_description":"Sensor de temperatura Bluetooth Low Energy (BLE). 100% aut\u00f3nomo. Resistente al agua y robusto. Rango de medici\u00f3n muy amplio, de -80 \u00b0C a +200 \u00b0C.","og_url":"https:\/\/elainnovation.com\/es\/producto\/blue-puck-t-probe-idf25250-01b\/","og_site_name":"ELA Innovation","article_publisher":"https:\/\/www.facebook.com\/ELA-Innovation-489302644542142\/","article_modified_time":"2025-09-22T12:05:30+00:00","og_image":[{"width":600,"height":300,"url":"https:\/\/elainnovation.com\/wp-content\/uploads\/2021\/01\/Eshop-Blue-PUCK-T-PROBE.png","type":"image\/png"}],"twitter_card":"summary_large_image","twitter_site":"@ElaInnovation","twitter_misc":{"Tiempo de lectura":"1 minuto"},"schema":{"@context":"https:\/\/schema.org","@graph":[{"@type":"WebPage","@id":"https:\/\/elainnovation.com\/es\/producto\/blue-puck-t-probe-idf25250-01b\/","url":"https:\/\/elainnovation.com\/es\/producto\/blue-puck-t-probe-idf25250-01b\/","name":"Blue PUCK T-PROBE (IDF25250-01B) - Sensor de temperatura con sonda externa","isPartOf":{"@id":"https:\/\/elainnovation.com\/es\/#website"},"primaryImageOfPage":{"@id":"https:\/\/elainnovation.com\/es\/producto\/blue-puck-t-probe-idf25250-01b\/#primaryimage"},"image":{"@id":"https:\/\/elainnovation.com\/es\/producto\/blue-puck-t-probe-idf25250-01b\/#primaryimage"},"thumbnailUrl":"https:\/\/elainnovation.com\/wp-content\/uploads\/2021\/01\/Eshop-Blue-PUCK-T-PROBE.png","datePublished":"2021-09-15T13:24:15+00:00","dateModified":"2025-09-22T12:05:30+00:00","description":"Sensor de temperatura Bluetooth Low Energy (BLE). 100% aut\u00f3nomo. Resistente al agua y robusto. Rango de medici\u00f3n muy amplio, de -80 \u00b0C a +200 \u00b0C.","breadcrumb":{"@id":"https:\/\/elainnovation.com\/es\/producto\/blue-puck-t-probe-idf25250-01b\/#breadcrumb"},"inLanguage":"es","potentialAction":[{"@type":"ReadAction","target":["https:\/\/elainnovation.com\/es\/producto\/blue-puck-t-probe-idf25250-01b\/"]}]},{"@type":"ImageObject","inLanguage":"es","@id":"https:\/\/elainnovation.com\/es\/producto\/blue-puck-t-probe-idf25250-01b\/#primaryimage","url":"https:\/\/elainnovation.com\/wp-content\/uploads\/2021\/01\/Eshop-Blue-PUCK-T-PROBE.png","contentUrl":"https:\/\/elainnovation.com\/wp-content\/uploads\/2021\/01\/Eshop-Blue-PUCK-T-PROBE.png","width":600,"height":300},{"@type":"BreadcrumbList","@id":"https:\/\/elainnovation.com\/es\/producto\/blue-puck-t-probe-idf25250-01b\/#breadcrumb","itemListElement":[{"@type":"ListItem","position":1,"name":"Home","item":"https:\/\/elainnovation.com\/es\/"},{"@type":"ListItem","position":2,"name":"Tienda","item":"https:\/\/elainnovation.com\/es\/tienda\/"},{"@type":"ListItem","position":3,"name":"Blue PUCK T-PROBE (IDF25250-01B)"}]},{"@type":"WebSite","@id":"https:\/\/elainnovation.com\/es\/#website","url":"https:\/\/elainnovation.com\/es\/","name":"ELA Innovation","description":"","publisher":{"@id":"https:\/\/elainnovation.com\/es\/#organization"},"potentialAction":[{"@type":"SearchAction","target":{"@type":"EntryPoint","urlTemplate":"https:\/\/elainnovation.com\/es\/?s={search_term_string}"},"query-input":{"@type":"PropertyValueSpecification","valueRequired":true,"valueName":"search_term_string"}}],"inLanguage":"es"},{"@type":"Organization","@id":"https:\/\/elainnovation.com\/es\/#organization","name":"ELA Innovation","url":"https:\/\/elainnovation.com\/es\/","logo":{"@type":"ImageObject","inLanguage":"es","@id":"https:\/\/elainnovation.com\/es\/#\/schema\/logo\/image\/","url":"https:\/\/elainnovation.com\/wp-content\/uploads\/2020\/07\/LOGO-Ela-Innovation.png","contentUrl":"https:\/\/elainnovation.com\/wp-content\/uploads\/2020\/07\/LOGO-Ela-Innovation.png","width":436,"height":240,"caption":"ELA Innovation"},"image":{"@id":"https:\/\/elainnovation.com\/es\/#\/schema\/logo\/image\/"},"sameAs":["https:\/\/www.facebook.com\/ELA-Innovation-489302644542142\/","https:\/\/x.com\/ElaInnovation","https:\/\/www.linkedin.com\/company\/elainnovation\/"]}]}},"_links":{"self":[{"href":"https:\/\/elainnovation.com\/es\/wp-json\/wp\/v2\/product\/39625","targetHints":{"allow":["GET"]}}],"collection":[{"href":"https:\/\/elainnovation.com\/es\/wp-json\/wp\/v2\/product"}],"about":[{"href":"https:\/\/elainnovation.com\/es\/wp-json\/wp\/v2\/types\/product"}],"wp:featuredmedia":[{"embeddable":true,"href":"https:\/\/elainnovation.com\/es\/wp-json\/wp\/v2\/media\/18765"}],"wp:attachment":[{"href":"https:\/\/elainnovation.com\/es\/wp-json\/wp\/v2\/media?parent=39625"}],"wp:term":[{"taxonomy":"product_brand","embeddable":true,"href":"https:\/\/elainnovation.com\/es\/wp-json\/wp\/v2\/product_brand?post=39625"},{"taxonomy":"product_cat","embeddable":true,"href":"https:\/\/elainnovation.com\/es\/wp-json\/wp\/v2\/product_cat?post=39625"},{"taxonomy":"product_tag","embeddable":true,"href":"https:\/\/elainnovation.com\/es\/wp-json\/wp\/v2\/product_tag?post=39625"}],"curies":[{"name":"wp","href":"https:\/\/api.w.org\/{rel}","templated":true}]}}