{"id":39630,"date":"2020-12-23T13:33:04","date_gmt":"2020-12-23T11:33:04","guid":{"rendered":"https:\/\/elainnovation.com\/product\/quuppa-lite-id-azul-idf28540-01a\/"},"modified":"2025-09-22T14:16:05","modified_gmt":"2025-09-22T12:16:05","slug":"blue-lite-id-quuppa-idf28540-01a","status":"publish","type":"product","link":"https:\/\/elainnovation.com\/es\/producto\/blue-lite-id-quuppa-idf28540-01a\/","title":{"rendered":"Blue LITE ID QUUPPA (IDF28540-01A)"},"content":{"rendered":"<p>M\u00e1s peque\u00f1o, m\u00e1s resistente y m\u00e1s inteligente, el Blue Lite ID QUUPPA es el tag ideal para la localizaci\u00f3n de alta precisi\u00f3n de personas y peque\u00f1os equipos, integr\u00e1ndose f\u00e1cilmente con las soluciones RTLS (Sistema de Localizaci\u00f3n en Tiempo Real). 100% aut\u00f3noma, esta etiqueta basada en la tecnolog\u00eda del \u00c1ngulo de Llegada (AOA) puede utilizarse como tarjeta identificativa, pero tambi\u00e9n puede pegarse a equipos gracias a su soporte adhesivo de alto rendimiento.<\/p>\n<p>Ten en cuenta que nuestro tag Blue LITE ID QUUPPA s\u00f3lo puede funcionar dentro de una infraestructura QUUPPA, formada por antenas LOCATOR y el paquete de software QUUPPA.<\/p>\n<p>Para cualquier informaci\u00f3n sobre estos elementos, ponte en contacto con los equipos comerciales de nuestro socio QUUPPA.<\/p>\n<p><span style=\"color: red;\">NB: El uso de un lector NFC para PC es imprescindible <a href=\"https:\/\/elainnovation.com\/es\/?attachment_id=38546\">&gt;&gt;Haz clic aqu\u00ed&lt;&lt;<\/a> para a\u00f1adirlo a tu cesta.<\/span><\/p>\n<p><strong>Producto fabricado por encargo. Nuestros equipos te comunicar\u00e1n los plazos de entrega. <\/strong><\/p>\n","protected":false},"excerpt":{"rendered":"<p>Etiqueta de localizaci\u00f3n Quuppa<\/p>\n","protected":false},"featured_media":20714,"template":"","meta":{"_acf_changed":false,"inline_featured_image":false},"product_brand":[],"product_cat":[418],"product_tag":[],"class_list":{"0":"post-39630","1":"product","2":"type-product","3":"status-publish","4":"has-post-thumbnail","6":"product_cat-rango-aoa","8":"first","9":"instock","10":"taxable","11":"shipping-taxable","12":"purchasable","13":"product-type-simple"},"acf":[],"yoast_head":"<!-- This site is optimized with the Yoast SEO plugin v27.3 - https:\/\/yoast.com\/product\/yoast-seo-wordpress\/ -->\n<title>Blue LITE ID QUUPPA (IDF28540-01A) - %<\/title>\n<meta name=\"description\" content=\"Etiqueta ideal para la localizaci\u00f3n de alta precisi\u00f3n de personas y equipos peque\u00f1os, f\u00e1cilmente integrable con soluciones RTLS.\" \/>\n<meta name=\"robots\" content=\"index, follow, max-snippet:-1, max-image-preview:large, max-video-preview:-1\" \/>\n<link rel=\"canonical\" href=\"https:\/\/elainnovation.com\/es\/producto\/blue-lite-id-quuppa-idf28540-01a\/\" \/>\n<meta property=\"og:locale\" content=\"es_ES\" \/>\n<meta property=\"og:type\" content=\"article\" \/>\n<meta property=\"og:title\" content=\"Blue LITE ID QUUPPA (IDF28540-01A) - %\" \/>\n<meta property=\"og:description\" content=\"Etiqueta ideal para la localizaci\u00f3n de alta precisi\u00f3n de personas y equipos peque\u00f1os, f\u00e1cilmente integrable con soluciones RTLS.\" \/>\n<meta property=\"og:url\" content=\"https:\/\/elainnovation.com\/es\/producto\/blue-lite-id-quuppa-idf28540-01a\/\" \/>\n<meta property=\"og:site_name\" content=\"ELA Innovation\" \/>\n<meta property=\"article:publisher\" content=\"https:\/\/www.facebook.com\/ELA-Innovation-489302644542142\/\" \/>\n<meta property=\"article:modified_time\" content=\"2025-09-22T12:16:05+00:00\" \/>\n<meta property=\"og:image\" content=\"https:\/\/elainnovation.com\/wp-content\/uploads\/2020\/09\/Blue-LITE-ID-face-LED-ombre.png\" \/>\n\t<meta property=\"og:image:width\" content=\"800\" \/>\n\t<meta property=\"og:image:height\" content=\"500\" \/>\n\t<meta property=\"og:image:type\" content=\"image\/png\" \/>\n<meta name=\"twitter:card\" content=\"summary_large_image\" \/>\n<meta name=\"twitter:site\" content=\"@ElaInnovation\" \/>\n<meta name=\"twitter:label1\" content=\"Tiempo de lectura\" \/>\n\t<meta name=\"twitter:data1\" content=\"1 minuto\" \/>\n<script type=\"application\/ld+json\" class=\"yoast-schema-graph\">{\"@context\":\"https:\\\/\\\/schema.org\",\"@graph\":[{\"@type\":\"WebPage\",\"@id\":\"https:\\\/\\\/elainnovation.com\\\/es\\\/producto\\\/blue-lite-id-quuppa-idf28540-01a\\\/\",\"url\":\"https:\\\/\\\/elainnovation.com\\\/es\\\/producto\\\/blue-lite-id-quuppa-idf28540-01a\\\/\",\"name\":\"Blue LITE ID QUUPPA (IDF28540-01A) - %\",\"isPartOf\":{\"@id\":\"https:\\\/\\\/elainnovation.com\\\/es\\\/#website\"},\"primaryImageOfPage\":{\"@id\":\"https:\\\/\\\/elainnovation.com\\\/es\\\/producto\\\/blue-lite-id-quuppa-idf28540-01a\\\/#primaryimage\"},\"image\":{\"@id\":\"https:\\\/\\\/elainnovation.com\\\/es\\\/producto\\\/blue-lite-id-quuppa-idf28540-01a\\\/#primaryimage\"},\"thumbnailUrl\":\"https:\\\/\\\/elainnovation.com\\\/wp-content\\\/uploads\\\/2020\\\/09\\\/Blue-LITE-ID-face-LED-ombre.png\",\"datePublished\":\"2020-12-23T11:33:04+00:00\",\"dateModified\":\"2025-09-22T12:16:05+00:00\",\"description\":\"Etiqueta ideal para la localizaci\u00f3n de alta precisi\u00f3n de personas y equipos peque\u00f1os, f\u00e1cilmente integrable con soluciones RTLS.\",\"breadcrumb\":{\"@id\":\"https:\\\/\\\/elainnovation.com\\\/es\\\/producto\\\/blue-lite-id-quuppa-idf28540-01a\\\/#breadcrumb\"},\"inLanguage\":\"es\",\"potentialAction\":[{\"@type\":\"ReadAction\",\"target\":[\"https:\\\/\\\/elainnovation.com\\\/es\\\/producto\\\/blue-lite-id-quuppa-idf28540-01a\\\/\"]}]},{\"@type\":\"ImageObject\",\"inLanguage\":\"es\",\"@id\":\"https:\\\/\\\/elainnovation.com\\\/es\\\/producto\\\/blue-lite-id-quuppa-idf28540-01a\\\/#primaryimage\",\"url\":\"https:\\\/\\\/elainnovation.com\\\/wp-content\\\/uploads\\\/2020\\\/09\\\/Blue-LITE-ID-face-LED-ombre.png\",\"contentUrl\":\"https:\\\/\\\/elainnovation.com\\\/wp-content\\\/uploads\\\/2020\\\/09\\\/Blue-LITE-ID-face-LED-ombre.png\",\"width\":800,\"height\":500},{\"@type\":\"BreadcrumbList\",\"@id\":\"https:\\\/\\\/elainnovation.com\\\/es\\\/producto\\\/blue-lite-id-quuppa-idf28540-01a\\\/#breadcrumb\",\"itemListElement\":[{\"@type\":\"ListItem\",\"position\":1,\"name\":\"Home\",\"item\":\"https:\\\/\\\/elainnovation.com\\\/es\\\/\"},{\"@type\":\"ListItem\",\"position\":2,\"name\":\"Tienda\",\"item\":\"https:\\\/\\\/elainnovation.com\\\/es\\\/tienda\\\/\"},{\"@type\":\"ListItem\",\"position\":3,\"name\":\"Blue LITE ID QUUPPA (IDF28540-01A)\"}]},{\"@type\":\"WebSite\",\"@id\":\"https:\\\/\\\/elainnovation.com\\\/es\\\/#website\",\"url\":\"https:\\\/\\\/elainnovation.com\\\/es\\\/\",\"name\":\"ELA Innovation\",\"description\":\"\",\"publisher\":{\"@id\":\"https:\\\/\\\/elainnovation.com\\\/es\\\/#organization\"},\"potentialAction\":[{\"@type\":\"SearchAction\",\"target\":{\"@type\":\"EntryPoint\",\"urlTemplate\":\"https:\\\/\\\/elainnovation.com\\\/es\\\/?s={search_term_string}\"},\"query-input\":{\"@type\":\"PropertyValueSpecification\",\"valueRequired\":true,\"valueName\":\"search_term_string\"}}],\"inLanguage\":\"es\"},{\"@type\":\"Organization\",\"@id\":\"https:\\\/\\\/elainnovation.com\\\/es\\\/#organization\",\"name\":\"ELA Innovation\",\"url\":\"https:\\\/\\\/elainnovation.com\\\/es\\\/\",\"logo\":{\"@type\":\"ImageObject\",\"inLanguage\":\"es\",\"@id\":\"https:\\\/\\\/elainnovation.com\\\/es\\\/#\\\/schema\\\/logo\\\/image\\\/\",\"url\":\"https:\\\/\\\/elainnovation.com\\\/wp-content\\\/uploads\\\/2020\\\/07\\\/LOGO-Ela-Innovation.png\",\"contentUrl\":\"https:\\\/\\\/elainnovation.com\\\/wp-content\\\/uploads\\\/2020\\\/07\\\/LOGO-Ela-Innovation.png\",\"width\":436,\"height\":240,\"caption\":\"ELA Innovation\"},\"image\":{\"@id\":\"https:\\\/\\\/elainnovation.com\\\/es\\\/#\\\/schema\\\/logo\\\/image\\\/\"},\"sameAs\":[\"https:\\\/\\\/www.facebook.com\\\/ELA-Innovation-489302644542142\\\/\",\"https:\\\/\\\/x.com\\\/ElaInnovation\",\"https:\\\/\\\/www.linkedin.com\\\/company\\\/elainnovation\\\/\"]}]}<\/script>\n<!-- \/ Yoast SEO plugin. -->","yoast_head_json":{"title":"Blue LITE ID QUUPPA (IDF28540-01A) - %","description":"Etiqueta ideal para la localizaci\u00f3n de alta precisi\u00f3n de personas y equipos peque\u00f1os, f\u00e1cilmente integrable con soluciones RTLS.","robots":{"index":"index","follow":"follow","max-snippet":"max-snippet:-1","max-image-preview":"max-image-preview:large","max-video-preview":"max-video-preview:-1"},"canonical":"https:\/\/elainnovation.com\/es\/producto\/blue-lite-id-quuppa-idf28540-01a\/","og_locale":"es_ES","og_type":"article","og_title":"Blue LITE ID QUUPPA (IDF28540-01A) - %","og_description":"Etiqueta ideal para la localizaci\u00f3n de alta precisi\u00f3n de personas y equipos peque\u00f1os, f\u00e1cilmente integrable con soluciones RTLS.","og_url":"https:\/\/elainnovation.com\/es\/producto\/blue-lite-id-quuppa-idf28540-01a\/","og_site_name":"ELA Innovation","article_publisher":"https:\/\/www.facebook.com\/ELA-Innovation-489302644542142\/","article_modified_time":"2025-09-22T12:16:05+00:00","og_image":[{"width":800,"height":500,"url":"https:\/\/elainnovation.com\/wp-content\/uploads\/2020\/09\/Blue-LITE-ID-face-LED-ombre.png","type":"image\/png"}],"twitter_card":"summary_large_image","twitter_site":"@ElaInnovation","twitter_misc":{"Tiempo de lectura":"1 minuto"},"schema":{"@context":"https:\/\/schema.org","@graph":[{"@type":"WebPage","@id":"https:\/\/elainnovation.com\/es\/producto\/blue-lite-id-quuppa-idf28540-01a\/","url":"https:\/\/elainnovation.com\/es\/producto\/blue-lite-id-quuppa-idf28540-01a\/","name":"Blue LITE ID QUUPPA (IDF28540-01A) - %","isPartOf":{"@id":"https:\/\/elainnovation.com\/es\/#website"},"primaryImageOfPage":{"@id":"https:\/\/elainnovation.com\/es\/producto\/blue-lite-id-quuppa-idf28540-01a\/#primaryimage"},"image":{"@id":"https:\/\/elainnovation.com\/es\/producto\/blue-lite-id-quuppa-idf28540-01a\/#primaryimage"},"thumbnailUrl":"https:\/\/elainnovation.com\/wp-content\/uploads\/2020\/09\/Blue-LITE-ID-face-LED-ombre.png","datePublished":"2020-12-23T11:33:04+00:00","dateModified":"2025-09-22T12:16:05+00:00","description":"Etiqueta ideal para la localizaci\u00f3n de alta precisi\u00f3n de personas y equipos peque\u00f1os, f\u00e1cilmente integrable con soluciones RTLS.","breadcrumb":{"@id":"https:\/\/elainnovation.com\/es\/producto\/blue-lite-id-quuppa-idf28540-01a\/#breadcrumb"},"inLanguage":"es","potentialAction":[{"@type":"ReadAction","target":["https:\/\/elainnovation.com\/es\/producto\/blue-lite-id-quuppa-idf28540-01a\/"]}]},{"@type":"ImageObject","inLanguage":"es","@id":"https:\/\/elainnovation.com\/es\/producto\/blue-lite-id-quuppa-idf28540-01a\/#primaryimage","url":"https:\/\/elainnovation.com\/wp-content\/uploads\/2020\/09\/Blue-LITE-ID-face-LED-ombre.png","contentUrl":"https:\/\/elainnovation.com\/wp-content\/uploads\/2020\/09\/Blue-LITE-ID-face-LED-ombre.png","width":800,"height":500},{"@type":"BreadcrumbList","@id":"https:\/\/elainnovation.com\/es\/producto\/blue-lite-id-quuppa-idf28540-01a\/#breadcrumb","itemListElement":[{"@type":"ListItem","position":1,"name":"Home","item":"https:\/\/elainnovation.com\/es\/"},{"@type":"ListItem","position":2,"name":"Tienda","item":"https:\/\/elainnovation.com\/es\/tienda\/"},{"@type":"ListItem","position":3,"name":"Blue LITE ID QUUPPA (IDF28540-01A)"}]},{"@type":"WebSite","@id":"https:\/\/elainnovation.com\/es\/#website","url":"https:\/\/elainnovation.com\/es\/","name":"ELA Innovation","description":"","publisher":{"@id":"https:\/\/elainnovation.com\/es\/#organization"},"potentialAction":[{"@type":"SearchAction","target":{"@type":"EntryPoint","urlTemplate":"https:\/\/elainnovation.com\/es\/?s={search_term_string}"},"query-input":{"@type":"PropertyValueSpecification","valueRequired":true,"valueName":"search_term_string"}}],"inLanguage":"es"},{"@type":"Organization","@id":"https:\/\/elainnovation.com\/es\/#organization","name":"ELA Innovation","url":"https:\/\/elainnovation.com\/es\/","logo":{"@type":"ImageObject","inLanguage":"es","@id":"https:\/\/elainnovation.com\/es\/#\/schema\/logo\/image\/","url":"https:\/\/elainnovation.com\/wp-content\/uploads\/2020\/07\/LOGO-Ela-Innovation.png","contentUrl":"https:\/\/elainnovation.com\/wp-content\/uploads\/2020\/07\/LOGO-Ela-Innovation.png","width":436,"height":240,"caption":"ELA Innovation"},"image":{"@id":"https:\/\/elainnovation.com\/es\/#\/schema\/logo\/image\/"},"sameAs":["https:\/\/www.facebook.com\/ELA-Innovation-489302644542142\/","https:\/\/x.com\/ElaInnovation","https:\/\/www.linkedin.com\/company\/elainnovation\/"]}]}},"_links":{"self":[{"href":"https:\/\/elainnovation.com\/es\/wp-json\/wp\/v2\/product\/39630","targetHints":{"allow":["GET"]}}],"collection":[{"href":"https:\/\/elainnovation.com\/es\/wp-json\/wp\/v2\/product"}],"about":[{"href":"https:\/\/elainnovation.com\/es\/wp-json\/wp\/v2\/types\/product"}],"wp:featuredmedia":[{"embeddable":true,"href":"https:\/\/elainnovation.com\/es\/wp-json\/wp\/v2\/media\/20714"}],"wp:attachment":[{"href":"https:\/\/elainnovation.com\/es\/wp-json\/wp\/v2\/media?parent=39630"}],"wp:term":[{"taxonomy":"product_brand","embeddable":true,"href":"https:\/\/elainnovation.com\/es\/wp-json\/wp\/v2\/product_brand?post=39630"},{"taxonomy":"product_cat","embeddable":true,"href":"https:\/\/elainnovation.com\/es\/wp-json\/wp\/v2\/product_cat?post=39630"},{"taxonomy":"product_tag","embeddable":true,"href":"https:\/\/elainnovation.com\/es\/wp-json\/wp\/v2\/product_tag?post=39630"}],"curies":[{"name":"wp","href":"https:\/\/api.w.org\/{rel}","templated":true}]}}