{"id":39867,"date":"2020-12-23T13:04:06","date_gmt":"2020-12-23T11:04:06","guid":{"rendered":"https:\/\/elainnovation.com\/product\/puck-mag-azul-idf25243-06a\/"},"modified":"2026-03-12T16:17:15","modified_gmt":"2026-03-12T14:17:15","slug":"blue-puck-mag-idf25243-06a","status":"publish","type":"product","link":"https:\/\/elainnovation.com\/es\/producto\/blue-puck-mag-idf25243-06a\/","title":{"rendered":"Blue PUCK MAG (IDF26243-01A)"},"content":{"rendered":"<p>Equipado con tecnolog\u00eda Bluetooth Low Energy, el sensor Blue PUCK MAG es ultracompacto. 100% aut\u00f3nomo y robusto, este sensor asegura el transporte de mercanc\u00edas detectando la apertura y cierre de puertas de camiones y v\u00e1lvulas. Tambi\u00e9n es ideal para aplicaciones de edificios inteligentes, midiendo el uso de las habitaciones y la intrusi\u00f3n en zonas restringidas.<\/p>\n<p>Producto vendido con el accesorio Im\u00e1n 05.<\/p>\n<p><strong>El producto se vende con funciones avanzadas Bluetooth de alta calidad (firmware V4.X.X).<\/strong><\/p>\n<p><span style=\"color: red;\">NB: El uso de un lector NFC para PC es imprescindible <a href=\"https:\/\/elainnovation.com\/es\/?attachment_id=38546\">&gt;&gt;Haz clic aqu\u00ed&lt;&lt;<\/a> para a\u00f1adirlo a tu cesta.<\/span><\/p>\n<p><strong>Reabastecimiento en curso, los plazos de entrega te ser\u00e1n comunicados por nuestros equipos.<\/strong><\/p>\n","protected":false},"excerpt":{"rendered":"<p>Sensor Bluetooth de apertura de puertas<\/p>\n","protected":false},"featured_media":18097,"template":"","meta":{"_acf_changed":false,"inline_featured_image":false},"product_brand":[],"product_cat":[364],"product_tag":[],"class_list":{"0":"post-39867","1":"product","2":"type-product","3":"status-publish","4":"has-post-thumbnail","6":"product_cat-alcance-ble","8":"first","9":"instock","10":"taxable","11":"shipping-taxable","12":"purchasable","13":"product-type-simple"},"acf":[],"yoast_head":"<!-- This site is optimized with the Yoast SEO plugin v27.4 - https:\/\/yoast.com\/product\/yoast-seo-wordpress\/ -->\n<title>Blue PUCK MAG (IDF26243-01A) - Sensor magn\u00e9tico inal\u00e1mbrico - Innovaci\u00f3n ELA<\/title>\n<meta name=\"description\" content=\"El Blue PUCK MAG es un sensor magn\u00e9tico inal\u00e1mbrico con tecnolog\u00eda Bluetooth Low Energy. 100% aut\u00f3nomo. Resistente al agua seg\u00fan IP68 e IP69K.\" \/>\n<meta name=\"robots\" content=\"index, follow, max-snippet:-1, max-image-preview:large, max-video-preview:-1\" \/>\n<link rel=\"canonical\" href=\"https:\/\/elainnovation.com\/es\/producto\/blue-puck-mag-idf25243-06a\/\" \/>\n<meta property=\"og:locale\" content=\"es_ES\" \/>\n<meta property=\"og:type\" content=\"article\" \/>\n<meta property=\"og:title\" content=\"Blue PUCK MAG (IDF26243-01A) - Sensor magn\u00e9tico inal\u00e1mbrico - Innovaci\u00f3n ELA\" \/>\n<meta property=\"og:description\" content=\"El Blue PUCK MAG es un sensor magn\u00e9tico inal\u00e1mbrico con tecnolog\u00eda Bluetooth Low Energy. 100% aut\u00f3nomo. Resistente al agua seg\u00fan IP68 e IP69K.\" \/>\n<meta property=\"og:url\" content=\"https:\/\/elainnovation.com\/es\/producto\/blue-puck-mag-idf25243-06a\/\" \/>\n<meta property=\"og:site_name\" content=\"ELA Innovation\" \/>\n<meta property=\"article:publisher\" content=\"https:\/\/www.facebook.com\/ELA-Innovation-489302644542142\/\" \/>\n<meta property=\"article:modified_time\" content=\"2026-03-12T14:17:15+00:00\" \/>\n<meta property=\"og:image\" content=\"https:\/\/elainnovation.com\/wp-content\/uploads\/2020\/12\/Eshop-Blue-PUCK-MAG.png\" \/>\n\t<meta property=\"og:image:width\" content=\"600\" \/>\n\t<meta property=\"og:image:height\" content=\"300\" \/>\n\t<meta property=\"og:image:type\" content=\"image\/png\" \/>\n<meta name=\"twitter:card\" content=\"summary_large_image\" \/>\n<meta name=\"twitter:site\" content=\"@ElaInnovation\" \/>\n<meta name=\"twitter:label1\" content=\"Tiempo de lectura\" \/>\n\t<meta name=\"twitter:data1\" content=\"1 minuto\" \/>\n<script type=\"application\/ld+json\" class=\"yoast-schema-graph\">{\"@context\":\"https:\\\/\\\/schema.org\",\"@graph\":[{\"@type\":\"WebPage\",\"@id\":\"https:\\\/\\\/elainnovation.com\\\/es\\\/producto\\\/blue-puck-mag-idf25243-06a\\\/\",\"url\":\"https:\\\/\\\/elainnovation.com\\\/es\\\/producto\\\/blue-puck-mag-idf25243-06a\\\/\",\"name\":\"Blue PUCK MAG (IDF26243-01A) - Sensor magn\u00e9tico inal\u00e1mbrico - Innovaci\u00f3n ELA\",\"isPartOf\":{\"@id\":\"https:\\\/\\\/elainnovation.com\\\/es\\\/#website\"},\"primaryImageOfPage\":{\"@id\":\"https:\\\/\\\/elainnovation.com\\\/es\\\/producto\\\/blue-puck-mag-idf25243-06a\\\/#primaryimage\"},\"image\":{\"@id\":\"https:\\\/\\\/elainnovation.com\\\/es\\\/producto\\\/blue-puck-mag-idf25243-06a\\\/#primaryimage\"},\"thumbnailUrl\":\"https:\\\/\\\/elainnovation.com\\\/wp-content\\\/uploads\\\/2020\\\/12\\\/Eshop-Blue-PUCK-MAG.png\",\"datePublished\":\"2020-12-23T11:04:06+00:00\",\"dateModified\":\"2026-03-12T14:17:15+00:00\",\"description\":\"El Blue PUCK MAG es un sensor magn\u00e9tico inal\u00e1mbrico con tecnolog\u00eda Bluetooth Low Energy. 100% aut\u00f3nomo. Resistente al agua seg\u00fan IP68 e IP69K.\",\"breadcrumb\":{\"@id\":\"https:\\\/\\\/elainnovation.com\\\/es\\\/producto\\\/blue-puck-mag-idf25243-06a\\\/#breadcrumb\"},\"inLanguage\":\"es\",\"potentialAction\":[{\"@type\":\"ReadAction\",\"target\":[\"https:\\\/\\\/elainnovation.com\\\/es\\\/producto\\\/blue-puck-mag-idf25243-06a\\\/\"]}]},{\"@type\":\"ImageObject\",\"inLanguage\":\"es\",\"@id\":\"https:\\\/\\\/elainnovation.com\\\/es\\\/producto\\\/blue-puck-mag-idf25243-06a\\\/#primaryimage\",\"url\":\"https:\\\/\\\/elainnovation.com\\\/wp-content\\\/uploads\\\/2020\\\/12\\\/Eshop-Blue-PUCK-MAG.png\",\"contentUrl\":\"https:\\\/\\\/elainnovation.com\\\/wp-content\\\/uploads\\\/2020\\\/12\\\/Eshop-Blue-PUCK-MAG.png\",\"width\":600,\"height\":300},{\"@type\":\"BreadcrumbList\",\"@id\":\"https:\\\/\\\/elainnovation.com\\\/es\\\/producto\\\/blue-puck-mag-idf25243-06a\\\/#breadcrumb\",\"itemListElement\":[{\"@type\":\"ListItem\",\"position\":1,\"name\":\"Home\",\"item\":\"https:\\\/\\\/elainnovation.com\\\/es\\\/\"},{\"@type\":\"ListItem\",\"position\":2,\"name\":\"Tienda\",\"item\":\"https:\\\/\\\/elainnovation.com\\\/es\\\/tienda\\\/\"},{\"@type\":\"ListItem\",\"position\":3,\"name\":\"Blue PUCK MAG (IDF26243-01A)\"}]},{\"@type\":\"WebSite\",\"@id\":\"https:\\\/\\\/elainnovation.com\\\/es\\\/#website\",\"url\":\"https:\\\/\\\/elainnovation.com\\\/es\\\/\",\"name\":\"ELA Innovation\",\"description\":\"\",\"publisher\":{\"@id\":\"https:\\\/\\\/elainnovation.com\\\/es\\\/#organization\"},\"potentialAction\":[{\"@type\":\"SearchAction\",\"target\":{\"@type\":\"EntryPoint\",\"urlTemplate\":\"https:\\\/\\\/elainnovation.com\\\/es\\\/?s={search_term_string}\"},\"query-input\":{\"@type\":\"PropertyValueSpecification\",\"valueRequired\":true,\"valueName\":\"search_term_string\"}}],\"inLanguage\":\"es\"},{\"@type\":\"Organization\",\"@id\":\"https:\\\/\\\/elainnovation.com\\\/es\\\/#organization\",\"name\":\"ELA Innovation\",\"url\":\"https:\\\/\\\/elainnovation.com\\\/es\\\/\",\"logo\":{\"@type\":\"ImageObject\",\"inLanguage\":\"es\",\"@id\":\"https:\\\/\\\/elainnovation.com\\\/es\\\/#\\\/schema\\\/logo\\\/image\\\/\",\"url\":\"https:\\\/\\\/elainnovation.com\\\/wp-content\\\/uploads\\\/2020\\\/07\\\/LOGO-Ela-Innovation.png\",\"contentUrl\":\"https:\\\/\\\/elainnovation.com\\\/wp-content\\\/uploads\\\/2020\\\/07\\\/LOGO-Ela-Innovation.png\",\"width\":436,\"height\":240,\"caption\":\"ELA Innovation\"},\"image\":{\"@id\":\"https:\\\/\\\/elainnovation.com\\\/es\\\/#\\\/schema\\\/logo\\\/image\\\/\"},\"sameAs\":[\"https:\\\/\\\/www.facebook.com\\\/ELA-Innovation-489302644542142\\\/\",\"https:\\\/\\\/x.com\\\/ElaInnovation\",\"https:\\\/\\\/www.linkedin.com\\\/company\\\/elainnovation\\\/\"]}]}<\/script>\n<!-- \/ Yoast SEO plugin. -->","yoast_head_json":{"title":"Blue PUCK MAG (IDF26243-01A) - Sensor magn\u00e9tico inal\u00e1mbrico - Innovaci\u00f3n ELA","description":"El Blue PUCK MAG es un sensor magn\u00e9tico inal\u00e1mbrico con tecnolog\u00eda Bluetooth Low Energy. 100% aut\u00f3nomo. Resistente al agua seg\u00fan IP68 e IP69K.","robots":{"index":"index","follow":"follow","max-snippet":"max-snippet:-1","max-image-preview":"max-image-preview:large","max-video-preview":"max-video-preview:-1"},"canonical":"https:\/\/elainnovation.com\/es\/producto\/blue-puck-mag-idf25243-06a\/","og_locale":"es_ES","og_type":"article","og_title":"Blue PUCK MAG (IDF26243-01A) - Sensor magn\u00e9tico inal\u00e1mbrico - Innovaci\u00f3n ELA","og_description":"El Blue PUCK MAG es un sensor magn\u00e9tico inal\u00e1mbrico con tecnolog\u00eda Bluetooth Low Energy. 100% aut\u00f3nomo. Resistente al agua seg\u00fan IP68 e IP69K.","og_url":"https:\/\/elainnovation.com\/es\/producto\/blue-puck-mag-idf25243-06a\/","og_site_name":"ELA Innovation","article_publisher":"https:\/\/www.facebook.com\/ELA-Innovation-489302644542142\/","article_modified_time":"2026-03-12T14:17:15+00:00","og_image":[{"width":600,"height":300,"url":"https:\/\/elainnovation.com\/wp-content\/uploads\/2020\/12\/Eshop-Blue-PUCK-MAG.png","type":"image\/png"}],"twitter_card":"summary_large_image","twitter_site":"@ElaInnovation","twitter_misc":{"Tiempo de lectura":"1 minuto"},"schema":{"@context":"https:\/\/schema.org","@graph":[{"@type":"WebPage","@id":"https:\/\/elainnovation.com\/es\/producto\/blue-puck-mag-idf25243-06a\/","url":"https:\/\/elainnovation.com\/es\/producto\/blue-puck-mag-idf25243-06a\/","name":"Blue PUCK MAG (IDF26243-01A) - Sensor magn\u00e9tico inal\u00e1mbrico - Innovaci\u00f3n ELA","isPartOf":{"@id":"https:\/\/elainnovation.com\/es\/#website"},"primaryImageOfPage":{"@id":"https:\/\/elainnovation.com\/es\/producto\/blue-puck-mag-idf25243-06a\/#primaryimage"},"image":{"@id":"https:\/\/elainnovation.com\/es\/producto\/blue-puck-mag-idf25243-06a\/#primaryimage"},"thumbnailUrl":"https:\/\/elainnovation.com\/wp-content\/uploads\/2020\/12\/Eshop-Blue-PUCK-MAG.png","datePublished":"2020-12-23T11:04:06+00:00","dateModified":"2026-03-12T14:17:15+00:00","description":"El Blue PUCK MAG es un sensor magn\u00e9tico inal\u00e1mbrico con tecnolog\u00eda Bluetooth Low Energy. 100% aut\u00f3nomo. Resistente al agua seg\u00fan IP68 e IP69K.","breadcrumb":{"@id":"https:\/\/elainnovation.com\/es\/producto\/blue-puck-mag-idf25243-06a\/#breadcrumb"},"inLanguage":"es","potentialAction":[{"@type":"ReadAction","target":["https:\/\/elainnovation.com\/es\/producto\/blue-puck-mag-idf25243-06a\/"]}]},{"@type":"ImageObject","inLanguage":"es","@id":"https:\/\/elainnovation.com\/es\/producto\/blue-puck-mag-idf25243-06a\/#primaryimage","url":"https:\/\/elainnovation.com\/wp-content\/uploads\/2020\/12\/Eshop-Blue-PUCK-MAG.png","contentUrl":"https:\/\/elainnovation.com\/wp-content\/uploads\/2020\/12\/Eshop-Blue-PUCK-MAG.png","width":600,"height":300},{"@type":"BreadcrumbList","@id":"https:\/\/elainnovation.com\/es\/producto\/blue-puck-mag-idf25243-06a\/#breadcrumb","itemListElement":[{"@type":"ListItem","position":1,"name":"Home","item":"https:\/\/elainnovation.com\/es\/"},{"@type":"ListItem","position":2,"name":"Tienda","item":"https:\/\/elainnovation.com\/es\/tienda\/"},{"@type":"ListItem","position":3,"name":"Blue PUCK MAG (IDF26243-01A)"}]},{"@type":"WebSite","@id":"https:\/\/elainnovation.com\/es\/#website","url":"https:\/\/elainnovation.com\/es\/","name":"ELA Innovation","description":"","publisher":{"@id":"https:\/\/elainnovation.com\/es\/#organization"},"potentialAction":[{"@type":"SearchAction","target":{"@type":"EntryPoint","urlTemplate":"https:\/\/elainnovation.com\/es\/?s={search_term_string}"},"query-input":{"@type":"PropertyValueSpecification","valueRequired":true,"valueName":"search_term_string"}}],"inLanguage":"es"},{"@type":"Organization","@id":"https:\/\/elainnovation.com\/es\/#organization","name":"ELA Innovation","url":"https:\/\/elainnovation.com\/es\/","logo":{"@type":"ImageObject","inLanguage":"es","@id":"https:\/\/elainnovation.com\/es\/#\/schema\/logo\/image\/","url":"https:\/\/elainnovation.com\/wp-content\/uploads\/2020\/07\/LOGO-Ela-Innovation.png","contentUrl":"https:\/\/elainnovation.com\/wp-content\/uploads\/2020\/07\/LOGO-Ela-Innovation.png","width":436,"height":240,"caption":"ELA Innovation"},"image":{"@id":"https:\/\/elainnovation.com\/es\/#\/schema\/logo\/image\/"},"sameAs":["https:\/\/www.facebook.com\/ELA-Innovation-489302644542142\/","https:\/\/x.com\/ElaInnovation","https:\/\/www.linkedin.com\/company\/elainnovation\/"]}]}},"_links":{"self":[{"href":"https:\/\/elainnovation.com\/es\/wp-json\/wp\/v2\/product\/39867","targetHints":{"allow":["GET"]}}],"collection":[{"href":"https:\/\/elainnovation.com\/es\/wp-json\/wp\/v2\/product"}],"about":[{"href":"https:\/\/elainnovation.com\/es\/wp-json\/wp\/v2\/types\/product"}],"wp:featuredmedia":[{"embeddable":true,"href":"https:\/\/elainnovation.com\/es\/wp-json\/wp\/v2\/media\/18097"}],"wp:attachment":[{"href":"https:\/\/elainnovation.com\/es\/wp-json\/wp\/v2\/media?parent=39867"}],"wp:term":[{"taxonomy":"product_brand","embeddable":true,"href":"https:\/\/elainnovation.com\/es\/wp-json\/wp\/v2\/product_brand?post=39867"},{"taxonomy":"product_cat","embeddable":true,"href":"https:\/\/elainnovation.com\/es\/wp-json\/wp\/v2\/product_cat?post=39867"},{"taxonomy":"product_tag","embeddable":true,"href":"https:\/\/elainnovation.com\/es\/wp-json\/wp\/v2\/product_tag?post=39867"}],"curies":[{"name":"wp","href":"https:\/\/api.w.org\/{rel}","templated":true}]}}