{"id":41960,"date":"2020-12-23T10:59:02","date_gmt":"2020-12-23T08:59:02","guid":{"rendered":"https:\/\/elainnovation.com\/product\/id-coin-azul-idf10240-05a\/"},"modified":"2025-09-22T14:14:34","modified_gmt":"2025-09-22T12:14:34","slug":"blue-coin-id-idf10240-05a","status":"publish","type":"product","link":"https:\/\/elainnovation.com\/es\/producto\/blue-coin-id-idf10240-05a\/","title":{"rendered":"Blue COIN ID (IDF10240-05A)"},"content":{"rendered":"<p>Equipada con tecnolog\u00eda Bluetooth de baja energ\u00eda, Blue Coin ID es la baliza ideal para identificar peque\u00f1os objetos. Compacta y 100% aut\u00f3noma, esta baliza se adapta a entornos complejos y proporciona un alcance de transmisi\u00f3n de hasta 200 m.<\/p>\n<p><strong>El producto se vende con la versi\u00f3n de firmware est\u00e1ndar (V.3.X.X), que no incluye las Funciones Avanzadas Bluetooth premium (disponibles en el firmware V4.X.X). Si quieres pedir este producto con las Funciones <a href=\"https:\/\/elainnovation.com\/es\/funciones-avanzadas-de-bluetooth\/\">Avanzadas Bluetooth<\/a>, ponte en contacto con nuestro departamento de ventas. <\/strong><\/p>\n<p><span style=\"color: red;\">NB: El uso de un lector NFC para PC es imprescindible <a href=\"https:\/\/elainnovation.com\/es\/?attachment_id=38546\">&gt;&gt;Haz clic aqu\u00ed&lt;&lt;<\/a> para a\u00f1adirlo a tu cesta.<\/span><\/p>\n","protected":false},"excerpt":{"rendered":"<p>Baliza Bluetooth de identificaci\u00f3n de peque\u00f1os equipos<\/p>\n","protected":false},"featured_media":18174,"template":"","meta":{"_acf_changed":false,"inline_featured_image":false},"product_brand":[],"product_cat":[364],"product_tag":[],"class_list":{"0":"post-41960","1":"product","2":"type-product","3":"status-publish","4":"has-post-thumbnail","6":"product_cat-alcance-ble","8":"first","9":"instock","10":"featured","11":"taxable","12":"shipping-taxable","13":"purchasable","14":"product-type-simple"},"acf":[],"yoast_head":"<!-- This site is optimized with the Yoast SEO plugin v27.4 - https:\/\/yoast.com\/product\/yoast-seo-wordpress\/ -->\n<title>Blue Coin ID - Identificador de baliza Bluetooth compacto - ELA Innovation<\/title>\n<meta name=\"description\" content=\"Identificador compacto de baliza Bluetooth Low Energy ideal para identificar peque\u00f1os equipos industriales, m\u00e9dicos y de oficina. LED. Bater\u00eda de 5 a\u00f1os de duraci\u00f3n.\" \/>\n<meta name=\"robots\" content=\"index, follow, max-snippet:-1, max-image-preview:large, max-video-preview:-1\" \/>\n<link rel=\"canonical\" href=\"https:\/\/elainnovation.com\/es\/producto\/blue-coin-id-idf10240-05a\/\" \/>\n<meta property=\"og:locale\" content=\"es_ES\" \/>\n<meta property=\"og:type\" content=\"article\" \/>\n<meta property=\"og:title\" content=\"Blue Coin ID - Identificador de baliza Bluetooth compacto - ELA Innovation\" \/>\n<meta property=\"og:description\" content=\"Identificador compacto de baliza Bluetooth Low Energy ideal para identificar peque\u00f1os equipos industriales, m\u00e9dicos y de oficina. LED. Bater\u00eda de 5 a\u00f1os de duraci\u00f3n.\" \/>\n<meta property=\"og:url\" content=\"https:\/\/elainnovation.com\/es\/producto\/blue-coin-id-idf10240-05a\/\" \/>\n<meta property=\"og:site_name\" content=\"ELA Innovation\" \/>\n<meta property=\"article:publisher\" content=\"https:\/\/www.facebook.com\/ELA-Innovation-489302644542142\/\" \/>\n<meta property=\"article:modified_time\" content=\"2025-09-22T12:14:34+00:00\" \/>\n<meta property=\"og:image\" content=\"https:\/\/elainnovation.com\/wp-content\/uploads\/2020\/12\/Eshop-Blue-COIN-ID.png\" \/>\n\t<meta property=\"og:image:width\" content=\"600\" \/>\n\t<meta property=\"og:image:height\" content=\"300\" \/>\n\t<meta property=\"og:image:type\" content=\"image\/png\" \/>\n<meta name=\"twitter:card\" content=\"summary_large_image\" \/>\n<meta name=\"twitter:site\" content=\"@ElaInnovation\" \/>\n<meta name=\"twitter:label1\" content=\"Tiempo de lectura\" \/>\n\t<meta name=\"twitter:data1\" content=\"1 minuto\" \/>\n<script type=\"application\/ld+json\" class=\"yoast-schema-graph\">{\"@context\":\"https:\\\/\\\/schema.org\",\"@graph\":[{\"@type\":\"WebPage\",\"@id\":\"https:\\\/\\\/elainnovation.com\\\/es\\\/producto\\\/blue-coin-id-idf10240-05a\\\/\",\"url\":\"https:\\\/\\\/elainnovation.com\\\/es\\\/producto\\\/blue-coin-id-idf10240-05a\\\/\",\"name\":\"Blue Coin ID - Identificador de baliza Bluetooth compacto - ELA Innovation\",\"isPartOf\":{\"@id\":\"https:\\\/\\\/elainnovation.com\\\/es\\\/#website\"},\"primaryImageOfPage\":{\"@id\":\"https:\\\/\\\/elainnovation.com\\\/es\\\/producto\\\/blue-coin-id-idf10240-05a\\\/#primaryimage\"},\"image\":{\"@id\":\"https:\\\/\\\/elainnovation.com\\\/es\\\/producto\\\/blue-coin-id-idf10240-05a\\\/#primaryimage\"},\"thumbnailUrl\":\"https:\\\/\\\/elainnovation.com\\\/wp-content\\\/uploads\\\/2020\\\/12\\\/Eshop-Blue-COIN-ID.png\",\"datePublished\":\"2020-12-23T08:59:02+00:00\",\"dateModified\":\"2025-09-22T12:14:34+00:00\",\"description\":\"Identificador compacto de baliza Bluetooth Low Energy ideal para identificar peque\u00f1os equipos industriales, m\u00e9dicos y de oficina. LED. Bater\u00eda de 5 a\u00f1os de duraci\u00f3n.\",\"breadcrumb\":{\"@id\":\"https:\\\/\\\/elainnovation.com\\\/es\\\/producto\\\/blue-coin-id-idf10240-05a\\\/#breadcrumb\"},\"inLanguage\":\"es\",\"potentialAction\":[{\"@type\":\"ReadAction\",\"target\":[\"https:\\\/\\\/elainnovation.com\\\/es\\\/producto\\\/blue-coin-id-idf10240-05a\\\/\"]}]},{\"@type\":\"ImageObject\",\"inLanguage\":\"es\",\"@id\":\"https:\\\/\\\/elainnovation.com\\\/es\\\/producto\\\/blue-coin-id-idf10240-05a\\\/#primaryimage\",\"url\":\"https:\\\/\\\/elainnovation.com\\\/wp-content\\\/uploads\\\/2020\\\/12\\\/Eshop-Blue-COIN-ID.png\",\"contentUrl\":\"https:\\\/\\\/elainnovation.com\\\/wp-content\\\/uploads\\\/2020\\\/12\\\/Eshop-Blue-COIN-ID.png\",\"width\":600,\"height\":300},{\"@type\":\"BreadcrumbList\",\"@id\":\"https:\\\/\\\/elainnovation.com\\\/es\\\/producto\\\/blue-coin-id-idf10240-05a\\\/#breadcrumb\",\"itemListElement\":[{\"@type\":\"ListItem\",\"position\":1,\"name\":\"Home\",\"item\":\"https:\\\/\\\/elainnovation.com\\\/es\\\/\"},{\"@type\":\"ListItem\",\"position\":2,\"name\":\"Tienda\",\"item\":\"https:\\\/\\\/elainnovation.com\\\/es\\\/tienda\\\/\"},{\"@type\":\"ListItem\",\"position\":3,\"name\":\"Blue COIN ID (IDF10240-05A)\"}]},{\"@type\":\"WebSite\",\"@id\":\"https:\\\/\\\/elainnovation.com\\\/es\\\/#website\",\"url\":\"https:\\\/\\\/elainnovation.com\\\/es\\\/\",\"name\":\"ELA Innovation\",\"description\":\"\",\"publisher\":{\"@id\":\"https:\\\/\\\/elainnovation.com\\\/es\\\/#organization\"},\"potentialAction\":[{\"@type\":\"SearchAction\",\"target\":{\"@type\":\"EntryPoint\",\"urlTemplate\":\"https:\\\/\\\/elainnovation.com\\\/es\\\/?s={search_term_string}\"},\"query-input\":{\"@type\":\"PropertyValueSpecification\",\"valueRequired\":true,\"valueName\":\"search_term_string\"}}],\"inLanguage\":\"es\"},{\"@type\":\"Organization\",\"@id\":\"https:\\\/\\\/elainnovation.com\\\/es\\\/#organization\",\"name\":\"ELA Innovation\",\"url\":\"https:\\\/\\\/elainnovation.com\\\/es\\\/\",\"logo\":{\"@type\":\"ImageObject\",\"inLanguage\":\"es\",\"@id\":\"https:\\\/\\\/elainnovation.com\\\/es\\\/#\\\/schema\\\/logo\\\/image\\\/\",\"url\":\"https:\\\/\\\/elainnovation.com\\\/wp-content\\\/uploads\\\/2020\\\/07\\\/LOGO-Ela-Innovation.png\",\"contentUrl\":\"https:\\\/\\\/elainnovation.com\\\/wp-content\\\/uploads\\\/2020\\\/07\\\/LOGO-Ela-Innovation.png\",\"width\":436,\"height\":240,\"caption\":\"ELA Innovation\"},\"image\":{\"@id\":\"https:\\\/\\\/elainnovation.com\\\/es\\\/#\\\/schema\\\/logo\\\/image\\\/\"},\"sameAs\":[\"https:\\\/\\\/www.facebook.com\\\/ELA-Innovation-489302644542142\\\/\",\"https:\\\/\\\/x.com\\\/ElaInnovation\",\"https:\\\/\\\/www.linkedin.com\\\/company\\\/elainnovation\\\/\"]}]}<\/script>\n<!-- \/ Yoast SEO plugin. -->","yoast_head_json":{"title":"Blue Coin ID - Identificador de baliza Bluetooth compacto - ELA Innovation","description":"Identificador compacto de baliza Bluetooth Low Energy ideal para identificar peque\u00f1os equipos industriales, m\u00e9dicos y de oficina. LED. Bater\u00eda de 5 a\u00f1os de duraci\u00f3n.","robots":{"index":"index","follow":"follow","max-snippet":"max-snippet:-1","max-image-preview":"max-image-preview:large","max-video-preview":"max-video-preview:-1"},"canonical":"https:\/\/elainnovation.com\/es\/producto\/blue-coin-id-idf10240-05a\/","og_locale":"es_ES","og_type":"article","og_title":"Blue Coin ID - Identificador de baliza Bluetooth compacto - ELA Innovation","og_description":"Identificador compacto de baliza Bluetooth Low Energy ideal para identificar peque\u00f1os equipos industriales, m\u00e9dicos y de oficina. LED. Bater\u00eda de 5 a\u00f1os de duraci\u00f3n.","og_url":"https:\/\/elainnovation.com\/es\/producto\/blue-coin-id-idf10240-05a\/","og_site_name":"ELA Innovation","article_publisher":"https:\/\/www.facebook.com\/ELA-Innovation-489302644542142\/","article_modified_time":"2025-09-22T12:14:34+00:00","og_image":[{"width":600,"height":300,"url":"https:\/\/elainnovation.com\/wp-content\/uploads\/2020\/12\/Eshop-Blue-COIN-ID.png","type":"image\/png"}],"twitter_card":"summary_large_image","twitter_site":"@ElaInnovation","twitter_misc":{"Tiempo de lectura":"1 minuto"},"schema":{"@context":"https:\/\/schema.org","@graph":[{"@type":"WebPage","@id":"https:\/\/elainnovation.com\/es\/producto\/blue-coin-id-idf10240-05a\/","url":"https:\/\/elainnovation.com\/es\/producto\/blue-coin-id-idf10240-05a\/","name":"Blue Coin ID - Identificador de baliza Bluetooth compacto - ELA Innovation","isPartOf":{"@id":"https:\/\/elainnovation.com\/es\/#website"},"primaryImageOfPage":{"@id":"https:\/\/elainnovation.com\/es\/producto\/blue-coin-id-idf10240-05a\/#primaryimage"},"image":{"@id":"https:\/\/elainnovation.com\/es\/producto\/blue-coin-id-idf10240-05a\/#primaryimage"},"thumbnailUrl":"https:\/\/elainnovation.com\/wp-content\/uploads\/2020\/12\/Eshop-Blue-COIN-ID.png","datePublished":"2020-12-23T08:59:02+00:00","dateModified":"2025-09-22T12:14:34+00:00","description":"Identificador compacto de baliza Bluetooth Low Energy ideal para identificar peque\u00f1os equipos industriales, m\u00e9dicos y de oficina. LED. Bater\u00eda de 5 a\u00f1os de duraci\u00f3n.","breadcrumb":{"@id":"https:\/\/elainnovation.com\/es\/producto\/blue-coin-id-idf10240-05a\/#breadcrumb"},"inLanguage":"es","potentialAction":[{"@type":"ReadAction","target":["https:\/\/elainnovation.com\/es\/producto\/blue-coin-id-idf10240-05a\/"]}]},{"@type":"ImageObject","inLanguage":"es","@id":"https:\/\/elainnovation.com\/es\/producto\/blue-coin-id-idf10240-05a\/#primaryimage","url":"https:\/\/elainnovation.com\/wp-content\/uploads\/2020\/12\/Eshop-Blue-COIN-ID.png","contentUrl":"https:\/\/elainnovation.com\/wp-content\/uploads\/2020\/12\/Eshop-Blue-COIN-ID.png","width":600,"height":300},{"@type":"BreadcrumbList","@id":"https:\/\/elainnovation.com\/es\/producto\/blue-coin-id-idf10240-05a\/#breadcrumb","itemListElement":[{"@type":"ListItem","position":1,"name":"Home","item":"https:\/\/elainnovation.com\/es\/"},{"@type":"ListItem","position":2,"name":"Tienda","item":"https:\/\/elainnovation.com\/es\/tienda\/"},{"@type":"ListItem","position":3,"name":"Blue COIN ID (IDF10240-05A)"}]},{"@type":"WebSite","@id":"https:\/\/elainnovation.com\/es\/#website","url":"https:\/\/elainnovation.com\/es\/","name":"ELA Innovation","description":"","publisher":{"@id":"https:\/\/elainnovation.com\/es\/#organization"},"potentialAction":[{"@type":"SearchAction","target":{"@type":"EntryPoint","urlTemplate":"https:\/\/elainnovation.com\/es\/?s={search_term_string}"},"query-input":{"@type":"PropertyValueSpecification","valueRequired":true,"valueName":"search_term_string"}}],"inLanguage":"es"},{"@type":"Organization","@id":"https:\/\/elainnovation.com\/es\/#organization","name":"ELA Innovation","url":"https:\/\/elainnovation.com\/es\/","logo":{"@type":"ImageObject","inLanguage":"es","@id":"https:\/\/elainnovation.com\/es\/#\/schema\/logo\/image\/","url":"https:\/\/elainnovation.com\/wp-content\/uploads\/2020\/07\/LOGO-Ela-Innovation.png","contentUrl":"https:\/\/elainnovation.com\/wp-content\/uploads\/2020\/07\/LOGO-Ela-Innovation.png","width":436,"height":240,"caption":"ELA Innovation"},"image":{"@id":"https:\/\/elainnovation.com\/es\/#\/schema\/logo\/image\/"},"sameAs":["https:\/\/www.facebook.com\/ELA-Innovation-489302644542142\/","https:\/\/x.com\/ElaInnovation","https:\/\/www.linkedin.com\/company\/elainnovation\/"]}]}},"_links":{"self":[{"href":"https:\/\/elainnovation.com\/es\/wp-json\/wp\/v2\/product\/41960","targetHints":{"allow":["GET"]}}],"collection":[{"href":"https:\/\/elainnovation.com\/es\/wp-json\/wp\/v2\/product"}],"about":[{"href":"https:\/\/elainnovation.com\/es\/wp-json\/wp\/v2\/types\/product"}],"wp:featuredmedia":[{"embeddable":true,"href":"https:\/\/elainnovation.com\/es\/wp-json\/wp\/v2\/media\/18174"}],"wp:attachment":[{"href":"https:\/\/elainnovation.com\/es\/wp-json\/wp\/v2\/media?parent=41960"}],"wp:term":[{"taxonomy":"product_brand","embeddable":true,"href":"https:\/\/elainnovation.com\/es\/wp-json\/wp\/v2\/product_brand?post=41960"},{"taxonomy":"product_cat","embeddable":true,"href":"https:\/\/elainnovation.com\/es\/wp-json\/wp\/v2\/product_cat?post=41960"},{"taxonomy":"product_tag","embeddable":true,"href":"https:\/\/elainnovation.com\/es\/wp-json\/wp\/v2\/product_tag?post=41960"}],"curies":[{"name":"wp","href":"https:\/\/api.w.org\/{rel}","templated":true}]}}