{"id":41962,"date":"2020-12-23T13:46:52","date_gmt":"2020-12-23T11:46:52","guid":{"rendered":"https:\/\/elainnovation.com\/?post_type=product&#038;p=41962"},"modified":"2025-10-29T11:01:36","modified_gmt":"2025-10-29T09:01:36","slug":"aero-id-quuppa-idf10540-02a","status":"publish","type":"product","link":"https:\/\/elainnovation.com\/es\/producto\/aero-id-quuppa-idf10540-02a\/","title":{"rendered":"AERO ID Quuppa (IDF10540-02A)"},"content":{"rendered":"<p>Con tecnolog\u00eda de detecci\u00f3n del \u00e1ngulo de llegada (AOA), el Quuppa AERO ID es la etiqueta ideal para la localizaci\u00f3n de alta precisi\u00f3n de equipos y herramientas industriales en entornos aeron\u00e1uticos. Su robustez, su color amarillo (opcional) y su sistema de fijaci\u00f3n de alto rendimiento cumplen las normas anti-FOD (Da\u00f1os por Objetos Extra\u00f1os).<\/p>\n<p>Ten en cuenta que nuestro tag AERO ID Quuppa s\u00f3lo puede funcionar dentro de una infraestructura QUUPPA, formada por las antenas LOCATOR y el paquete de software QUUPPA.<\/p>\n<p>Para cualquier informaci\u00f3n sobre estos elementos, ponte en contacto con los equipos comerciales de nuestro socio QUUPPA.<\/p>\n<p>Certificado QUUPPA<\/p>\n<p><span style=\"color: red;\">NB: El uso de un lector NFC para PC es imprescindible <a href=\"https:\/\/elainnovation.com\/es\/?attachment_id=38546\">&gt;&gt;Haz clic aqu\u00ed&lt;&lt;<\/a> para a\u00f1adirlo a tu cesta.<\/span><\/p>\n<p><strong>Producto fabricado por encargo. Nuestros equipos te comunicar\u00e1n los plazos de entrega. <\/strong><\/p>\n","protected":false},"excerpt":{"rendered":"<p>Etiqueta de localizaci\u00f3n Quuppa<\/p>\n","protected":false},"featured_media":24792,"template":"","meta":{"_acf_changed":false,"inline_featured_image":false},"product_brand":[],"product_cat":[418],"product_tag":[],"class_list":{"0":"post-41962","1":"product","2":"type-product","3":"status-publish","4":"has-post-thumbnail","6":"product_cat-rango-aoa","8":"first","9":"instock","10":"taxable","11":"shipping-taxable","12":"purchasable","13":"product-type-simple"},"acf":[],"yoast_head":"<!-- This site is optimized with the Yoast SEO plugin v27.4 - https:\/\/yoast.com\/product\/yoast-seo-wordpress\/ -->\n<title>AERO ID Quuppa (IDF10540-02A) - %<\/title>\n<meta name=\"description\" content=\"Detecci\u00f3n del \u00e1ngulo de llegada (AOA). Etiqueta ideal para la localizaci\u00f3n de alta precisi\u00f3n de equipos y herramientas industriales en entornos aeron\u00e1uticos.\" \/>\n<meta name=\"robots\" content=\"index, follow, max-snippet:-1, max-image-preview:large, max-video-preview:-1\" \/>\n<link rel=\"canonical\" href=\"https:\/\/elainnovation.com\/es\/producto\/aero-id-quuppa-idf10540-02a\/\" \/>\n<meta property=\"og:locale\" content=\"es_ES\" \/>\n<meta property=\"og:type\" content=\"article\" \/>\n<meta property=\"og:title\" content=\"AERO ID Quuppa (IDF10540-02A) - %\" \/>\n<meta property=\"og:description\" content=\"Detecci\u00f3n del \u00e1ngulo de llegada (AOA). Etiqueta ideal para la localizaci\u00f3n de alta precisi\u00f3n de equipos y herramientas industriales en entornos aeron\u00e1uticos.\" \/>\n<meta property=\"og:url\" content=\"https:\/\/elainnovation.com\/es\/producto\/aero-id-quuppa-idf10540-02a\/\" \/>\n<meta property=\"og:site_name\" content=\"ELA Innovation\" \/>\n<meta property=\"article:publisher\" content=\"https:\/\/www.facebook.com\/ELA-Innovation-489302644542142\/\" \/>\n<meta property=\"article:modified_time\" content=\"2025-10-29T09:01:36+00:00\" \/>\n<meta property=\"og:image\" content=\"https:\/\/elainnovation.com\/wp-content\/uploads\/2020\/12\/Eshop-Aero-ID-Quuppa-approuved-1.png\" \/>\n\t<meta property=\"og:image:width\" content=\"600\" \/>\n\t<meta property=\"og:image:height\" content=\"300\" \/>\n\t<meta property=\"og:image:type\" content=\"image\/png\" \/>\n<meta name=\"twitter:card\" content=\"summary_large_image\" \/>\n<meta name=\"twitter:site\" content=\"@ElaInnovation\" \/>\n<meta name=\"twitter:label1\" content=\"Tiempo de lectura\" \/>\n\t<meta name=\"twitter:data1\" content=\"1 minuto\" \/>\n<script type=\"application\/ld+json\" class=\"yoast-schema-graph\">{\"@context\":\"https:\\\/\\\/schema.org\",\"@graph\":[{\"@type\":\"WebPage\",\"@id\":\"https:\\\/\\\/elainnovation.com\\\/es\\\/producto\\\/aero-id-quuppa-idf10540-02a\\\/\",\"url\":\"https:\\\/\\\/elainnovation.com\\\/es\\\/producto\\\/aero-id-quuppa-idf10540-02a\\\/\",\"name\":\"AERO ID Quuppa (IDF10540-02A) - %\",\"isPartOf\":{\"@id\":\"https:\\\/\\\/elainnovation.com\\\/es\\\/#website\"},\"primaryImageOfPage\":{\"@id\":\"https:\\\/\\\/elainnovation.com\\\/es\\\/producto\\\/aero-id-quuppa-idf10540-02a\\\/#primaryimage\"},\"image\":{\"@id\":\"https:\\\/\\\/elainnovation.com\\\/es\\\/producto\\\/aero-id-quuppa-idf10540-02a\\\/#primaryimage\"},\"thumbnailUrl\":\"https:\\\/\\\/elainnovation.com\\\/wp-content\\\/uploads\\\/2020\\\/12\\\/Eshop-Aero-ID-Quuppa-approuved-1.png\",\"datePublished\":\"2020-12-23T11:46:52+00:00\",\"dateModified\":\"2025-10-29T09:01:36+00:00\",\"description\":\"Detecci\u00f3n del \u00e1ngulo de llegada (AOA). Etiqueta ideal para la localizaci\u00f3n de alta precisi\u00f3n de equipos y herramientas industriales en entornos aeron\u00e1uticos.\",\"breadcrumb\":{\"@id\":\"https:\\\/\\\/elainnovation.com\\\/es\\\/producto\\\/aero-id-quuppa-idf10540-02a\\\/#breadcrumb\"},\"inLanguage\":\"es\",\"potentialAction\":[{\"@type\":\"ReadAction\",\"target\":[\"https:\\\/\\\/elainnovation.com\\\/es\\\/producto\\\/aero-id-quuppa-idf10540-02a\\\/\"]}]},{\"@type\":\"ImageObject\",\"inLanguage\":\"es\",\"@id\":\"https:\\\/\\\/elainnovation.com\\\/es\\\/producto\\\/aero-id-quuppa-idf10540-02a\\\/#primaryimage\",\"url\":\"https:\\\/\\\/elainnovation.com\\\/wp-content\\\/uploads\\\/2020\\\/12\\\/Eshop-Aero-ID-Quuppa-approuved-1.png\",\"contentUrl\":\"https:\\\/\\\/elainnovation.com\\\/wp-content\\\/uploads\\\/2020\\\/12\\\/Eshop-Aero-ID-Quuppa-approuved-1.png\",\"width\":600,\"height\":300,\"caption\":\"Aero-ID-Quuppa\"},{\"@type\":\"BreadcrumbList\",\"@id\":\"https:\\\/\\\/elainnovation.com\\\/es\\\/producto\\\/aero-id-quuppa-idf10540-02a\\\/#breadcrumb\",\"itemListElement\":[{\"@type\":\"ListItem\",\"position\":1,\"name\":\"Home\",\"item\":\"https:\\\/\\\/elainnovation.com\\\/es\\\/\"},{\"@type\":\"ListItem\",\"position\":2,\"name\":\"Tienda\",\"item\":\"https:\\\/\\\/elainnovation.com\\\/es\\\/tienda\\\/\"},{\"@type\":\"ListItem\",\"position\":3,\"name\":\"AERO ID Quuppa (IDF10540-02A)\"}]},{\"@type\":\"WebSite\",\"@id\":\"https:\\\/\\\/elainnovation.com\\\/es\\\/#website\",\"url\":\"https:\\\/\\\/elainnovation.com\\\/es\\\/\",\"name\":\"ELA Innovation\",\"description\":\"\",\"publisher\":{\"@id\":\"https:\\\/\\\/elainnovation.com\\\/es\\\/#organization\"},\"potentialAction\":[{\"@type\":\"SearchAction\",\"target\":{\"@type\":\"EntryPoint\",\"urlTemplate\":\"https:\\\/\\\/elainnovation.com\\\/es\\\/?s={search_term_string}\"},\"query-input\":{\"@type\":\"PropertyValueSpecification\",\"valueRequired\":true,\"valueName\":\"search_term_string\"}}],\"inLanguage\":\"es\"},{\"@type\":\"Organization\",\"@id\":\"https:\\\/\\\/elainnovation.com\\\/es\\\/#organization\",\"name\":\"ELA Innovation\",\"url\":\"https:\\\/\\\/elainnovation.com\\\/es\\\/\",\"logo\":{\"@type\":\"ImageObject\",\"inLanguage\":\"es\",\"@id\":\"https:\\\/\\\/elainnovation.com\\\/es\\\/#\\\/schema\\\/logo\\\/image\\\/\",\"url\":\"https:\\\/\\\/elainnovation.com\\\/wp-content\\\/uploads\\\/2020\\\/07\\\/LOGO-Ela-Innovation.png\",\"contentUrl\":\"https:\\\/\\\/elainnovation.com\\\/wp-content\\\/uploads\\\/2020\\\/07\\\/LOGO-Ela-Innovation.png\",\"width\":436,\"height\":240,\"caption\":\"ELA Innovation\"},\"image\":{\"@id\":\"https:\\\/\\\/elainnovation.com\\\/es\\\/#\\\/schema\\\/logo\\\/image\\\/\"},\"sameAs\":[\"https:\\\/\\\/www.facebook.com\\\/ELA-Innovation-489302644542142\\\/\",\"https:\\\/\\\/x.com\\\/ElaInnovation\",\"https:\\\/\\\/www.linkedin.com\\\/company\\\/elainnovation\\\/\"]}]}<\/script>\n<!-- \/ Yoast SEO plugin. -->","yoast_head_json":{"title":"AERO ID Quuppa (IDF10540-02A) - %","description":"Detecci\u00f3n del \u00e1ngulo de llegada (AOA). Etiqueta ideal para la localizaci\u00f3n de alta precisi\u00f3n de equipos y herramientas industriales en entornos aeron\u00e1uticos.","robots":{"index":"index","follow":"follow","max-snippet":"max-snippet:-1","max-image-preview":"max-image-preview:large","max-video-preview":"max-video-preview:-1"},"canonical":"https:\/\/elainnovation.com\/es\/producto\/aero-id-quuppa-idf10540-02a\/","og_locale":"es_ES","og_type":"article","og_title":"AERO ID Quuppa (IDF10540-02A) - %","og_description":"Detecci\u00f3n del \u00e1ngulo de llegada (AOA). Etiqueta ideal para la localizaci\u00f3n de alta precisi\u00f3n de equipos y herramientas industriales en entornos aeron\u00e1uticos.","og_url":"https:\/\/elainnovation.com\/es\/producto\/aero-id-quuppa-idf10540-02a\/","og_site_name":"ELA Innovation","article_publisher":"https:\/\/www.facebook.com\/ELA-Innovation-489302644542142\/","article_modified_time":"2025-10-29T09:01:36+00:00","og_image":[{"width":600,"height":300,"url":"https:\/\/elainnovation.com\/wp-content\/uploads\/2020\/12\/Eshop-Aero-ID-Quuppa-approuved-1.png","type":"image\/png"}],"twitter_card":"summary_large_image","twitter_site":"@ElaInnovation","twitter_misc":{"Tiempo de lectura":"1 minuto"},"schema":{"@context":"https:\/\/schema.org","@graph":[{"@type":"WebPage","@id":"https:\/\/elainnovation.com\/es\/producto\/aero-id-quuppa-idf10540-02a\/","url":"https:\/\/elainnovation.com\/es\/producto\/aero-id-quuppa-idf10540-02a\/","name":"AERO ID Quuppa (IDF10540-02A) - %","isPartOf":{"@id":"https:\/\/elainnovation.com\/es\/#website"},"primaryImageOfPage":{"@id":"https:\/\/elainnovation.com\/es\/producto\/aero-id-quuppa-idf10540-02a\/#primaryimage"},"image":{"@id":"https:\/\/elainnovation.com\/es\/producto\/aero-id-quuppa-idf10540-02a\/#primaryimage"},"thumbnailUrl":"https:\/\/elainnovation.com\/wp-content\/uploads\/2020\/12\/Eshop-Aero-ID-Quuppa-approuved-1.png","datePublished":"2020-12-23T11:46:52+00:00","dateModified":"2025-10-29T09:01:36+00:00","description":"Detecci\u00f3n del \u00e1ngulo de llegada (AOA). Etiqueta ideal para la localizaci\u00f3n de alta precisi\u00f3n de equipos y herramientas industriales en entornos aeron\u00e1uticos.","breadcrumb":{"@id":"https:\/\/elainnovation.com\/es\/producto\/aero-id-quuppa-idf10540-02a\/#breadcrumb"},"inLanguage":"es","potentialAction":[{"@type":"ReadAction","target":["https:\/\/elainnovation.com\/es\/producto\/aero-id-quuppa-idf10540-02a\/"]}]},{"@type":"ImageObject","inLanguage":"es","@id":"https:\/\/elainnovation.com\/es\/producto\/aero-id-quuppa-idf10540-02a\/#primaryimage","url":"https:\/\/elainnovation.com\/wp-content\/uploads\/2020\/12\/Eshop-Aero-ID-Quuppa-approuved-1.png","contentUrl":"https:\/\/elainnovation.com\/wp-content\/uploads\/2020\/12\/Eshop-Aero-ID-Quuppa-approuved-1.png","width":600,"height":300,"caption":"Aero-ID-Quuppa"},{"@type":"BreadcrumbList","@id":"https:\/\/elainnovation.com\/es\/producto\/aero-id-quuppa-idf10540-02a\/#breadcrumb","itemListElement":[{"@type":"ListItem","position":1,"name":"Home","item":"https:\/\/elainnovation.com\/es\/"},{"@type":"ListItem","position":2,"name":"Tienda","item":"https:\/\/elainnovation.com\/es\/tienda\/"},{"@type":"ListItem","position":3,"name":"AERO ID Quuppa (IDF10540-02A)"}]},{"@type":"WebSite","@id":"https:\/\/elainnovation.com\/es\/#website","url":"https:\/\/elainnovation.com\/es\/","name":"ELA Innovation","description":"","publisher":{"@id":"https:\/\/elainnovation.com\/es\/#organization"},"potentialAction":[{"@type":"SearchAction","target":{"@type":"EntryPoint","urlTemplate":"https:\/\/elainnovation.com\/es\/?s={search_term_string}"},"query-input":{"@type":"PropertyValueSpecification","valueRequired":true,"valueName":"search_term_string"}}],"inLanguage":"es"},{"@type":"Organization","@id":"https:\/\/elainnovation.com\/es\/#organization","name":"ELA Innovation","url":"https:\/\/elainnovation.com\/es\/","logo":{"@type":"ImageObject","inLanguage":"es","@id":"https:\/\/elainnovation.com\/es\/#\/schema\/logo\/image\/","url":"https:\/\/elainnovation.com\/wp-content\/uploads\/2020\/07\/LOGO-Ela-Innovation.png","contentUrl":"https:\/\/elainnovation.com\/wp-content\/uploads\/2020\/07\/LOGO-Ela-Innovation.png","width":436,"height":240,"caption":"ELA Innovation"},"image":{"@id":"https:\/\/elainnovation.com\/es\/#\/schema\/logo\/image\/"},"sameAs":["https:\/\/www.facebook.com\/ELA-Innovation-489302644542142\/","https:\/\/x.com\/ElaInnovation","https:\/\/www.linkedin.com\/company\/elainnovation\/"]}]}},"_links":{"self":[{"href":"https:\/\/elainnovation.com\/es\/wp-json\/wp\/v2\/product\/41962","targetHints":{"allow":["GET"]}}],"collection":[{"href":"https:\/\/elainnovation.com\/es\/wp-json\/wp\/v2\/product"}],"about":[{"href":"https:\/\/elainnovation.com\/es\/wp-json\/wp\/v2\/types\/product"}],"wp:featuredmedia":[{"embeddable":true,"href":"https:\/\/elainnovation.com\/es\/wp-json\/wp\/v2\/media\/24792"}],"wp:attachment":[{"href":"https:\/\/elainnovation.com\/es\/wp-json\/wp\/v2\/media?parent=41962"}],"wp:term":[{"taxonomy":"product_brand","embeddable":true,"href":"https:\/\/elainnovation.com\/es\/wp-json\/wp\/v2\/product_brand?post=41962"},{"taxonomy":"product_cat","embeddable":true,"href":"https:\/\/elainnovation.com\/es\/wp-json\/wp\/v2\/product_cat?post=41962"},{"taxonomy":"product_tag","embeddable":true,"href":"https:\/\/elainnovation.com\/es\/wp-json\/wp\/v2\/product_tag?post=41962"}],"curies":[{"name":"wp","href":"https:\/\/api.w.org\/{rel}","templated":true}]}}