{"id":41968,"date":"2021-10-05T16:53:25","date_gmt":"2021-10-05T14:53:25","guid":{"rendered":"https:\/\/elainnovation.com\/?post_type=product&#038;p=41968"},"modified":"2025-09-22T14:25:30","modified_gmt":"2025-09-22T12:25:30","slug":"blue-puck-proxir-beta-idf25252-01a","status":"publish","type":"product","link":"https:\/\/elainnovation.com\/es\/producto\/blue-puck-proxir-beta-idf25252-01a\/","title":{"rendered":"Blue PUCK PROXIR &#8211; Beta (IDF25252-01A)"},"content":{"rendered":"<p>Equipado con tecnolog\u00eda Bluetooth Low Energy, el Blue PUCK PROXIR es el sensor ideal para medir distancias. Compacto y 100% aut\u00f3nomo, este sensor puede detectar la presencia de objetos hasta a 100 cm de distancia, en funci\u00f3n del reflejo del objeto y de la luz ambiental. Tambi\u00e9n puedes establecer un umbral de alerta para la distancia de medici\u00f3n.<\/p>\n<p><strong>El producto se vende con la versi\u00f3n de firmware est\u00e1ndar (V.3.X.X), que no incluye las Funciones Avanzadas Bluetooth premium (disponibles en el firmware V4.X.X). Si quieres pedir este producto con las Funciones <a href=\"https:\/\/elainnovation.com\/es\/funciones-avanzadas-de-bluetooth\/\">Avanzadas Bluetooth<\/a>, ponte en contacto con nuestro departamento de ventas. <\/strong><\/p>\n<p>Disponible en versi\u00f3n Beta.<\/p>\n<p><span style=\"color: red;\">NB: El uso de un lector NFC para PC es imprescindible <a href=\"https:\/\/elainnovation.com\/es\/?attachment_id=38546\">&gt;&gt;Haz clic aqu\u00ed&lt;&lt;<\/a> para a\u00f1adirlo a tu cesta.<\/span><\/p>\n<p>&nbsp;<\/p>\n","protected":false},"excerpt":{"rendered":"<p>Equipado con tecnolog\u00eda Bluetooth Low Energy, el Blue PUCK PROXIR es el sensor ideal para medir distancias. Compacto y 100% aut\u00f3nomo, este sensor puede detectar la presencia de objetos hasta a 100 cm de distancia, en funci\u00f3n del reflejo del objeto y de la luz ambiental. Tambi\u00e9n puedes establecer un umbral de alerta para la [&hellip;]<\/p>\n","protected":false},"featured_media":19611,"template":"","meta":{"_acf_changed":false,"inline_featured_image":false},"product_brand":[],"product_cat":[364],"product_tag":[],"class_list":{"0":"post-41968","1":"product","2":"type-product","3":"status-publish","4":"has-post-thumbnail","6":"product_cat-alcance-ble","8":"first","9":"instock","10":"taxable","11":"shipping-taxable","12":"purchasable","13":"product-type-simple"},"acf":[],"yoast_head":"<!-- This site is optimized with the Yoast SEO plugin v27.4 - https:\/\/yoast.com\/product\/yoast-seo-wordpress\/ -->\n<title>Comprar Blue PUCK PROXIR - Beta (IDF25252-01A) - Innovaci\u00f3n ELA<\/title>\n<meta name=\"description\" content=\"Compra el Blue PUCK PROXIR, un sensor Bluetooth de baja energ\u00eda que detecta la presencia de un objeto a corta distancia (de 1 cm a 1 m).\" \/>\n<meta name=\"robots\" content=\"index, follow, max-snippet:-1, max-image-preview:large, max-video-preview:-1\" \/>\n<link rel=\"canonical\" href=\"https:\/\/elainnovation.com\/es\/producto\/blue-puck-proxir-beta-idf25252-01a\/\" \/>\n<meta property=\"og:locale\" content=\"es_ES\" \/>\n<meta property=\"og:type\" content=\"article\" \/>\n<meta property=\"og:title\" content=\"Comprar Blue PUCK PROXIR - Beta (IDF25252-01A) - Innovaci\u00f3n ELA\" \/>\n<meta property=\"og:description\" content=\"Compra el Blue PUCK PROXIR, un sensor Bluetooth de baja energ\u00eda que detecta la presencia de un objeto a corta distancia (de 1 cm a 1 m).\" \/>\n<meta property=\"og:url\" content=\"https:\/\/elainnovation.com\/es\/producto\/blue-puck-proxir-beta-idf25252-01a\/\" \/>\n<meta property=\"og:site_name\" content=\"ELA Innovation\" \/>\n<meta property=\"article:publisher\" content=\"https:\/\/www.facebook.com\/ELA-Innovation-489302644542142\/\" \/>\n<meta property=\"article:modified_time\" content=\"2025-09-22T12:25:30+00:00\" \/>\n<meta property=\"og:image\" content=\"https:\/\/elainnovation.com\/wp-content\/uploads\/2021\/09\/Eshop-Blue-PUCK-PROXIR.png\" \/>\n\t<meta property=\"og:image:width\" content=\"600\" \/>\n\t<meta property=\"og:image:height\" content=\"300\" \/>\n\t<meta property=\"og:image:type\" content=\"image\/png\" \/>\n<meta name=\"twitter:card\" content=\"summary_large_image\" \/>\n<meta name=\"twitter:site\" content=\"@ElaInnovation\" \/>\n<meta name=\"twitter:label1\" content=\"Tiempo de lectura\" \/>\n\t<meta name=\"twitter:data1\" content=\"1 minuto\" \/>\n<script type=\"application\/ld+json\" class=\"yoast-schema-graph\">{\"@context\":\"https:\\\/\\\/schema.org\",\"@graph\":[{\"@type\":\"WebPage\",\"@id\":\"https:\\\/\\\/elainnovation.com\\\/es\\\/producto\\\/blue-puck-proxir-beta-idf25252-01a\\\/\",\"url\":\"https:\\\/\\\/elainnovation.com\\\/es\\\/producto\\\/blue-puck-proxir-beta-idf25252-01a\\\/\",\"name\":\"Comprar Blue PUCK PROXIR - Beta (IDF25252-01A) - Innovaci\u00f3n ELA\",\"isPartOf\":{\"@id\":\"https:\\\/\\\/elainnovation.com\\\/es\\\/#website\"},\"primaryImageOfPage\":{\"@id\":\"https:\\\/\\\/elainnovation.com\\\/es\\\/producto\\\/blue-puck-proxir-beta-idf25252-01a\\\/#primaryimage\"},\"image\":{\"@id\":\"https:\\\/\\\/elainnovation.com\\\/es\\\/producto\\\/blue-puck-proxir-beta-idf25252-01a\\\/#primaryimage\"},\"thumbnailUrl\":\"https:\\\/\\\/elainnovation.com\\\/wp-content\\\/uploads\\\/2021\\\/09\\\/Eshop-Blue-PUCK-PROXIR.png\",\"datePublished\":\"2021-10-05T14:53:25+00:00\",\"dateModified\":\"2025-09-22T12:25:30+00:00\",\"description\":\"Compra el Blue PUCK PROXIR, un sensor Bluetooth de baja energ\u00eda que detecta la presencia de un objeto a corta distancia (de 1 cm a 1 m).\",\"breadcrumb\":{\"@id\":\"https:\\\/\\\/elainnovation.com\\\/es\\\/producto\\\/blue-puck-proxir-beta-idf25252-01a\\\/#breadcrumb\"},\"inLanguage\":\"es\",\"potentialAction\":[{\"@type\":\"ReadAction\",\"target\":[\"https:\\\/\\\/elainnovation.com\\\/es\\\/producto\\\/blue-puck-proxir-beta-idf25252-01a\\\/\"]}]},{\"@type\":\"ImageObject\",\"inLanguage\":\"es\",\"@id\":\"https:\\\/\\\/elainnovation.com\\\/es\\\/producto\\\/blue-puck-proxir-beta-idf25252-01a\\\/#primaryimage\",\"url\":\"https:\\\/\\\/elainnovation.com\\\/wp-content\\\/uploads\\\/2021\\\/09\\\/Eshop-Blue-PUCK-PROXIR.png\",\"contentUrl\":\"https:\\\/\\\/elainnovation.com\\\/wp-content\\\/uploads\\\/2021\\\/09\\\/Eshop-Blue-PUCK-PROXIR.png\",\"width\":600,\"height\":300},{\"@type\":\"BreadcrumbList\",\"@id\":\"https:\\\/\\\/elainnovation.com\\\/es\\\/producto\\\/blue-puck-proxir-beta-idf25252-01a\\\/#breadcrumb\",\"itemListElement\":[{\"@type\":\"ListItem\",\"position\":1,\"name\":\"Home\",\"item\":\"https:\\\/\\\/elainnovation.com\\\/es\\\/\"},{\"@type\":\"ListItem\",\"position\":2,\"name\":\"Tienda\",\"item\":\"https:\\\/\\\/elainnovation.com\\\/es\\\/tienda\\\/\"},{\"@type\":\"ListItem\",\"position\":3,\"name\":\"Blue PUCK PROXIR &#8211; Beta (IDF25252-01A)\"}]},{\"@type\":\"WebSite\",\"@id\":\"https:\\\/\\\/elainnovation.com\\\/es\\\/#website\",\"url\":\"https:\\\/\\\/elainnovation.com\\\/es\\\/\",\"name\":\"ELA Innovation\",\"description\":\"\",\"publisher\":{\"@id\":\"https:\\\/\\\/elainnovation.com\\\/es\\\/#organization\"},\"potentialAction\":[{\"@type\":\"SearchAction\",\"target\":{\"@type\":\"EntryPoint\",\"urlTemplate\":\"https:\\\/\\\/elainnovation.com\\\/es\\\/?s={search_term_string}\"},\"query-input\":{\"@type\":\"PropertyValueSpecification\",\"valueRequired\":true,\"valueName\":\"search_term_string\"}}],\"inLanguage\":\"es\"},{\"@type\":\"Organization\",\"@id\":\"https:\\\/\\\/elainnovation.com\\\/es\\\/#organization\",\"name\":\"ELA Innovation\",\"url\":\"https:\\\/\\\/elainnovation.com\\\/es\\\/\",\"logo\":{\"@type\":\"ImageObject\",\"inLanguage\":\"es\",\"@id\":\"https:\\\/\\\/elainnovation.com\\\/es\\\/#\\\/schema\\\/logo\\\/image\\\/\",\"url\":\"https:\\\/\\\/elainnovation.com\\\/wp-content\\\/uploads\\\/2020\\\/07\\\/LOGO-Ela-Innovation.png\",\"contentUrl\":\"https:\\\/\\\/elainnovation.com\\\/wp-content\\\/uploads\\\/2020\\\/07\\\/LOGO-Ela-Innovation.png\",\"width\":436,\"height\":240,\"caption\":\"ELA Innovation\"},\"image\":{\"@id\":\"https:\\\/\\\/elainnovation.com\\\/es\\\/#\\\/schema\\\/logo\\\/image\\\/\"},\"sameAs\":[\"https:\\\/\\\/www.facebook.com\\\/ELA-Innovation-489302644542142\\\/\",\"https:\\\/\\\/x.com\\\/ElaInnovation\",\"https:\\\/\\\/www.linkedin.com\\\/company\\\/elainnovation\\\/\"]}]}<\/script>\n<!-- \/ Yoast SEO plugin. -->","yoast_head_json":{"title":"Comprar Blue PUCK PROXIR - Beta (IDF25252-01A) - Innovaci\u00f3n ELA","description":"Compra el Blue PUCK PROXIR, un sensor Bluetooth de baja energ\u00eda que detecta la presencia de un objeto a corta distancia (de 1 cm a 1 m).","robots":{"index":"index","follow":"follow","max-snippet":"max-snippet:-1","max-image-preview":"max-image-preview:large","max-video-preview":"max-video-preview:-1"},"canonical":"https:\/\/elainnovation.com\/es\/producto\/blue-puck-proxir-beta-idf25252-01a\/","og_locale":"es_ES","og_type":"article","og_title":"Comprar Blue PUCK PROXIR - Beta (IDF25252-01A) - Innovaci\u00f3n ELA","og_description":"Compra el Blue PUCK PROXIR, un sensor Bluetooth de baja energ\u00eda que detecta la presencia de un objeto a corta distancia (de 1 cm a 1 m).","og_url":"https:\/\/elainnovation.com\/es\/producto\/blue-puck-proxir-beta-idf25252-01a\/","og_site_name":"ELA Innovation","article_publisher":"https:\/\/www.facebook.com\/ELA-Innovation-489302644542142\/","article_modified_time":"2025-09-22T12:25:30+00:00","og_image":[{"width":600,"height":300,"url":"https:\/\/elainnovation.com\/wp-content\/uploads\/2021\/09\/Eshop-Blue-PUCK-PROXIR.png","type":"image\/png"}],"twitter_card":"summary_large_image","twitter_site":"@ElaInnovation","twitter_misc":{"Tiempo de lectura":"1 minuto"},"schema":{"@context":"https:\/\/schema.org","@graph":[{"@type":"WebPage","@id":"https:\/\/elainnovation.com\/es\/producto\/blue-puck-proxir-beta-idf25252-01a\/","url":"https:\/\/elainnovation.com\/es\/producto\/blue-puck-proxir-beta-idf25252-01a\/","name":"Comprar Blue PUCK PROXIR - Beta (IDF25252-01A) - Innovaci\u00f3n ELA","isPartOf":{"@id":"https:\/\/elainnovation.com\/es\/#website"},"primaryImageOfPage":{"@id":"https:\/\/elainnovation.com\/es\/producto\/blue-puck-proxir-beta-idf25252-01a\/#primaryimage"},"image":{"@id":"https:\/\/elainnovation.com\/es\/producto\/blue-puck-proxir-beta-idf25252-01a\/#primaryimage"},"thumbnailUrl":"https:\/\/elainnovation.com\/wp-content\/uploads\/2021\/09\/Eshop-Blue-PUCK-PROXIR.png","datePublished":"2021-10-05T14:53:25+00:00","dateModified":"2025-09-22T12:25:30+00:00","description":"Compra el Blue PUCK PROXIR, un sensor Bluetooth de baja energ\u00eda que detecta la presencia de un objeto a corta distancia (de 1 cm a 1 m).","breadcrumb":{"@id":"https:\/\/elainnovation.com\/es\/producto\/blue-puck-proxir-beta-idf25252-01a\/#breadcrumb"},"inLanguage":"es","potentialAction":[{"@type":"ReadAction","target":["https:\/\/elainnovation.com\/es\/producto\/blue-puck-proxir-beta-idf25252-01a\/"]}]},{"@type":"ImageObject","inLanguage":"es","@id":"https:\/\/elainnovation.com\/es\/producto\/blue-puck-proxir-beta-idf25252-01a\/#primaryimage","url":"https:\/\/elainnovation.com\/wp-content\/uploads\/2021\/09\/Eshop-Blue-PUCK-PROXIR.png","contentUrl":"https:\/\/elainnovation.com\/wp-content\/uploads\/2021\/09\/Eshop-Blue-PUCK-PROXIR.png","width":600,"height":300},{"@type":"BreadcrumbList","@id":"https:\/\/elainnovation.com\/es\/producto\/blue-puck-proxir-beta-idf25252-01a\/#breadcrumb","itemListElement":[{"@type":"ListItem","position":1,"name":"Home","item":"https:\/\/elainnovation.com\/es\/"},{"@type":"ListItem","position":2,"name":"Tienda","item":"https:\/\/elainnovation.com\/es\/tienda\/"},{"@type":"ListItem","position":3,"name":"Blue PUCK PROXIR &#8211; Beta (IDF25252-01A)"}]},{"@type":"WebSite","@id":"https:\/\/elainnovation.com\/es\/#website","url":"https:\/\/elainnovation.com\/es\/","name":"ELA Innovation","description":"","publisher":{"@id":"https:\/\/elainnovation.com\/es\/#organization"},"potentialAction":[{"@type":"SearchAction","target":{"@type":"EntryPoint","urlTemplate":"https:\/\/elainnovation.com\/es\/?s={search_term_string}"},"query-input":{"@type":"PropertyValueSpecification","valueRequired":true,"valueName":"search_term_string"}}],"inLanguage":"es"},{"@type":"Organization","@id":"https:\/\/elainnovation.com\/es\/#organization","name":"ELA Innovation","url":"https:\/\/elainnovation.com\/es\/","logo":{"@type":"ImageObject","inLanguage":"es","@id":"https:\/\/elainnovation.com\/es\/#\/schema\/logo\/image\/","url":"https:\/\/elainnovation.com\/wp-content\/uploads\/2020\/07\/LOGO-Ela-Innovation.png","contentUrl":"https:\/\/elainnovation.com\/wp-content\/uploads\/2020\/07\/LOGO-Ela-Innovation.png","width":436,"height":240,"caption":"ELA Innovation"},"image":{"@id":"https:\/\/elainnovation.com\/es\/#\/schema\/logo\/image\/"},"sameAs":["https:\/\/www.facebook.com\/ELA-Innovation-489302644542142\/","https:\/\/x.com\/ElaInnovation","https:\/\/www.linkedin.com\/company\/elainnovation\/"]}]}},"_links":{"self":[{"href":"https:\/\/elainnovation.com\/es\/wp-json\/wp\/v2\/product\/41968","targetHints":{"allow":["GET"]}}],"collection":[{"href":"https:\/\/elainnovation.com\/es\/wp-json\/wp\/v2\/product"}],"about":[{"href":"https:\/\/elainnovation.com\/es\/wp-json\/wp\/v2\/types\/product"}],"wp:featuredmedia":[{"embeddable":true,"href":"https:\/\/elainnovation.com\/es\/wp-json\/wp\/v2\/media\/19611"}],"wp:attachment":[{"href":"https:\/\/elainnovation.com\/es\/wp-json\/wp\/v2\/media?parent=41968"}],"wp:term":[{"taxonomy":"product_brand","embeddable":true,"href":"https:\/\/elainnovation.com\/es\/wp-json\/wp\/v2\/product_brand?post=41968"},{"taxonomy":"product_cat","embeddable":true,"href":"https:\/\/elainnovation.com\/es\/wp-json\/wp\/v2\/product_cat?post=41968"},{"taxonomy":"product_tag","embeddable":true,"href":"https:\/\/elainnovation.com\/es\/wp-json\/wp\/v2\/product_tag?post=41968"}],"curies":[{"name":"wp","href":"https:\/\/api.w.org\/{rel}","templated":true}]}}