{"id":41971,"date":"2023-03-09T17:51:56","date_gmt":"2023-03-09T15:51:56","guid":{"rendered":"https:\/\/elainnovation.com\/?post_type=product&#038;p=41971"},"modified":"2025-09-22T14:26:35","modified_gmt":"2025-09-22T12:26:35","slug":"blue-puck-pir-mesh-idf25449-03a","status":"publish","type":"product","link":"https:\/\/elainnovation.com\/es\/producto\/blue-puck-pir-mesh-idf25449-03a\/","title":{"rendered":"Blue PUCK PIR MESH (IDF25449-03A)"},"content":{"rendered":"<p>Adecuado para entornos industriales dif\u00edciles, combinando robustez, compacidad y longevidad, el Blue PUCK PIR Mesh incorpora la tecnolog\u00eda Wirepas Mesh. Este sensor es ideal para la detecci\u00f3n por infrarrojos de la presencia y el movimiento de personas en interiores. Su distancia de detecci\u00f3n puede ajustarse de 10 cm a 5 m en 4 niveles.<\/p>\n<p><span style=\"color: red;\">NB: El uso de un lector NFC para PC es imprescindible <a href=\"https:\/\/elainnovation.com\/es\/?attachment_id=38546\">&gt;&gt;Haz clic aqu\u00ed&lt;&lt;<\/a> para a\u00f1adirlo a tu cesta.<\/span><\/p>\n<p><strong>Producto fabricado por encargo. Nuestros equipos te comunicar\u00e1n los plazos de entrega. <\/strong><\/p>\n","protected":false},"excerpt":{"rendered":"<p>Sensor de presencia Wirepas Mesh<\/p>\n","protected":false},"featured_media":22802,"template":"","meta":{"_acf_changed":false,"inline_featured_image":false},"product_brand":[],"product_cat":[367],"product_tag":[],"class_list":{"0":"post-41971","1":"product","2":"type-product","3":"status-publish","4":"has-post-thumbnail","6":"product_cat-gama-de-mallas","8":"first","9":"instock","10":"taxable","11":"shipping-taxable","12":"purchasable","13":"product-type-simple"},"acf":[],"yoast_head":"<!-- This site is optimized with the Yoast SEO plugin v27.4 - https:\/\/yoast.com\/product\/yoast-seo-wordpress\/ -->\n<title>Blue PUCK PIR MESH (IDF25449-03A) - Prueba este sensor de presencia por infrarrojos<\/title>\n<meta name=\"description\" content=\"Sensor de presencia por infrarrojos con tecnolog\u00eda Wirepas Mesh. Ideal para la detecci\u00f3n de presencia por infrarrojos. Movimiento de personas en interiores.\" \/>\n<meta name=\"robots\" content=\"index, follow, max-snippet:-1, max-image-preview:large, max-video-preview:-1\" \/>\n<link rel=\"canonical\" href=\"https:\/\/elainnovation.com\/es\/producto\/blue-puck-pir-mesh-idf25449-03a\/\" \/>\n<meta property=\"og:locale\" content=\"es_ES\" \/>\n<meta property=\"og:type\" content=\"article\" \/>\n<meta property=\"og:title\" content=\"Blue PUCK PIR MESH (IDF25449-03A) - Prueba este sensor de presencia por infrarrojos\" \/>\n<meta property=\"og:description\" content=\"Sensor de presencia por infrarrojos con tecnolog\u00eda Wirepas Mesh. Ideal para la detecci\u00f3n de presencia por infrarrojos. Movimiento de personas en interiores.\" \/>\n<meta property=\"og:url\" content=\"https:\/\/elainnovation.com\/es\/producto\/blue-puck-pir-mesh-idf25449-03a\/\" \/>\n<meta property=\"og:site_name\" content=\"ELA Innovation\" \/>\n<meta property=\"article:publisher\" content=\"https:\/\/www.facebook.com\/ELA-Innovation-489302644542142\/\" \/>\n<meta property=\"article:modified_time\" content=\"2025-09-22T12:26:35+00:00\" \/>\n<meta property=\"og:image\" content=\"https:\/\/elainnovation.com\/wp-content\/uploads\/2023\/03\/Eshop-Blue-PUCK-PIR-MESH.jpg\" \/>\n\t<meta property=\"og:image:width\" content=\"600\" \/>\n\t<meta property=\"og:image:height\" content=\"300\" \/>\n\t<meta property=\"og:image:type\" content=\"image\/jpeg\" \/>\n<meta name=\"twitter:card\" content=\"summary_large_image\" \/>\n<meta name=\"twitter:site\" content=\"@ElaInnovation\" \/>\n<meta name=\"twitter:label1\" content=\"Tiempo de lectura\" \/>\n\t<meta name=\"twitter:data1\" content=\"1 minuto\" \/>\n<script type=\"application\/ld+json\" class=\"yoast-schema-graph\">{\"@context\":\"https:\\\/\\\/schema.org\",\"@graph\":[{\"@type\":\"WebPage\",\"@id\":\"https:\\\/\\\/elainnovation.com\\\/es\\\/producto\\\/blue-puck-pir-mesh-idf25449-03a\\\/\",\"url\":\"https:\\\/\\\/elainnovation.com\\\/es\\\/producto\\\/blue-puck-pir-mesh-idf25449-03a\\\/\",\"name\":\"Blue PUCK PIR MESH (IDF25449-03A) - Prueba este sensor de presencia por infrarrojos\",\"isPartOf\":{\"@id\":\"https:\\\/\\\/elainnovation.com\\\/es\\\/#website\"},\"primaryImageOfPage\":{\"@id\":\"https:\\\/\\\/elainnovation.com\\\/es\\\/producto\\\/blue-puck-pir-mesh-idf25449-03a\\\/#primaryimage\"},\"image\":{\"@id\":\"https:\\\/\\\/elainnovation.com\\\/es\\\/producto\\\/blue-puck-pir-mesh-idf25449-03a\\\/#primaryimage\"},\"thumbnailUrl\":\"https:\\\/\\\/elainnovation.com\\\/wp-content\\\/uploads\\\/2023\\\/03\\\/Eshop-Blue-PUCK-PIR-MESH.jpg\",\"datePublished\":\"2023-03-09T15:51:56+00:00\",\"dateModified\":\"2025-09-22T12:26:35+00:00\",\"description\":\"Sensor de presencia por infrarrojos con tecnolog\u00eda Wirepas Mesh. Ideal para la detecci\u00f3n de presencia por infrarrojos. Movimiento de personas en interiores.\",\"breadcrumb\":{\"@id\":\"https:\\\/\\\/elainnovation.com\\\/es\\\/producto\\\/blue-puck-pir-mesh-idf25449-03a\\\/#breadcrumb\"},\"inLanguage\":\"es\",\"potentialAction\":[{\"@type\":\"ReadAction\",\"target\":[\"https:\\\/\\\/elainnovation.com\\\/es\\\/producto\\\/blue-puck-pir-mesh-idf25449-03a\\\/\"]}]},{\"@type\":\"ImageObject\",\"inLanguage\":\"es\",\"@id\":\"https:\\\/\\\/elainnovation.com\\\/es\\\/producto\\\/blue-puck-pir-mesh-idf25449-03a\\\/#primaryimage\",\"url\":\"https:\\\/\\\/elainnovation.com\\\/wp-content\\\/uploads\\\/2023\\\/03\\\/Eshop-Blue-PUCK-PIR-MESH.jpg\",\"contentUrl\":\"https:\\\/\\\/elainnovation.com\\\/wp-content\\\/uploads\\\/2023\\\/03\\\/Eshop-Blue-PUCK-PIR-MESH.jpg\",\"width\":600,\"height\":300,\"caption\":\"Blue PUCK PIR MESH\"},{\"@type\":\"BreadcrumbList\",\"@id\":\"https:\\\/\\\/elainnovation.com\\\/es\\\/producto\\\/blue-puck-pir-mesh-idf25449-03a\\\/#breadcrumb\",\"itemListElement\":[{\"@type\":\"ListItem\",\"position\":1,\"name\":\"Home\",\"item\":\"https:\\\/\\\/elainnovation.com\\\/es\\\/\"},{\"@type\":\"ListItem\",\"position\":2,\"name\":\"Tienda\",\"item\":\"https:\\\/\\\/elainnovation.com\\\/es\\\/tienda\\\/\"},{\"@type\":\"ListItem\",\"position\":3,\"name\":\"Blue PUCK PIR MESH (IDF25449-03A)\"}]},{\"@type\":\"WebSite\",\"@id\":\"https:\\\/\\\/elainnovation.com\\\/es\\\/#website\",\"url\":\"https:\\\/\\\/elainnovation.com\\\/es\\\/\",\"name\":\"ELA Innovation\",\"description\":\"\",\"publisher\":{\"@id\":\"https:\\\/\\\/elainnovation.com\\\/es\\\/#organization\"},\"potentialAction\":[{\"@type\":\"SearchAction\",\"target\":{\"@type\":\"EntryPoint\",\"urlTemplate\":\"https:\\\/\\\/elainnovation.com\\\/es\\\/?s={search_term_string}\"},\"query-input\":{\"@type\":\"PropertyValueSpecification\",\"valueRequired\":true,\"valueName\":\"search_term_string\"}}],\"inLanguage\":\"es\"},{\"@type\":\"Organization\",\"@id\":\"https:\\\/\\\/elainnovation.com\\\/es\\\/#organization\",\"name\":\"ELA Innovation\",\"url\":\"https:\\\/\\\/elainnovation.com\\\/es\\\/\",\"logo\":{\"@type\":\"ImageObject\",\"inLanguage\":\"es\",\"@id\":\"https:\\\/\\\/elainnovation.com\\\/es\\\/#\\\/schema\\\/logo\\\/image\\\/\",\"url\":\"https:\\\/\\\/elainnovation.com\\\/wp-content\\\/uploads\\\/2020\\\/07\\\/LOGO-Ela-Innovation.png\",\"contentUrl\":\"https:\\\/\\\/elainnovation.com\\\/wp-content\\\/uploads\\\/2020\\\/07\\\/LOGO-Ela-Innovation.png\",\"width\":436,\"height\":240,\"caption\":\"ELA Innovation\"},\"image\":{\"@id\":\"https:\\\/\\\/elainnovation.com\\\/es\\\/#\\\/schema\\\/logo\\\/image\\\/\"},\"sameAs\":[\"https:\\\/\\\/www.facebook.com\\\/ELA-Innovation-489302644542142\\\/\",\"https:\\\/\\\/x.com\\\/ElaInnovation\",\"https:\\\/\\\/www.linkedin.com\\\/company\\\/elainnovation\\\/\"]}]}<\/script>\n<!-- \/ Yoast SEO plugin. -->","yoast_head_json":{"title":"Blue PUCK PIR MESH (IDF25449-03A) - Prueba este sensor de presencia por infrarrojos","description":"Sensor de presencia por infrarrojos con tecnolog\u00eda Wirepas Mesh. Ideal para la detecci\u00f3n de presencia por infrarrojos. Movimiento de personas en interiores.","robots":{"index":"index","follow":"follow","max-snippet":"max-snippet:-1","max-image-preview":"max-image-preview:large","max-video-preview":"max-video-preview:-1"},"canonical":"https:\/\/elainnovation.com\/es\/producto\/blue-puck-pir-mesh-idf25449-03a\/","og_locale":"es_ES","og_type":"article","og_title":"Blue PUCK PIR MESH (IDF25449-03A) - Prueba este sensor de presencia por infrarrojos","og_description":"Sensor de presencia por infrarrojos con tecnolog\u00eda Wirepas Mesh. Ideal para la detecci\u00f3n de presencia por infrarrojos. Movimiento de personas en interiores.","og_url":"https:\/\/elainnovation.com\/es\/producto\/blue-puck-pir-mesh-idf25449-03a\/","og_site_name":"ELA Innovation","article_publisher":"https:\/\/www.facebook.com\/ELA-Innovation-489302644542142\/","article_modified_time":"2025-09-22T12:26:35+00:00","og_image":[{"width":600,"height":300,"url":"https:\/\/elainnovation.com\/wp-content\/uploads\/2023\/03\/Eshop-Blue-PUCK-PIR-MESH.jpg","type":"image\/jpeg"}],"twitter_card":"summary_large_image","twitter_site":"@ElaInnovation","twitter_misc":{"Tiempo de lectura":"1 minuto"},"schema":{"@context":"https:\/\/schema.org","@graph":[{"@type":"WebPage","@id":"https:\/\/elainnovation.com\/es\/producto\/blue-puck-pir-mesh-idf25449-03a\/","url":"https:\/\/elainnovation.com\/es\/producto\/blue-puck-pir-mesh-idf25449-03a\/","name":"Blue PUCK PIR MESH (IDF25449-03A) - Prueba este sensor de presencia por infrarrojos","isPartOf":{"@id":"https:\/\/elainnovation.com\/es\/#website"},"primaryImageOfPage":{"@id":"https:\/\/elainnovation.com\/es\/producto\/blue-puck-pir-mesh-idf25449-03a\/#primaryimage"},"image":{"@id":"https:\/\/elainnovation.com\/es\/producto\/blue-puck-pir-mesh-idf25449-03a\/#primaryimage"},"thumbnailUrl":"https:\/\/elainnovation.com\/wp-content\/uploads\/2023\/03\/Eshop-Blue-PUCK-PIR-MESH.jpg","datePublished":"2023-03-09T15:51:56+00:00","dateModified":"2025-09-22T12:26:35+00:00","description":"Sensor de presencia por infrarrojos con tecnolog\u00eda Wirepas Mesh. Ideal para la detecci\u00f3n de presencia por infrarrojos. Movimiento de personas en interiores.","breadcrumb":{"@id":"https:\/\/elainnovation.com\/es\/producto\/blue-puck-pir-mesh-idf25449-03a\/#breadcrumb"},"inLanguage":"es","potentialAction":[{"@type":"ReadAction","target":["https:\/\/elainnovation.com\/es\/producto\/blue-puck-pir-mesh-idf25449-03a\/"]}]},{"@type":"ImageObject","inLanguage":"es","@id":"https:\/\/elainnovation.com\/es\/producto\/blue-puck-pir-mesh-idf25449-03a\/#primaryimage","url":"https:\/\/elainnovation.com\/wp-content\/uploads\/2023\/03\/Eshop-Blue-PUCK-PIR-MESH.jpg","contentUrl":"https:\/\/elainnovation.com\/wp-content\/uploads\/2023\/03\/Eshop-Blue-PUCK-PIR-MESH.jpg","width":600,"height":300,"caption":"Blue PUCK PIR MESH"},{"@type":"BreadcrumbList","@id":"https:\/\/elainnovation.com\/es\/producto\/blue-puck-pir-mesh-idf25449-03a\/#breadcrumb","itemListElement":[{"@type":"ListItem","position":1,"name":"Home","item":"https:\/\/elainnovation.com\/es\/"},{"@type":"ListItem","position":2,"name":"Tienda","item":"https:\/\/elainnovation.com\/es\/tienda\/"},{"@type":"ListItem","position":3,"name":"Blue PUCK PIR MESH (IDF25449-03A)"}]},{"@type":"WebSite","@id":"https:\/\/elainnovation.com\/es\/#website","url":"https:\/\/elainnovation.com\/es\/","name":"ELA Innovation","description":"","publisher":{"@id":"https:\/\/elainnovation.com\/es\/#organization"},"potentialAction":[{"@type":"SearchAction","target":{"@type":"EntryPoint","urlTemplate":"https:\/\/elainnovation.com\/es\/?s={search_term_string}"},"query-input":{"@type":"PropertyValueSpecification","valueRequired":true,"valueName":"search_term_string"}}],"inLanguage":"es"},{"@type":"Organization","@id":"https:\/\/elainnovation.com\/es\/#organization","name":"ELA Innovation","url":"https:\/\/elainnovation.com\/es\/","logo":{"@type":"ImageObject","inLanguage":"es","@id":"https:\/\/elainnovation.com\/es\/#\/schema\/logo\/image\/","url":"https:\/\/elainnovation.com\/wp-content\/uploads\/2020\/07\/LOGO-Ela-Innovation.png","contentUrl":"https:\/\/elainnovation.com\/wp-content\/uploads\/2020\/07\/LOGO-Ela-Innovation.png","width":436,"height":240,"caption":"ELA Innovation"},"image":{"@id":"https:\/\/elainnovation.com\/es\/#\/schema\/logo\/image\/"},"sameAs":["https:\/\/www.facebook.com\/ELA-Innovation-489302644542142\/","https:\/\/x.com\/ElaInnovation","https:\/\/www.linkedin.com\/company\/elainnovation\/"]}]}},"_links":{"self":[{"href":"https:\/\/elainnovation.com\/es\/wp-json\/wp\/v2\/product\/41971","targetHints":{"allow":["GET"]}}],"collection":[{"href":"https:\/\/elainnovation.com\/es\/wp-json\/wp\/v2\/product"}],"about":[{"href":"https:\/\/elainnovation.com\/es\/wp-json\/wp\/v2\/types\/product"}],"wp:featuredmedia":[{"embeddable":true,"href":"https:\/\/elainnovation.com\/es\/wp-json\/wp\/v2\/media\/22802"}],"wp:attachment":[{"href":"https:\/\/elainnovation.com\/es\/wp-json\/wp\/v2\/media?parent=41971"}],"wp:term":[{"taxonomy":"product_brand","embeddable":true,"href":"https:\/\/elainnovation.com\/es\/wp-json\/wp\/v2\/product_brand?post=41971"},{"taxonomy":"product_cat","embeddable":true,"href":"https:\/\/elainnovation.com\/es\/wp-json\/wp\/v2\/product_cat?post=41971"},{"taxonomy":"product_tag","embeddable":true,"href":"https:\/\/elainnovation.com\/es\/wp-json\/wp\/v2\/product_tag?post=41971"}],"curies":[{"name":"wp","href":"https:\/\/api.w.org\/{rel}","templated":true}]}}